{"id":84402,"date":"2025-12-04T23:28:24","date_gmt":"2025-12-04T20:28:24","guid":{"rendered":"https:\/\/baldumarket.lt\/product\/drewniany-stolik-dzieciecy-ad252-buk-oliwkowy\/"},"modified":"2026-02-04T00:24:53","modified_gmt":"2026-02-03T21:24:53","slug":"drewniany-stolik-dzieciecy-ad252-buk-oliwkowy","status":"publish","type":"product","link":"https:\/\/baldumarket.lt\/lt\/produktas\/drewniany-stolik-dzieciecy-ad252-buk-oliwkowy\/","title":{"rendered":"Medinis vaiki\u0161kas stalas AD252 alyvuogi\u0173 buko spalvos"},"content":{"rendered":"<p>AD252 stalas pagamintas i\u0161 tvirtos buko medienos ir pasi\u017eymi spalvinga vir\u0161utine apdaila. Galimos spalvos: geltona, ro\u017ein\u0117, balta, m\u0117lyna ir raudona. Derindami su skirting\u0173 spalv\u0173 tos pa\u010dios serijos (AD251) k\u0117d\u017ei\u0173 komplektu, galite sukurti spalving\u0105 ir jauki\u0105 \u017eaidim\u0173 aik\u0161tel\u0119 savo vaikui.<\/p>","protected":false},"excerpt":{"rendered":"<p>AD252 stalas pagamintas i\u0161 tvirtos buko medienos ir pasi\u017eymi spalvinga vir\u0161utine apdaila. Galimos spalvos: geltona, ro\u017ein\u0117, balta, m\u0117lyna ir raudona. Derindami su skirting\u0173 spalv\u0173 tos pa\u010dios serijos (AD251) k\u0117d\u017ei\u0173 komplektu, galite sukurti spalving\u0105 ir jauki\u0105 \u017eaidim\u0173 aik\u0161tel\u0119 savo vaikui.<\/p>","protected":false},"featured_media":84403,"comment_status":"open","ping_status":"open","template":"","meta":[],"product_brand":[],"product_cat":[2113,1934],"product_tag":[],"class_list":{"0":"post-84402","1":"product","2":"type-product","3":"status-publish","4":"has-post-thumbnail","6":"product_cat-drewmax","7":"product_cat-tables","9":"first","10":"instock","11":"purchasable","12":"product-type-simple"},"_links":{"self":[{"href":"https:\/\/baldumarket.lt\/lt\/wp-json\/wp\/v2\/product\/84402","targetHints":{"allow":["GET"]}}],"collection":[{"href":"https:\/\/baldumarket.lt\/lt\/wp-json\/wp\/v2\/product"}],"about":[{"href":"https:\/\/baldumarket.lt\/lt\/wp-json\/wp\/v2\/types\/product"}],"replies":[{"embeddable":true,"href":"https:\/\/baldumarket.lt\/lt\/wp-json\/wp\/v2\/comments?post=84402"}],"wp:featuredmedia":[{"embeddable":true,"href":"https:\/\/baldumarket.lt\/lt\/wp-json\/wp\/v2\/media\/84403"}],"wp:attachment":[{"href":"https:\/\/baldumarket.lt\/lt\/wp-json\/wp\/v2\/media?parent=84402"}],"wp:term":[{"taxonomy":"product_brand","embeddable":true,"href":"https:\/\/baldumarket.lt\/lt\/wp-json\/wp\/v2\/product_brand?post=84402"},{"taxonomy":"product_cat","embeddable":true,"href":"https:\/\/baldumarket.lt\/lt\/wp-json\/wp\/v2\/product_cat?post=84402"},{"taxonomy":"product_tag","embeddable":true,"href":"https:\/\/baldumarket.lt\/lt\/wp-json\/wp\/v2\/product_tag?post=84402"}],"curies":[{"name":"wp","href":"https:\/\/api.w.org\/{rel}","templated":true}]}}