{"id":84395,"date":"2025-12-04T23:28:18","date_gmt":"2025-12-04T20:28:18","guid":{"rendered":"https:\/\/baldumarket.lt\/product\/klocki-gra-zrecznosciowa-tajenga-ad100-olcha-surowy\/"},"modified":"2026-02-04T00:24:53","modified_gmt":"2026-02-03T21:24:53","slug":"klocki-gra-zrecznosciowa-tajenga-ad100-olcha-surowy","status":"publish","type":"product","link":"https:\/\/baldumarket.lt\/lt\/product\/klocki-gra-zrecznosciowa-tajenga-ad100-olcha-surowy\/","title":{"rendered":"TAJENGA \u017eaidim\u0173 \u017eaidimo kalad\u0117l\u0117s (AD100) i\u0161 neapdoroto alksnio"},"content":{"rendered":"<p>\u201eJenga AD100\u201c mediniai kalad\u0117l\u0117s yra klasikinis arkadinis \u017eaidimas, teikiantis pramogas tiek vaikams, tiek suaugusiems. Pagaminti i\u0161 auk\u0161tos kokyb\u0117s nat\u016bralios medienos, \u201eJenga AD100\u201c mediniai kalad\u0117l\u0117s yra puiki dovanos id\u0117ja visiems, kurie vertina pramogas ir lavina rank\u0173 miklum\u0105. Puikiai tinka \u0161eimos susib\u016brimams, vakar\u0117liams su draugais ar laisvalaikio praleidimui su vaikais.<\/p>","protected":false},"excerpt":{"rendered":"<p>\u201eJenga AD100\u201c mediniai kalad\u0117l\u0117s yra klasikinis arkadinis \u017eaidimas, teikiantis pramogas tiek vaikams, tiek suaugusiems. Pagaminti i\u0161 auk\u0161tos kokyb\u0117s nat\u016bralios medienos, \u201eJenga AD100\u201c mediniai kalad\u0117l\u0117s yra puiki dovanos id\u0117ja visiems, kurie vertina pramogas ir lavina rank\u0173 miklum\u0105. Puikiai tinka \u0161eimos susib\u016brimams, vakar\u0117liams su draugais ar kaip b\u016bdas praleisti laisvalaik\u012f [\u2026]<\/p>","protected":false},"featured_media":84396,"comment_status":"open","ping_status":"open","template":"","meta":[],"product_brand":[],"product_cat":[2113,1043],"product_tag":[],"class_list":{"0":"post-84395","1":"product","2":"type-product","3":"status-publish","4":"has-post-thumbnail","6":"product_cat-drewmax","7":"product_cat-extras","9":"first","10":"instock","11":"purchasable","12":"product-type-simple"},"_links":{"self":[{"href":"https:\/\/baldumarket.lt\/lt\/wp-json\/wp\/v2\/product\/84395","targetHints":{"allow":["GET"]}}],"collection":[{"href":"https:\/\/baldumarket.lt\/lt\/wp-json\/wp\/v2\/product"}],"about":[{"href":"https:\/\/baldumarket.lt\/lt\/wp-json\/wp\/v2\/types\/product"}],"replies":[{"embeddable":true,"href":"https:\/\/baldumarket.lt\/lt\/wp-json\/wp\/v2\/comments?post=84395"}],"wp:featuredmedia":[{"embeddable":true,"href":"https:\/\/baldumarket.lt\/lt\/wp-json\/wp\/v2\/media\/84396"}],"wp:attachment":[{"href":"https:\/\/baldumarket.lt\/lt\/wp-json\/wp\/v2\/media?parent=84395"}],"wp:term":[{"taxonomy":"product_brand","embeddable":true,"href":"https:\/\/baldumarket.lt\/lt\/wp-json\/wp\/v2\/product_brand?post=84395"},{"taxonomy":"product_cat","embeddable":true,"href":"https:\/\/baldumarket.lt\/lt\/wp-json\/wp\/v2\/product_cat?post=84395"},{"taxonomy":"product_tag","embeddable":true,"href":"https:\/\/baldumarket.lt\/lt\/wp-json\/wp\/v2\/product_tag?post=84395"}],"curies":[{"name":"wp","href":"https:\/\/api.w.org\/{rel}","templated":true}]}}