{"id":84394,"date":"2025-12-04T23:28:17","date_gmt":"2025-12-04T20:28:17","guid":{"rendered":"https:\/\/baldumarket.lt\/product\/krzeslo-debowe-kt300-dab-dark-2\/"},"modified":"2026-02-04T00:24:54","modified_gmt":"2026-02-03T21:24:54","slug":"krzeslo-debowe-kt300-dab-dark-2","status":"publish","type":"product","link":"https:\/\/baldumarket.lt\/lt\/product\/krzeslo-debowe-kt300-dab-dark-2\/","title":{"rendered":"\u0104\u017euolin\u0117 k\u0117d\u0117 KT300 tamsaus \u0105\u017euolo"},"content":{"rendered":"<p>Unikali KT300 \u0105\u017euolin\u0117 k\u0117d\u0117 pagaminta i\u0161 tvirtos \u0105\u017euolo medienos. Ji derina klasikin\u012f gro\u017e\u012f su moderniu funkcionalumu. I\u0161lenktas atlo\u0161as ne tik suteikia elegancijos, bet ir u\u017etikrina komfort\u0105, puikiai apgaubdamas nugar\u0105.<\/p>\n<p>K\u0117d\u0117s s\u0117dyn\u0117 yra apmu\u0161ta, tod\u0117l ji patogi net ir ilgai s\u0117dint. Platus apmu\u0161al\u0173 audini\u0173 pasirinkimas leid\u017eia pritaikyti k\u0117d\u0119 pagal individualius pageidavimus ir interjero charakter\u012f. Nesvarbu, ar m\u0117gstate subtilias, neutralias spalvas, ar ry\u0161kius akcentus, lengvai rasite tobul\u0105 apmu\u0161al\u0105.<\/p>\n<p>\u0104\u017euolin\u0117 k\u0117d\u0117 KT300 puikiai dera prie \u012fvairi\u0173 interjero stili\u0173 \u2013 nuo skandinavi\u0161ko iki klasikinio ir modernaus. D\u0117l auk\u0161tos kokyb\u0117s meistri\u0161kumo ir d\u0117mesio detal\u0117ms ji bus ne tik esteti\u0161kas, bet ir ilgaam\u017eis j\u016bs\u0173 nam\u0173 akcentas.<\/p>\n<p>M\u016bs\u0173 \u0105\u017euolin\u0117 k\u0117d\u0117 KT300 puikiai tinka valgomajam, svetainei ar net biurui \u2013 tai pasirinkimas, kuriame dera patvarumas, patogumas ir nesenstantis dizainas.<\/p>","protected":false},"excerpt":{"rendered":"<p>Unikali KT300 \u0105\u017euolin\u0117 k\u0117d\u0117 pagaminta i\u0161 tvirtos \u0105\u017euolo medienos. Ji derina klasikin\u012f gro\u017e\u012f su moderniu funkcionalumu. I\u0161lenktas atlo\u0161as ne tik suteikia elegancijos, bet ir u\u017etikrina komfort\u0105, puikiai apgaubdamas nugar\u0105. K\u0117d\u0117s s\u0117dyn\u0117 yra apmu\u0161ta, tod\u0117l patogu net ir ilgai s\u0117dint. Platus apmu\u0161al\u0173 audini\u0173 pasirinkimas leid\u017eia pritaikyti [\u2026]<\/p>","protected":false},"featured_media":84384,"comment_status":"open","ping_status":"open","template":"","meta":[],"product_brand":[],"product_cat":[9303,1930,2113],"product_tag":[],"class_list":{"0":"post-84394","1":"product","2":"type-product","3":"status-publish","4":"has-post-thumbnail","6":"product_cat-oak-furniture-drewmax","7":"product_cat-chairs","8":"product_cat-drewmax","9":"pa_upholstery-material-leather","11":"first","12":"instock","13":"purchasable","14":"product-type-simple"},"_links":{"self":[{"href":"https:\/\/baldumarket.lt\/lt\/wp-json\/wp\/v2\/product\/84394","targetHints":{"allow":["GET"]}}],"collection":[{"href":"https:\/\/baldumarket.lt\/lt\/wp-json\/wp\/v2\/product"}],"about":[{"href":"https:\/\/baldumarket.lt\/lt\/wp-json\/wp\/v2\/types\/product"}],"replies":[{"embeddable":true,"href":"https:\/\/baldumarket.lt\/lt\/wp-json\/wp\/v2\/comments?post=84394"}],"wp:featuredmedia":[{"embeddable":true,"href":"https:\/\/baldumarket.lt\/lt\/wp-json\/wp\/v2\/media\/84384"}],"wp:attachment":[{"href":"https:\/\/baldumarket.lt\/lt\/wp-json\/wp\/v2\/media?parent=84394"}],"wp:term":[{"taxonomy":"product_brand","embeddable":true,"href":"https:\/\/baldumarket.lt\/lt\/wp-json\/wp\/v2\/product_brand?post=84394"},{"taxonomy":"product_cat","embeddable":true,"href":"https:\/\/baldumarket.lt\/lt\/wp-json\/wp\/v2\/product_cat?post=84394"},{"taxonomy":"product_tag","embeddable":true,"href":"https:\/\/baldumarket.lt\/lt\/wp-json\/wp\/v2\/product_tag?post=84394"}],"curies":[{"name":"wp","href":"https:\/\/api.w.org\/{rel}","templated":true}]}}