{"id":84381,"date":"2025-12-04T23:28:04","date_gmt":"2025-12-04T20:28:04","guid":{"rendered":"https:\/\/baldumarket.lt\/product\/krzeslo-debowe-kt300-lite-dab-kakao\/"},"modified":"2026-02-04T00:24:56","modified_gmt":"2026-02-03T21:24:56","slug":"krzeslo-debowe-kt300-lite-dab-kakao","status":"publish","type":"product","link":"https:\/\/baldumarket.lt\/lt\/produktas\/krzeslo-debowe-kt300-lite-dab-kakao\/","title":{"rendered":"KT300 LITE \u0105\u017euolin\u0117 k\u0117d\u0117, kakavos spalvos \u0105\u017euolas"},"content":{"rendered":"<p>Unikali KT300 lite \u0105\u017euolin\u0117 k\u0117d\u0117 pagaminta i\u0161 tvirtos \u0105\u017euolo medienos. Ji derina klasikin\u012f gro\u017e\u012f su moderniu funkcionalumu. I\u0161lenktas atlo\u0161as ne tik suteikia elegancijos, bet ir u\u017etikrina komfort\u0105, puikiai apgaubdamas nugar\u0105.<\/p>\n<p>\u0104\u017euolin\u0117 k\u0117d\u0117 \u201eKT300 lite\u201c puikiai dera prie \u012fvairi\u0173 interjero stili\u0173 \u2013 nuo skandinavi\u0161ko iki klasikinio ir modernaus. D\u0117l auk\u0161tos kokyb\u0117s meistri\u0161kumo ir d\u0117mesio detal\u0117ms ji bus ne tik esteti\u0161kas papildymas, bet ir ilgaam\u017eis baldas j\u016bs\u0173 namuose.<\/p>\n<p>Puikiai tinkantis valgomajam, svetainei ar net biurui, m\u016bs\u0173 \u0105\u017euolin\u0117 k\u0117d\u0117 KT300 lite yra pasirinkimas, kuriame dera patvarumas, komfortas ir nesenstantis dizainas.<\/p>","protected":false},"excerpt":{"rendered":"<p>Unikali \u0105\u017euolin\u0117 k\u0117d\u0117 \u201eKT300 lite\u201c pagaminta i\u0161 tvirtos \u0105\u017euolo medienos. Ji derina klasikin\u012f gro\u017e\u012f su moderniu funkcionalumu. I\u0161lenktas atlo\u0161as ne tik suteikia elegancijos, bet ir u\u017etikrina komfort\u0105, puikiai apgaubdamas nugar\u0105. \u0104\u017euolin\u0117 k\u0117d\u0117 \u201eKT300 lite\u201c puikiai dera prie \u012fvairi\u0173 interjero stili\u0173 \u2013 nuo skandinavi\u0161ko iki klasikinio ir modernaus. A\u010di\u016b [\u2026]<\/p>","protected":false},"featured_media":84377,"comment_status":"open","ping_status":"open","template":"","meta":[],"product_brand":[],"product_cat":[9303,1930,2113],"product_tag":[],"class_list":{"0":"post-84381","1":"product","2":"type-product","3":"status-publish","4":"has-post-thumbnail","6":"product_cat-oak-furniture-drewmax","7":"product_cat-chairs","8":"product_cat-drewmax","10":"first","11":"instock","12":"purchasable","13":"product-type-simple"},"_links":{"self":[{"href":"https:\/\/baldumarket.lt\/lt\/wp-json\/wp\/v2\/product\/84381","targetHints":{"allow":["GET"]}}],"collection":[{"href":"https:\/\/baldumarket.lt\/lt\/wp-json\/wp\/v2\/product"}],"about":[{"href":"https:\/\/baldumarket.lt\/lt\/wp-json\/wp\/v2\/types\/product"}],"replies":[{"embeddable":true,"href":"https:\/\/baldumarket.lt\/lt\/wp-json\/wp\/v2\/comments?post=84381"}],"wp:featuredmedia":[{"embeddable":true,"href":"https:\/\/baldumarket.lt\/lt\/wp-json\/wp\/v2\/media\/84377"}],"wp:attachment":[{"href":"https:\/\/baldumarket.lt\/lt\/wp-json\/wp\/v2\/media?parent=84381"}],"wp:term":[{"taxonomy":"product_brand","embeddable":true,"href":"https:\/\/baldumarket.lt\/lt\/wp-json\/wp\/v2\/product_brand?post=84381"},{"taxonomy":"product_cat","embeddable":true,"href":"https:\/\/baldumarket.lt\/lt\/wp-json\/wp\/v2\/product_cat?post=84381"},{"taxonomy":"product_tag","embeddable":true,"href":"https:\/\/baldumarket.lt\/lt\/wp-json\/wp\/v2\/product_tag?post=84381"}],"curies":[{"name":"wp","href":"https:\/\/api.w.org\/{rel}","templated":true}]}}