{"id":84365,"date":"2025-12-04T23:27:39","date_gmt":"2025-12-04T20:27:39","guid":{"rendered":"https:\/\/baldumarket.lt\/product\/krzeslo-debowe-kt384-lite-dab-naturalny\/"},"modified":"2026-02-04T00:25:00","modified_gmt":"2026-02-03T21:25:00","slug":"krzeslo-debowe-kt384-lite-dab-naturalny","status":"publish","type":"product","link":"https:\/\/baldumarket.lt\/lt\/produktas\/krzeslo-debowe-kt384-lite-dab-naturalny\/","title":{"rendered":"\u0104\u017euolin\u0117 k\u0117d\u0117 KT384 LITE nat\u016bralus \u0105\u017euolas"},"content":{"rendered":"<p>\u0104\u017euolin\u0117 k\u0117d\u0117 KT384 \u2013 tai vidurio am\u017eiaus modernaus stiliaus \u012fkv\u0117ptas modelis, kuriame paprasta forma dera su rafinuota elegancija. Pagaminta i\u0161 tvirtos \u0105\u017euolo medienos, ji pasi\u017eymi grak\u0161\u010diu siluetu ir apvaliomis linijomis, suteikian\u010diomis bendram dizainui lengvumo ir harmonijos. Apmu\u0161ta s\u0117dyn\u0117 ir atlo\u0161as suteikia komforto, o d\u0117l plataus audini\u0173 pasirinkimo galite lengvai priderinti k\u0117d\u0119 prie savo interjero charakterio.<\/p>\n<p>KT384 k\u0117d\u0117 puikiai tinka nam\u0173 erdv\u0117ms, tokioms kaip valgomasis ar svetain\u0117, taip pat eleganti\u0161kiems restoranams ir vie\u0161bu\u010diams. \u0160is baldas derina funkcionalum\u0105 ir nesenstant\u012f dizain\u0105.<\/p>","protected":false},"excerpt":{"rendered":"<p>\u0104\u017euolin\u0117 k\u0117d\u0117 \u201eKT384\u201c \u2013 tai vidurio am\u017eiaus modernaus stiliaus \u012fkv\u0117ptas modelis, kuriame paprasta forma dera su rafinuota elegancija. Pagaminta i\u0161 tvirtos \u0105\u017euolo medienos, ji pasi\u017eymi lieknu siluetu ir apvaliomis linijomis, suteikian\u010diomis bendram dizainui lengvumo ir harmonijos. Apmu\u0161ta s\u0117dyn\u0117 ir atlo\u0161as suteikia komforto, o platus audini\u0173 pasirinkimas leid\u017eia rinktis [\u2026]<\/p>","protected":false},"featured_media":84355,"comment_status":"open","ping_status":"open","template":"","meta":[],"product_brand":[],"product_cat":[9303,1930,2113],"product_tag":[],"class_list":{"0":"post-84365","1":"product","2":"type-product","3":"status-publish","4":"has-post-thumbnail","6":"product_cat-oak-furniture-drewmax","7":"product_cat-chairs","8":"product_cat-drewmax","10":"first","11":"instock","12":"purchasable","13":"product-type-simple"},"_links":{"self":[{"href":"https:\/\/baldumarket.lt\/lt\/wp-json\/wp\/v2\/product\/84365","targetHints":{"allow":["GET"]}}],"collection":[{"href":"https:\/\/baldumarket.lt\/lt\/wp-json\/wp\/v2\/product"}],"about":[{"href":"https:\/\/baldumarket.lt\/lt\/wp-json\/wp\/v2\/types\/product"}],"replies":[{"embeddable":true,"href":"https:\/\/baldumarket.lt\/lt\/wp-json\/wp\/v2\/comments?post=84365"}],"wp:featuredmedia":[{"embeddable":true,"href":"https:\/\/baldumarket.lt\/lt\/wp-json\/wp\/v2\/media\/84355"}],"wp:attachment":[{"href":"https:\/\/baldumarket.lt\/lt\/wp-json\/wp\/v2\/media?parent=84365"}],"wp:term":[{"taxonomy":"product_brand","embeddable":true,"href":"https:\/\/baldumarket.lt\/lt\/wp-json\/wp\/v2\/product_brand?post=84365"},{"taxonomy":"product_cat","embeddable":true,"href":"https:\/\/baldumarket.lt\/lt\/wp-json\/wp\/v2\/product_cat?post=84365"},{"taxonomy":"product_tag","embeddable":true,"href":"https:\/\/baldumarket.lt\/lt\/wp-json\/wp\/v2\/product_tag?post=84365"}],"curies":[{"name":"wp","href":"https:\/\/api.w.org\/{rel}","templated":true}]}}