{"id":84345,"date":"2025-12-04T23:27:12","date_gmt":"2025-12-04T20:27:12","guid":{"rendered":"https:\/\/baldumarket.lt\/product\/stol-debowy-st305-dab-naturalny\/"},"modified":"2026-02-04T00:25:03","modified_gmt":"2026-02-03T21:25:03","slug":"stol-debowy-st305-dab-naturalny","status":"publish","type":"product","link":"https:\/\/baldumarket.lt\/lt\/produktas\/stol-debowy-st305-dab-naturalny\/","title":{"rendered":"\u0104\u017euolinis stalas ST305 nat\u016bralus \u0105\u017euolas"},"content":{"rendered":"<p>Apvalus \u0105\u017euolinis stalas ST305 yra skandinavi\u0161ko minimalizmo \u012fsik\u016bnijimas. Subtiliai nuo\u017eulnus ir apvalus stalvir\u0161is, pagamintas i\u0161 masyvi\u0173 \u0105\u017euolo lenteli\u0173, suteikia visai konstrukcijai lengvumo. Lenteli\u0173 strukt\u016bra, arba i\u0161ilgin\u0117s lentel\u0117s, sujungtos \u012f vientis\u0105 visum\u0105, i\u0161ry\u0161kina nat\u016bral\u0173 \u0105\u017euolo gro\u017e\u012f ir suteikia stalui unikal\u0173 charakter\u012f. Tvirta konstrukcija garantuoja patvarum\u0105 ir stabilum\u0105 ilgus metus.<\/p>\n<p>Vienas i\u0161 pagrindini\u0173 \u0161io stalo privalum\u0173 yra jo prailginimo funkcija. D\u0117l tikslaus mechanizmo stal\u0105 galima greitai ir lengvai prailginti, taip sukuriant papildomos vietos sve\u010diams. Be to, stalo prailginimus patogiai galima pasl\u0117pti po stalvir\u0161iu, taip taupant viet\u0105 ir palaikant tvark\u0105. \u0160is prakti\u0161kas sprendimas leid\u017eia stalui puikiai tikti tiek kasdieniam naudojimui, tiek didesniems susib\u016brimams.<\/p>","protected":false},"excerpt":{"rendered":"<p>Apvalus \u0105\u017euolinis stalas ST305 yra skandinavi\u0161ko minimalizmo \u012fsik\u016bnijimas. Subtiliai nuo\u017eulnus ir apvalus stalvir\u0161is, pagamintas i\u0161 masyvi\u0173 \u0105\u017euolo lenteli\u0173, suteikia visai konstrukcijai lengvumo. Lenteli\u0173 strukt\u016bra, arba i\u0161ilgin\u0117s lentel\u0117s, sujungtos \u012f vientis\u0105 visum\u0105, i\u0161ry\u0161kina nat\u016bral\u0173 \u0105\u017euolo gro\u017e\u012f, suteikdama stalui [\u2026]<\/p>","protected":false},"featured_media":84333,"comment_status":"open","ping_status":"open","template":"","meta":[],"product_brand":[],"product_cat":[9303,2113,1934],"product_tag":[],"class_list":{"0":"post-84345","1":"product","2":"type-product","3":"status-publish","4":"has-post-thumbnail","6":"product_cat-oak-furniture-drewmax","7":"product_cat-drewmax","8":"product_cat-tables","9":"pa_tabletop-2-cm-tabletop","10":"pa_tabletop-material-solid-lamellas","12":"first","13":"instock","14":"purchasable","15":"product-type-simple"},"_links":{"self":[{"href":"https:\/\/baldumarket.lt\/lt\/wp-json\/wp\/v2\/product\/84345","targetHints":{"allow":["GET"]}}],"collection":[{"href":"https:\/\/baldumarket.lt\/lt\/wp-json\/wp\/v2\/product"}],"about":[{"href":"https:\/\/baldumarket.lt\/lt\/wp-json\/wp\/v2\/types\/product"}],"replies":[{"embeddable":true,"href":"https:\/\/baldumarket.lt\/lt\/wp-json\/wp\/v2\/comments?post=84345"}],"wp:featuredmedia":[{"embeddable":true,"href":"https:\/\/baldumarket.lt\/lt\/wp-json\/wp\/v2\/media\/84333"}],"wp:attachment":[{"href":"https:\/\/baldumarket.lt\/lt\/wp-json\/wp\/v2\/media?parent=84345"}],"wp:term":[{"taxonomy":"product_brand","embeddable":true,"href":"https:\/\/baldumarket.lt\/lt\/wp-json\/wp\/v2\/product_brand?post=84345"},{"taxonomy":"product_cat","embeddable":true,"href":"https:\/\/baldumarket.lt\/lt\/wp-json\/wp\/v2\/product_cat?post=84345"},{"taxonomy":"product_tag","embeddable":true,"href":"https:\/\/baldumarket.lt\/lt\/wp-json\/wp\/v2\/product_tag?post=84345"}],"curies":[{"name":"wp","href":"https:\/\/api.w.org\/{rel}","templated":true}]}}