{"id":84325,"date":"2025-12-04T23:26:48","date_gmt":"2025-12-04T20:26:48","guid":{"rendered":"https:\/\/baldumarket.lt\/product\/stol-debowy-st306-dab-miodowy-2\/"},"modified":"2026-02-04T00:25:06","modified_gmt":"2026-02-03T21:25:06","slug":"stol-debowy-st306-dab-miodowy-2","status":"publish","type":"product","link":"https:\/\/baldumarket.lt\/lt\/product\/stol-debowy-st306-dab-miodowy-2\/","title":{"rendered":"\u0104\u017euolinis stalas ST306 medaus \u0105\u017euolo spalvos"},"content":{"rendered":"<p>Eleganti\u0161kas ir funkcionalus \u0105\u017euolinis ST306 stalas puikiai tinka bet kokiems namams. Pagamintas i\u0161 tvirtos \u0105\u017euolo medienos, jis pasi\u017eymi paprastu, ta\u010diau moderniu dizainu, kuris dera prie \u012fvairi\u0173 interjero stili\u0173 \u2013 nuo skandinavi\u0161ko iki modernaus. Tvirtos kojel\u0117s u\u017etikrina stabilum\u0105, o \u0161velniai nuo\u017eulnus ir apvalus stalvir\u0161is suteikia visai konstrukcijai lengvumo poj\u016bt\u012f.<\/p>\n<p>Vienas i\u0161 pagrindini\u0173 \u0161io stalo privalum\u0173 yra i\u0161traukiamas dizainas, tod\u0117l jis itin prakti\u0161kas didesniems \u0161eimos susib\u016brimams ar vakar\u0117liams. Papildomi stalo segmentai yra sumaniai pasl\u0117pti po stalvir\u0161iu, tod\u0117l j\u012f galima greitai ir lengvai i\u0161skleisti.<\/p>\n<p>I\u0161skleid\u017eiamas \u0105\u017euolinis stalas ST306 \u2013 tai puikus funkcionalumo ir estetikos derinys, neabejotinai tapsiantis j\u016bs\u0173 valgomojo ar svetain\u0117s traukos centru.<\/p>","protected":false},"excerpt":{"rendered":"<p>Eleganti\u0161kas ir funkcionalus \u0105\u017euolinis ST306 stalas puikiai tinka bet kokiems namams. Pagamintas i\u0161 tvirtos \u0105\u017euolo medienos, jis pasi\u017eymi paprastu, ta\u010diau moderniu dizainu, kuris dera prie \u012fvairi\u0173 interjero stili\u0173 \u2013 nuo skandinavi\u0161ko iki modernaus. Tvirtos kojel\u0117s u\u017etikrina stabilum\u0105, o \u0161velniai nuo\u017eulnus ir apvalus stalvir\u0161is suteikia visai konstrukcijai lengvumo poj\u016bt\u012f. Vienas i\u0161 [\u2026]<\/p>","protected":false},"featured_media":81663,"comment_status":"open","ping_status":"closed","template":"","meta":[],"product_brand":[],"product_cat":[9303,2113,1934],"product_tag":[],"class_list":{"0":"post-84325","1":"product","2":"type-product","3":"status-publish","4":"has-post-thumbnail","6":"product_cat-oak-furniture-drewmax","7":"product_cat-drewmax","8":"product_cat-tables","9":"pa_tabletop-2-cm-tabletop","10":"pa_tabletop-material-solid-lamellas","12":"first","13":"instock","14":"purchasable","15":"product-type-simple"},"_links":{"self":[{"href":"https:\/\/baldumarket.lt\/lt\/wp-json\/wp\/v2\/product\/84325","targetHints":{"allow":["GET"]}}],"collection":[{"href":"https:\/\/baldumarket.lt\/lt\/wp-json\/wp\/v2\/product"}],"about":[{"href":"https:\/\/baldumarket.lt\/lt\/wp-json\/wp\/v2\/types\/product"}],"replies":[{"embeddable":true,"href":"https:\/\/baldumarket.lt\/lt\/wp-json\/wp\/v2\/comments?post=84325"}],"wp:featuredmedia":[{"embeddable":true,"href":"https:\/\/baldumarket.lt\/lt\/wp-json\/wp\/v2\/media\/81663"}],"wp:attachment":[{"href":"https:\/\/baldumarket.lt\/lt\/wp-json\/wp\/v2\/media?parent=84325"}],"wp:term":[{"taxonomy":"product_brand","embeddable":true,"href":"https:\/\/baldumarket.lt\/lt\/wp-json\/wp\/v2\/product_brand?post=84325"},{"taxonomy":"product_cat","embeddable":true,"href":"https:\/\/baldumarket.lt\/lt\/wp-json\/wp\/v2\/product_cat?post=84325"},{"taxonomy":"product_tag","embeddable":true,"href":"https:\/\/baldumarket.lt\/lt\/wp-json\/wp\/v2\/product_tag?post=84325"}],"curies":[{"name":"wp","href":"https:\/\/api.w.org\/{rel}","templated":true}]}}