{"id":84311,"date":"2025-12-04T23:26:35","date_gmt":"2025-12-04T20:26:35","guid":{"rendered":"https:\/\/baldumarket.lt\/product\/sanki-drewniane-ad326-3m-buk-naturalny\/"},"modified":"2026-02-04T00:25:07","modified_gmt":"2026-02-03T21:25:07","slug":"sanki-drewniane-ad326-3m-buk-naturalny","status":"publish","type":"product","link":"https:\/\/baldumarket.lt\/lt\/product\/sanki-drewniane-ad326-3m-buk-naturalny\/","title":{"rendered":"Medin\u0117s rog\u0117s AD326\/3M, nat\u016bralus bukas"},"content":{"rendered":"<p>AD326\/3M medin\u0117s rog\u0117s<br \/>\nAD326\/3M rog\u0117s \u2013 tai klasikinis trij\u0173 kot\u0173 \u201cavin\u0173 rago\u201d modelis, pagamintas i\u0161 nat\u016bralios, tvirtos buko medienos. Tvirta konstrukcija u\u017etikrina ilgaam\u017ei\u0161kum\u0105 ir stabilum\u0105 va\u017eiuojant sniegu. S\u0117dyn\u0117 pagaminta i\u0161 patvaraus apmu\u0161alo su patraukliu raudonos ir m\u0117lynos spalvos ra\u0161tu, suteikian\u010diu rog\u0117ms unikal\u0173 stili\u0173. Pridedamas traukimo dir\u017eelis, atitinkantis s\u0117dyn\u0117s spalv\u0105, sukuriantis vientis\u0105 ir eleganti\u0161k\u0105 i\u0161vaizd\u0105.<\/p>\n<p>AD326\/3M rog\u0117s turi cinkuoto plieno b\u0117gius, u\u017etikrinan\u010dius skland\u0173 va\u017eiavim\u0105 ir i\u0161skirtin\u012f atsparum\u0105 oro s\u0105lygoms \u2013 b\u0117giai yra atspar\u016bs r\u016bdims ir labai patvar\u016bs. \u0160ios rog\u0117s puikiai tinka \u017eiemos pasivaik\u0161\u010diojimams ir \u017eaidimams, garantuojantys malonum\u0105 tiek vaikams, tiek suaugusiems.<\/p>\n<p>FUNKCIJOS<br \/>\nModelis: AD326\/3M<br \/>\nIlgis: 125 cm<br \/>\n3 stieb\u0173<br \/>\nMaksimali apkrova: 75 kg<br \/>\nPagaminta i\u0161 auk\u0161tos kokyb\u0117s buko medienos, tvirta ir patvari, tarnaus ilgus metus<br \/>\nLakuotas<br \/>\nS\u0117dyn\u0117 pagaminta i\u0161 itin patvaraus tinklo<br \/>\nB\u0117gikai, kalti i\u0161 cinkuoto lak\u0161tinio metalo, atspar\u016bs korozijai<br \/>\nPagaminta Lenkijoje<\/p>\n<p>SAUGOS SERTIFIKATAI<br \/>\nM\u016bs\u0173 rog\u0117s atitinka saugos reikalavimus.<br \/>\nJie turi T\u00dcV ir GS sertifikatus.<\/p>","protected":false},"excerpt":{"rendered":"<p>AD326\/3M medin\u0117s rog\u0117s AD326\/3M rog\u0117s yra klasikinis trij\u0173 kot\u0173 \u201cavin\u0173 rag\u0173\u201d modelis, pagamintas i\u0161 nat\u016bralios, tvirtos buko medienos. Tvirta konstrukcija u\u017etikrina ilgaam\u017ei\u0161kum\u0105 ir stabilum\u0105 va\u017eiuojant sniegu. S\u0117dyn\u0117 pagaminta i\u0161 patvaraus apmu\u0161alo su patraukliu raudonu ir m\u0117lynu ra\u0161tu, suteikian\u010diu rog\u0117ms unikal\u0173 stili\u0173. Traukiama [\u2026]<\/p>","protected":false},"featured_media":84312,"comment_status":"open","ping_status":"open","template":"","meta":[],"product_brand":[],"product_cat":[9251,9308,2113],"product_tag":[],"class_list":{"0":"post-84311","1":"product","2":"type-product","3":"status-publish","4":"has-post-thumbnail","6":"product_cat-musor","7":"product_cat-sanki-drewmax","8":"product_cat-drewmax","10":"first","11":"instock","12":"purchasable","13":"product-type-simple"},"_links":{"self":[{"href":"https:\/\/baldumarket.lt\/lt\/wp-json\/wp\/v2\/product\/84311","targetHints":{"allow":["GET"]}}],"collection":[{"href":"https:\/\/baldumarket.lt\/lt\/wp-json\/wp\/v2\/product"}],"about":[{"href":"https:\/\/baldumarket.lt\/lt\/wp-json\/wp\/v2\/types\/product"}],"replies":[{"embeddable":true,"href":"https:\/\/baldumarket.lt\/lt\/wp-json\/wp\/v2\/comments?post=84311"}],"wp:featuredmedia":[{"embeddable":true,"href":"https:\/\/baldumarket.lt\/lt\/wp-json\/wp\/v2\/media\/84312"}],"wp:attachment":[{"href":"https:\/\/baldumarket.lt\/lt\/wp-json\/wp\/v2\/media?parent=84311"}],"wp:term":[{"taxonomy":"product_brand","embeddable":true,"href":"https:\/\/baldumarket.lt\/lt\/wp-json\/wp\/v2\/product_brand?post=84311"},{"taxonomy":"product_cat","embeddable":true,"href":"https:\/\/baldumarket.lt\/lt\/wp-json\/wp\/v2\/product_cat?post=84311"},{"taxonomy":"product_tag","embeddable":true,"href":"https:\/\/baldumarket.lt\/lt\/wp-json\/wp\/v2\/product_tag?post=84311"}],"curies":[{"name":"wp","href":"https:\/\/api.w.org\/{rel}","templated":true}]}}