{"id":84301,"date":"2025-12-04T23:26:27","date_gmt":"2025-12-04T20:26:27","guid":{"rendered":"https:\/\/baldumarket.lt\/product\/uchwyt-do-sanek-15m-ad300\/"},"modified":"2026-02-04T00:25:07","modified_gmt":"2026-02-03T21:25:07","slug":"uchwyt-do-sanek-15m-ad300","status":"publish","type":"product","link":"https:\/\/baldumarket.lt\/lt\/product\/uchwyt-do-sanek-15m-ad300\/","title":{"rendered":"1,5 m AD300 rogu\u010di\u0173 laikiklis"},"content":{"rendered":"<p>AD300 1,5 m rogu\u010di\u0173 rankena \u2013 atsitiktin\u0117s virvel\u0117s spalvos<br \/>\nMedin\u0117 rogu\u010di\u0173 rankena AD300 su 1,5 metro ilgio virve yra funkcionalus priedas, palengvinantis rogu\u010di\u0173 valdym\u0105 \u017eiemos pramog\u0173 metu. Tvirta medin\u0117 rankena ir patvari virv\u0117 u\u017etikrina patog\u0173 ir saug\u0173 traukim\u0105. AD300 rankena idealiai tinka visiems m\u016bs\u0173 si\u016blomiems rogu\u010di\u0173 modeliams. Ji puikiai tinka bet kokiems \u017eiemos nuotykiams, u\u017etikrina komfort\u0105 ir kontrol\u0119 naudojantis rogut\u0117mis.<\/p>\n<p>FUNKCIJOS<br \/>\nBendras styg\u0173 ilgis \u2013 150 cm<br \/>\nRankenos matmenys: 13 x 2,5 cm<\/p>\n<p>Atsitiktin\u0117s eilut\u0117s spalvos<br \/>\nRogut\u0117s parduodamos atskirai \u2013 nuotrauka tik iliustraciniais tikslais.<\/p>","protected":false},"excerpt":{"rendered":"<p>AD300 1,5 m rogu\u010di\u0173 rankena \u2013 atsitiktin\u0117s virv\u0117s spalvos. Medin\u0117 AD300 rogu\u010di\u0173 rankena su 1,5 metro virve yra funkcionalus priedas, kuris palengvina rogu\u010di\u0173 valdym\u0105 \u017eiemos pramog\u0173 metu. Tvirta medin\u0117 rankena ir patvari virv\u0117 u\u017etikrina patog\u0173 ir saug\u0173 traukim\u0105. AD300 rankena idealiai tinka visiems m\u016bs\u0173 [\u2026] rogu\u010di\u0173 modeliams.<\/p>","protected":false},"featured_media":84302,"comment_status":"open","ping_status":"open","template":"","meta":[],"product_brand":[],"product_cat":[9251,2113],"product_tag":[],"class_list":{"0":"post-84301","1":"product","2":"type-product","3":"status-publish","4":"has-post-thumbnail","6":"product_cat-musor","7":"product_cat-drewmax","9":"first","10":"instock","11":"purchasable","12":"product-type-simple"},"_links":{"self":[{"href":"https:\/\/baldumarket.lt\/lt\/wp-json\/wp\/v2\/product\/84301","targetHints":{"allow":["GET"]}}],"collection":[{"href":"https:\/\/baldumarket.lt\/lt\/wp-json\/wp\/v2\/product"}],"about":[{"href":"https:\/\/baldumarket.lt\/lt\/wp-json\/wp\/v2\/types\/product"}],"replies":[{"embeddable":true,"href":"https:\/\/baldumarket.lt\/lt\/wp-json\/wp\/v2\/comments?post=84301"}],"wp:featuredmedia":[{"embeddable":true,"href":"https:\/\/baldumarket.lt\/lt\/wp-json\/wp\/v2\/media\/84302"}],"wp:attachment":[{"href":"https:\/\/baldumarket.lt\/lt\/wp-json\/wp\/v2\/media?parent=84301"}],"wp:term":[{"taxonomy":"product_brand","embeddable":true,"href":"https:\/\/baldumarket.lt\/lt\/wp-json\/wp\/v2\/product_brand?post=84301"},{"taxonomy":"product_cat","embeddable":true,"href":"https:\/\/baldumarket.lt\/lt\/wp-json\/wp\/v2\/product_cat?post=84301"},{"taxonomy":"product_tag","embeddable":true,"href":"https:\/\/baldumarket.lt\/lt\/wp-json\/wp\/v2\/product_tag?post=84301"}],"curies":[{"name":"wp","href":"https:\/\/api.w.org\/{rel}","templated":true}]}}