{"id":84296,"date":"2025-12-04T23:26:22","date_gmt":"2025-12-04T20:26:22","guid":{"rendered":"https:\/\/baldumarket.lt\/product\/sanki-drewniane-ad328-logo-drewmax-buk-naturalny\/"},"modified":"2026-02-04T00:25:07","modified_gmt":"2026-02-03T21:25:07","slug":"sanki-drewniane-ad328-logo-drewmax-buk-naturalny","status":"publish","type":"product","link":"https:\/\/baldumarket.lt\/lt\/product\/sanki-drewniane-ad328-logo-drewmax-buk-naturalny\/","title":{"rendered":"Medin\u0117s rog\u0117s AD328 LOGO DREWMAX nat\u016bralaus buko"},"content":{"rendered":"<p>Medin\u0117s rog\u0117s AD328 su logotipu DREWMAX<br \/>\nAD328\/2M \u2013 tvirtos, dviej\u0173 stieb\u0173 rog\u0117s, pagamintos i\u0161 tvirtos bukmed\u017eio medienos. D\u0117l stabilios konstrukcijos jos yra labai patvarios ir idealiai tinka ilgalaikiam ir intensyviam naudojimui. Jos turi eleganti\u0161kus, i\u0161 cinkuoto metalo kaltinius b\u0117gius, tod\u0117l yra atsparios r\u016bdijimui ir garantuoja skland\u0173 va\u017eiavim\u0105 net sud\u0117tingomis s\u0105lygomis.<\/p>\n<p>Juodos detal\u0117s b\u0117gik\u0173 galuose suteikia modernumo, o bendras dizainas u\u017etikrina komfort\u0105 ir saugum\u0105 \u017eiemos pramog\u0173 metu. Tai idealus pasirinkimas tiek pasivaik\u0161\u010diojimams, tiek dinami\u0161kiems nusileidimams nuo kaln\u0173.<\/p>\n<p>Medin\u0117 s\u0117dyn\u0117 papildomai aptraukta audiniu su \u201eDrewmax\u201c logotipu.<\/p>\n<p>FUNKCIJOS<br \/>\nModelis: AD328\/2M<br \/>\nIlgis: 100 cm<br \/>\nDviej\u0173 stieb\u0173<br \/>\nMaksimali apkrova: 95 kg<br \/>\nPagaminta i\u0161 auk\u0161tos kokyb\u0117s buko medienos, tvirta ir patvari, tarnaus ilgus metus<br \/>\nLakuotas<br \/>\nTvirtas ir stabilus<br \/>\nMedin\u0117 s\u0117dyn\u0117, papildomai aptraukta audiniu<br \/>\nB\u0117gikai, kalti i\u0161 cinkuoto lak\u0161tinio metalo, atspar\u016bs korozijai<br \/>\nPagaminta Lenkijoje<\/p>\n<p>SAUGOS SERTIFIKATAI<br \/>\nM\u016bs\u0173 rog\u0117s atitinka saugos reikalavimus.<br \/>\nJie yra sertifikuoti T\u00dcV Th\u00fcringen ir GS.<\/p>","protected":false},"excerpt":{"rendered":"<p>Medin\u0117s rog\u0117s AD328 LOGO DREWMAX AD328\/2M \u2013 tai tvirtos, dviej\u0173 stieb\u0173 rog\u0117s, pagamintos i\u0161 tvirtos buko medienos. D\u0117l stabilios konstrukcijos jos yra labai patvarios, tod\u0117l idealiai tinka ilgalaikiam ir intensyviam naudojimui. \u012erengtos eleganti\u0161kais b\u0117giais, pagamintais i\u0161 cinkuoto skardos, jos yra atsparios r\u016bdijimui ir garantuoja skland\u0173 va\u017eiavim\u0105 net sud\u0117tingomis s\u0105lygomis. Juodos detal\u0117s [\u2026]<\/p>","protected":false},"featured_media":84297,"comment_status":"open","ping_status":"open","template":"","meta":[],"product_brand":[],"product_cat":[9251,9308,2113],"product_tag":[],"class_list":{"0":"post-84296","1":"product","2":"type-product","3":"status-publish","4":"has-post-thumbnail","6":"product_cat-musor","7":"product_cat-sanki-drewmax","8":"product_cat-drewmax","10":"first","11":"instock","12":"purchasable","13":"product-type-simple"},"_links":{"self":[{"href":"https:\/\/baldumarket.lt\/lt\/wp-json\/wp\/v2\/product\/84296","targetHints":{"allow":["GET"]}}],"collection":[{"href":"https:\/\/baldumarket.lt\/lt\/wp-json\/wp\/v2\/product"}],"about":[{"href":"https:\/\/baldumarket.lt\/lt\/wp-json\/wp\/v2\/types\/product"}],"replies":[{"embeddable":true,"href":"https:\/\/baldumarket.lt\/lt\/wp-json\/wp\/v2\/comments?post=84296"}],"wp:featuredmedia":[{"embeddable":true,"href":"https:\/\/baldumarket.lt\/lt\/wp-json\/wp\/v2\/media\/84297"}],"wp:attachment":[{"href":"https:\/\/baldumarket.lt\/lt\/wp-json\/wp\/v2\/media?parent=84296"}],"wp:term":[{"taxonomy":"product_brand","embeddable":true,"href":"https:\/\/baldumarket.lt\/lt\/wp-json\/wp\/v2\/product_brand?post=84296"},{"taxonomy":"product_cat","embeddable":true,"href":"https:\/\/baldumarket.lt\/lt\/wp-json\/wp\/v2\/product_cat?post=84296"},{"taxonomy":"product_tag","embeddable":true,"href":"https:\/\/baldumarket.lt\/lt\/wp-json\/wp\/v2\/product_tag?post=84296"}],"curies":[{"name":"wp","href":"https:\/\/api.w.org\/{rel}","templated":true}]}}