{"id":84283,"date":"2025-12-04T23:26:04","date_gmt":"2025-12-04T20:26:04","guid":{"rendered":"https:\/\/baldumarket.lt\/product\/stolik-kawowy-debowy-st311-dab-kakao-11\/"},"modified":"2026-02-04T00:25:11","modified_gmt":"2026-02-03T21:25:11","slug":"stolik-kawowy-debowy-st311-dab-kakao-11","status":"publish","type":"product","link":"https:\/\/baldumarket.lt\/lt\/product\/stolik-kawowy-debowy-st311-dab-kakao-11\/","title":{"rendered":"\u0104\u017euolinis kavos staliukas ST311 kakavos \u0105\u017euolas"},"content":{"rendered":"<p>ST311 kavos staliukas pagamintas i\u0161 tvirto \u0105\u017euolo, tod\u0117l yra i\u0161skirtinio patvarumo ir nat\u016bralaus gro\u017eio. Paprastas, ta\u010diau eleganti\u0161kas dizainas puikiai tinka tiek klasikiniam, tiek moderniam interjerui. Matoma medienos tekst\u016bra i\u0161ry\u0161kina unikal\u0173 dizain\u0105, suteikdama jaukumo bet kokiam i\u0161d\u0117stymui.<\/p>\n<p>2,5 cm arba 4 cm storio stalvir\u0161is pagamintas i\u0161 tvirt\u0173 \u0105\u017euolo lenteli\u0173, u\u017etikrinan\u010di\u0173 patvarum\u0105 ir unikali\u0105 i\u0161vaizd\u0105. Lenteli\u0173, arba sujungt\u0173 i\u0161ilgini\u0173 lenteli\u0173, strukt\u016bra i\u0161ry\u0161kina nat\u016bral\u0173 \u0105\u017euolo gro\u017e\u012f, suteikdama stalui unikal\u0173 charakter\u012f.<\/p>\n<p>Galimi stalvir\u0161i\u0173 apdailos variantai:<\/p>\n<p>S3 \u2013 tiesi briauna, besit\u0119sianti u\u017e stalo kojos, suteikianti jai klasikin\u012f, eleganti\u0161k\u0105 poj\u016bt\u012f.<\/p>\n<p>S5 \u2013 tiesus kra\u0161tas, sulygiuotas su koja, sukuriantis minimalistin\u012f ir modernesn\u012f vaizd\u0105.<\/p>\n<p>Per\u017ei\u016br\u0117kite stalvir\u0161i\u0173 tekst\u016bras ir apdail\u0105.<\/p>","protected":false},"excerpt":{"rendered":"<p>ST311 kavos staliukas pagamintas i\u0161 \u0105\u017euolo masyvo, tod\u0117l yra i\u0161skirtinio patvarumo ir nat\u016bralaus gro\u017eio. Paprastas, ta\u010diau eleganti\u0161kas dizainas puikiai tinka tiek klasikiniam, tiek moderniam interjerui. Matoma medienos tekst\u016bra i\u0161ry\u0161kina unikal\u0173 dizain\u0105, suteikdama jaukumo bet kokiam i\u0161d\u0117stymui. 2,5 cm arba 4 cm storio stalvir\u0161is pagamintas i\u0161 \u0105\u017euolo masyvo [\u2026]<\/p>","protected":false},"featured_media":83054,"comment_status":"open","ping_status":"open","template":"","meta":[],"product_brand":[],"product_cat":[9303,2113,1934],"product_tag":[],"class_list":{"0":"post-84283","1":"product","2":"type-product","3":"status-publish","4":"has-post-thumbnail","6":"product_cat-oak-furniture-drewmax","7":"product_cat-drewmax","8":"product_cat-tables","10":"first","11":"instock","12":"purchasable","13":"product-type-simple"},"_links":{"self":[{"href":"https:\/\/baldumarket.lt\/lt\/wp-json\/wp\/v2\/product\/84283","targetHints":{"allow":["GET"]}}],"collection":[{"href":"https:\/\/baldumarket.lt\/lt\/wp-json\/wp\/v2\/product"}],"about":[{"href":"https:\/\/baldumarket.lt\/lt\/wp-json\/wp\/v2\/types\/product"}],"replies":[{"embeddable":true,"href":"https:\/\/baldumarket.lt\/lt\/wp-json\/wp\/v2\/comments?post=84283"}],"wp:featuredmedia":[{"embeddable":true,"href":"https:\/\/baldumarket.lt\/lt\/wp-json\/wp\/v2\/media\/83054"}],"wp:attachment":[{"href":"https:\/\/baldumarket.lt\/lt\/wp-json\/wp\/v2\/media?parent=84283"}],"wp:term":[{"taxonomy":"product_brand","embeddable":true,"href":"https:\/\/baldumarket.lt\/lt\/wp-json\/wp\/v2\/product_brand?post=84283"},{"taxonomy":"product_cat","embeddable":true,"href":"https:\/\/baldumarket.lt\/lt\/wp-json\/wp\/v2\/product_cat?post=84283"},{"taxonomy":"product_tag","embeddable":true,"href":"https:\/\/baldumarket.lt\/lt\/wp-json\/wp\/v2\/product_tag?post=84283"}],"curies":[{"name":"wp","href":"https:\/\/api.w.org\/{rel}","templated":true}]}}