{"id":84234,"date":"2025-12-04T23:25:00","date_gmt":"2025-12-04T20:25:00","guid":{"rendered":"https:\/\/baldumarket.lt\/product\/stolik-kawowy-bukowy-st175-buk-rustikal-3\/"},"modified":"2026-02-04T00:25:25","modified_gmt":"2026-02-03T21:25:25","slug":"stolik-kawowy-bukowy-st175-buk-rustikal-3","status":"publish","type":"product","link":"https:\/\/baldumarket.lt\/lt\/product\/stolik-kawowy-bukowy-st175-buk-rustikal-3\/","title":{"rendered":"Buko kavos staliukas ST175 kaimi\u0161ko buko"},"content":{"rendered":"<p>ST175 kavos staliukas pagamintas i\u0161 tvirtos buko medienos. Paprastas dizainas puikiai dera tiek su klasikiniu, tiek su moderniu interjeru. Matomas medienos ra\u0161tas i\u0161ry\u0161kina nat\u016bralios medienos gro\u017e\u012f. Galima rinktis sta\u010diakamp\u012f stalvir\u0161\u012f, kurio storis yra 2,5 cm arba pasirinktinai 4 cm.<\/p>","protected":false},"excerpt":{"rendered":"<p>ST175 kavos staliukas pagamintas i\u0161 tvirtos buko medienos. Paprastas dizainas puikiai dera tiek su klasikiniu, tiek su moderniu interjeru. Matomas medienos ra\u0161tas i\u0161ry\u0161kina nat\u016bralios medienos gro\u017e\u012f. Galima rinktis sta\u010diakamp\u012f stalvir\u0161\u012f, kurio storis yra 2,5 cm arba pasirinktinai 4 cm.<\/p>","protected":false},"featured_media":81678,"comment_status":"open","ping_status":"open","template":"","meta":[],"product_brand":[],"product_cat":[9304,9317,2113,1934],"product_tag":[],"class_list":{"0":"post-84234","1":"product","2":"type-product","3":"status-publish","4":"has-post-thumbnail","6":"product_cat-beech-furniture-drewmax","7":"product_cat-collection-rustikal-drewmax","8":"product_cat-drewmax","9":"product_cat-tables","11":"first","12":"instock","13":"purchasable","14":"product-type-simple"},"_links":{"self":[{"href":"https:\/\/baldumarket.lt\/lt\/wp-json\/wp\/v2\/product\/84234","targetHints":{"allow":["GET"]}}],"collection":[{"href":"https:\/\/baldumarket.lt\/lt\/wp-json\/wp\/v2\/product"}],"about":[{"href":"https:\/\/baldumarket.lt\/lt\/wp-json\/wp\/v2\/types\/product"}],"replies":[{"embeddable":true,"href":"https:\/\/baldumarket.lt\/lt\/wp-json\/wp\/v2\/comments?post=84234"}],"wp:featuredmedia":[{"embeddable":true,"href":"https:\/\/baldumarket.lt\/lt\/wp-json\/wp\/v2\/media\/81678"}],"wp:attachment":[{"href":"https:\/\/baldumarket.lt\/lt\/wp-json\/wp\/v2\/media?parent=84234"}],"wp:term":[{"taxonomy":"product_brand","embeddable":true,"href":"https:\/\/baldumarket.lt\/lt\/wp-json\/wp\/v2\/product_brand?post=84234"},{"taxonomy":"product_cat","embeddable":true,"href":"https:\/\/baldumarket.lt\/lt\/wp-json\/wp\/v2\/product_cat?post=84234"},{"taxonomy":"product_tag","embeddable":true,"href":"https:\/\/baldumarket.lt\/lt\/wp-json\/wp\/v2\/product_tag?post=84234"}],"curies":[{"name":"wp","href":"https:\/\/api.w.org\/{rel}","templated":true}]}}