{"id":84219,"date":"2025-12-04T23:24:39","date_gmt":"2025-12-04T20:24:39","guid":{"rendered":"https:\/\/baldumarket.lt\/product\/uchwyt-do-sanek-duo-holl-30m-ad299\/"},"modified":"2026-02-04T00:25:28","modified_gmt":"2026-02-03T21:25:28","slug":"uchwyt-do-sanek-duo-holl-30m-ad299","status":"publish","type":"product","link":"https:\/\/baldumarket.lt\/lt\/product\/uchwyt-do-sanek-duo-holl-30m-ad299\/","title":{"rendered":"DUO HOLL rogi\u0173 laikiklis 3,0 m AD299"},"content":{"rendered":"<p>DUO HOLL 3,0 m AD299 rogu\u010di\u0173 rankena<br \/>\nMedin\u0117 rogu\u010di\u0173 rankena AD299 su dvigubu virvele, kurios bendras ilgis yra 3 metrai, yra prakti\u0161kas ir patogus priedas, tinkantis visoms m\u016bs\u0173 asortimento rogut\u0117ms. D\u0117l tvirtos medin\u0117s rankenos ir patvaraus virvel\u0117s gaminys u\u017etikrina komfort\u0105 ir lengv\u0105 valdym\u0105.<\/p>\n<p>\u201eDUO HOLL\u201c modelis turi dvigub\u0105 lyn\u0105, kuris palengvina vairavim\u0105 ir leid\u017eia stabiliau traukti. Rogu\u010di\u0173 rankena AD299 DUO HOLL bus puikus j\u016bs\u0173 \u017eiemos \u012frangos papildymas, tod\u0117l kiekviena kelion\u0117 rogut\u0117mis bus malonesn\u0117 ir saugesn\u0117.<\/p>\n<p>FUNKCIJOS<br \/>\nBendras laido ilgis \u2013 300 cm, kiekvieno laido ilgis perlenkus per pus\u0119 \u2013 150 cm<br \/>\nRankenos matmenys: 13 x 2,5 cm<br \/>\nAtsitiktin\u0117s spalvos<br \/>\nRogut\u0117s parduodamos atskirai \u2013 nuotrauka tik iliustraciniais tikslais.<\/p>","protected":false},"excerpt":{"rendered":"<p>DUO HOLL 3,0 m AD299 rogu\u010di\u0173 rankena. Medin\u0117 rogu\u010di\u0173 rankena AD299 su dvigubu virvute, kurios bendras ilgis yra 3 metrai, yra prakti\u0161kas ir patogus priedas, tinkantis visoms m\u016bs\u0173 asortimento rogut\u0117ms. D\u0117l tvirtos medin\u0117s rankenos ir patvaraus virv\u0117s gaminys u\u017etikrina patogum\u0105 ir lengv\u0105 valdym\u0105. DUO HOLL modelis [\u2026]<\/p>","protected":false},"featured_media":84107,"comment_status":"open","ping_status":"open","template":"","meta":[],"product_brand":[],"product_cat":[9251,2113],"product_tag":[],"class_list":{"0":"post-84219","1":"product","2":"type-product","3":"status-publish","4":"has-post-thumbnail","6":"product_cat-musor","7":"product_cat-drewmax","9":"first","10":"instock","11":"purchasable","12":"product-type-simple"},"_links":{"self":[{"href":"https:\/\/baldumarket.lt\/lt\/wp-json\/wp\/v2\/product\/84219","targetHints":{"allow":["GET"]}}],"collection":[{"href":"https:\/\/baldumarket.lt\/lt\/wp-json\/wp\/v2\/product"}],"about":[{"href":"https:\/\/baldumarket.lt\/lt\/wp-json\/wp\/v2\/types\/product"}],"replies":[{"embeddable":true,"href":"https:\/\/baldumarket.lt\/lt\/wp-json\/wp\/v2\/comments?post=84219"}],"wp:featuredmedia":[{"embeddable":true,"href":"https:\/\/baldumarket.lt\/lt\/wp-json\/wp\/v2\/media\/84107"}],"wp:attachment":[{"href":"https:\/\/baldumarket.lt\/lt\/wp-json\/wp\/v2\/media?parent=84219"}],"wp:term":[{"taxonomy":"product_brand","embeddable":true,"href":"https:\/\/baldumarket.lt\/lt\/wp-json\/wp\/v2\/product_brand?post=84219"},{"taxonomy":"product_cat","embeddable":true,"href":"https:\/\/baldumarket.lt\/lt\/wp-json\/wp\/v2\/product_cat?post=84219"},{"taxonomy":"product_tag","embeddable":true,"href":"https:\/\/baldumarket.lt\/lt\/wp-json\/wp\/v2\/product_tag?post=84219"}],"curies":[{"name":"wp","href":"https:\/\/api.w.org\/{rel}","templated":true}]}}