{"id":84211,"date":"2025-12-04T23:24:30","date_gmt":"2025-12-04T20:24:30","guid":{"rendered":"https:\/\/baldumarket.lt\/product\/sanki-skladane-drewniane-ad423-2m-buk-naturalny\/"},"modified":"2026-02-04T00:25:29","modified_gmt":"2026-02-03T21:25:29","slug":"sanki-skladane-drewniane-ad423-2m-buk-naturalny","status":"publish","type":"product","link":"https:\/\/baldumarket.lt\/lt\/product\/sanki-skladane-drewniane-ad423-2m-buk-naturalny\/","title":{"rendered":"Medin\u0117s sulankstomos rog\u0117s AD423\/2M, nat\u016bralus bukas"},"content":{"rendered":"<p>AD423\/2M sulankstomos medin\u0117s rog\u0117s<br \/>\nSulankstomos rog\u0117s AD423\/2M yra tvirtas ir funkcionalus \u201cavin\u0173 rag\u0173\u201d modelis, pagamintas i\u0161 auk\u0161tos kokyb\u0117s nat\u016bralaus atspalvio buko medienos. Jos suteiks j\u016bs\u0173 vaikui visi\u0161k\u0105 komfort\u0105 \u017eiemos pasivaik\u0161\u010diojim\u0173 metu. I\u0161skirtinis \u0161i\u0173 rogi\u0173 bruo\u017eas yra sulankstomas dizainas, tod\u0117l jas lengva laikyti ir transportuoti. Cinkuoto plieno b\u0117giai yra atspar\u016bs r\u016bdijimui, u\u017etikrinant puik\u0173 patvarum\u0105 ir skland\u0173 va\u017eiavim\u0105, nepriklausomai nuo oro s\u0105lyg\u0173.<\/p>\n<p>Komplekte yra traukimo dir\u017eelis, kurio spalva dera su m\u0117lynais var\u017etais, suteikiantis rogut\u0117ms eleganti\u0161k\u0105 ir darni\u0105 i\u0161vaizd\u0105.<\/p>\n<p>FUNKCIJOS<br \/>\nModelis: AD423\/2M<br \/>\nIlgis: 95 cm<br \/>\nDviej\u0173 stieb\u0173<br \/>\nMaksimali apkrova: 90 kg<br \/>\nPagaminta i\u0161 auk\u0161tos kokyb\u0117s buko medienos, tvirta ir patvari, tarnaus ilgus metus<br \/>\nLakuotas<br \/>\nMedin\u0117 s\u0117dyn\u0117<br \/>\nB\u0117gikai, kalti i\u0161 cinkuoto lak\u0161tinio metalo, atspar\u016bs korozijai<br \/>\nPagaminta Lenkijoje<\/p>\n<p>SAUGOS SERTIFIKATAI<br \/>\nM\u016bs\u0173 rog\u0117s atitinka saugos reikalavimus.<br \/>\nJie yra sertifikuoti T\u00dcV Th\u00fcringen ir GS.<\/p>","protected":false},"excerpt":{"rendered":"<p>Sulankstomos medin\u0117s rog\u0117s AD423\/2M Sulankstomos medin\u0117s rog\u0117s AD423\/2M yra tvirtas ir funkcionalus \u201cavin\u0173 rag\u0173\u201d modelis, pagamintas i\u0161 auk\u0161tos kokyb\u0117s nat\u016bralaus atspalvio buko medienos. Jos suteiks j\u016bs\u0173 vaikui visi\u0161k\u0105 komfort\u0105 \u017eiemos pasivaik\u0161\u010diojim\u0173 metu. I\u0161skirtinis \u0161i\u0173 rogi\u0173 bruo\u017eas yra sulankstomas dizainas, tod\u0117l jas lengva laikyti ir transportuoti. Cinkuotos [\u2026]<\/p>","protected":false},"featured_media":84212,"comment_status":"open","ping_status":"open","template":"","meta":[],"product_brand":[],"product_cat":[9251,9308,2113],"product_tag":[],"class_list":{"0":"post-84211","1":"product","2":"type-product","3":"status-publish","4":"has-post-thumbnail","6":"product_cat-musor","7":"product_cat-sanki-drewmax","8":"product_cat-drewmax","10":"first","11":"instock","12":"purchasable","13":"product-type-simple"},"_links":{"self":[{"href":"https:\/\/baldumarket.lt\/lt\/wp-json\/wp\/v2\/product\/84211","targetHints":{"allow":["GET"]}}],"collection":[{"href":"https:\/\/baldumarket.lt\/lt\/wp-json\/wp\/v2\/product"}],"about":[{"href":"https:\/\/baldumarket.lt\/lt\/wp-json\/wp\/v2\/types\/product"}],"replies":[{"embeddable":true,"href":"https:\/\/baldumarket.lt\/lt\/wp-json\/wp\/v2\/comments?post=84211"}],"wp:featuredmedia":[{"embeddable":true,"href":"https:\/\/baldumarket.lt\/lt\/wp-json\/wp\/v2\/media\/84212"}],"wp:attachment":[{"href":"https:\/\/baldumarket.lt\/lt\/wp-json\/wp\/v2\/media?parent=84211"}],"wp:term":[{"taxonomy":"product_brand","embeddable":true,"href":"https:\/\/baldumarket.lt\/lt\/wp-json\/wp\/v2\/product_brand?post=84211"},{"taxonomy":"product_cat","embeddable":true,"href":"https:\/\/baldumarket.lt\/lt\/wp-json\/wp\/v2\/product_cat?post=84211"},{"taxonomy":"product_tag","embeddable":true,"href":"https:\/\/baldumarket.lt\/lt\/wp-json\/wp\/v2\/product_tag?post=84211"}],"curies":[{"name":"wp","href":"https:\/\/api.w.org\/{rel}","templated":true}]}}