{"id":84209,"date":"2025-12-04T23:24:27","date_gmt":"2025-12-04T20:24:27","guid":{"rendered":"https:\/\/baldumarket.lt\/product\/sanki-skladane-drewniane-ad424-3m-buk-naturalny\/"},"modified":"2026-02-04T00:25:30","modified_gmt":"2026-02-03T21:25:30","slug":"sanki-skladane-drewniane-ad424-3m-buk-naturalny","status":"publish","type":"product","link":"https:\/\/baldumarket.lt\/lt\/product\/sanki-skladane-drewniane-ad424-3m-buk-naturalny\/","title":{"rendered":"Medin\u0117s sulankstomos rog\u0117s AD424\/3M, nat\u016bralus bukas"},"content":{"rendered":"<p>AD424\/3M sulankstomos medin\u0117s rog\u0117s<br \/>\nAD424\/3M \u2013 tai kompakti\u0161kos sulankstomos rog\u0117s, pagamintos i\u0161 nat\u016bralios buko medienos masyvo. D\u0117l sulankstomos konstrukcijos jas lengva laikyti ir transportuoti, tod\u0117l tai idealus pasirinkimas \u017eiemos kelion\u0117ms. Cinkuoto plieno b\u0117giai yra atspar\u016bs r\u016bdijimui, u\u017etikrinantys patvarum\u0105 ir patikimum\u0105 kiekvienos kelion\u0117s metu, nepriklausomai nuo oro s\u0105lyg\u0173.<\/p>\n<p>Komplekte yra vilkimo dir\u017eas, kuris dera prie juod\u0173 var\u017et\u0173 ir sukuria vientis\u0105 bei eleganti\u0161k\u0105 vaizd\u0105.<\/p>\n<p>AD424\/3M \u2013 tai patikimos, lengvos ir kompakti\u0161kos rog\u0117s, kurios suteiks komforto ir malonumo kiekvienam \u017eiemos aktyvi\u0173 u\u017esi\u0117mim\u0173 entuziastui.<\/p>\n<p>FUNKCIJOS<\/p>\n<p>Modelis: AD424\/3M<br \/>\nIlgis: 110 cm<br \/>\n3 stieb\u0173<br \/>\nMaksimali apkrova: 90 kg<br \/>\nPagaminta i\u0161 auk\u0161tos kokyb\u0117s buko medienos, tvirta ir patvari, tarnaus ilgus metus<br \/>\nLakuotas<br \/>\nSulankstomas<br \/>\nMedin\u0117 s\u0117dyn\u0117<br \/>\nB\u0117gikai, kalti i\u0161 cinkuoto lak\u0161tinio metalo, atspar\u016bs korozijai<br \/>\nPagaminta Lenkijoje<\/p>\n<p>SAUGOS SERTIFIKATAI<br \/>\nM\u016bs\u0173 rog\u0117s atitinka saugos reikalavimus.<br \/>\nJie yra sertifikuoti T\u00dcV Th\u00fcringen ir GS.<\/p>","protected":false},"excerpt":{"rendered":"<p>Sulankstomos medin\u0117s rog\u0117s AD424\/3M AD424\/3M \u2013 tai kompakti\u0161kos sulankstomos rog\u0117s, pagamintos i\u0161 nat\u016bralios buko medienos masyvo. D\u0117l sulankstomos konstrukcijos jas lengva laikyti ir transportuoti, tod\u0117l tai idealus pasirinkimas \u017eiemos kelion\u0117ms. Cinkuoto plieno b\u0117giai yra atspar\u016bs r\u016bdijimui, u\u017etikrinantys patvarum\u0105 ir patikimum\u0105 kiekvienos kelion\u0117s metu, nepriklausomai nuo oro s\u0105lyg\u0173. [\u2026]<\/p>","protected":false},"featured_media":84210,"comment_status":"open","ping_status":"open","template":"","meta":[],"product_brand":[],"product_cat":[9251,9308,2113],"product_tag":[],"class_list":{"0":"post-84209","1":"product","2":"type-product","3":"status-publish","4":"has-post-thumbnail","6":"product_cat-musor","7":"product_cat-sanki-drewmax","8":"product_cat-drewmax","10":"first","11":"instock","12":"purchasable","13":"product-type-simple"},"_links":{"self":[{"href":"https:\/\/baldumarket.lt\/lt\/wp-json\/wp\/v2\/product\/84209","targetHints":{"allow":["GET"]}}],"collection":[{"href":"https:\/\/baldumarket.lt\/lt\/wp-json\/wp\/v2\/product"}],"about":[{"href":"https:\/\/baldumarket.lt\/lt\/wp-json\/wp\/v2\/types\/product"}],"replies":[{"embeddable":true,"href":"https:\/\/baldumarket.lt\/lt\/wp-json\/wp\/v2\/comments?post=84209"}],"wp:featuredmedia":[{"embeddable":true,"href":"https:\/\/baldumarket.lt\/lt\/wp-json\/wp\/v2\/media\/84210"}],"wp:attachment":[{"href":"https:\/\/baldumarket.lt\/lt\/wp-json\/wp\/v2\/media?parent=84209"}],"wp:term":[{"taxonomy":"product_brand","embeddable":true,"href":"https:\/\/baldumarket.lt\/lt\/wp-json\/wp\/v2\/product_brand?post=84209"},{"taxonomy":"product_cat","embeddable":true,"href":"https:\/\/baldumarket.lt\/lt\/wp-json\/wp\/v2\/product_cat?post=84209"},{"taxonomy":"product_tag","embeddable":true,"href":"https:\/\/baldumarket.lt\/lt\/wp-json\/wp\/v2\/product_tag?post=84209"}],"curies":[{"name":"wp","href":"https:\/\/api.w.org\/{rel}","templated":true}]}}