{"id":84188,"date":"2025-12-04T23:24:06","date_gmt":"2025-12-04T20:24:06","guid":{"rendered":"https:\/\/baldumarket.lt\/product\/sanki-skladane-ad424-d110-ad303czarn-zestaw-z-oparciem-czarnym-buk-naturalny\/"},"modified":"2026-02-04T00:25:30","modified_gmt":"2026-02-03T21:25:30","slug":"sanki-skladane-ad424-d110-ad303czarn-zestaw-z-oparciem-czarnym-buk-naturalny","status":"publish","type":"product","link":"https:\/\/baldumarket.lt\/lt\/product\/sanki-skladane-ad424-d110-ad303czarn-zestaw-z-oparciem-czarnym-buk-naturalny\/","title":{"rendered":"Sulankstomos rog\u0117s AD424\/D110\/AD303CZARN Komplektas su atlo\u0161u, juodas nat\u016bralus bukas"},"content":{"rendered":"<p>AD424\/D110\/AD303 Sulankstomos rog\u0117s, JUODOS, komplektas su juodu atlo\u0161u<br \/>\n\u0160\u012f komplekt\u0105 sudaro 110 cm ilgio medin\u0117s rogut\u0117s AD424\/3M ir juodas atlo\u0161as AD303.<\/p>\n<p>AD424\/3M SULANKSTOMOS MEDIN\u0116S ROGU\u010c\u0116S \u2013 ILGIS 110 CM<\/p>\n<p>AD424\/3M \u2013 kompakti\u0161kos sulankstomos rog\u0117s, pagamintos i\u0161 nat\u016bralios spalvos buko medienos masyvo. D\u0117l sulankstomos konstrukcijos jas lengva laikyti ir transportuoti, tod\u0117l tai idealus pasirinkimas \u017eiemos kelion\u0117ms. Cinkuoto plieno b\u0117giai yra atspar\u016bs r\u016bdijimui, u\u017etikrinantys patvarum\u0105 ir patikimum\u0105 kiekvienos kelion\u0117s metu, nepriklausomai nuo oro s\u0105lyg\u0173.<br \/>\nKomplekte yra vilkimo dir\u017eas, kuris dera prie juod\u0173 var\u017et\u0173 ir sukuria vientis\u0105 bei eleganti\u0161k\u0105 i\u0161vaizd\u0105. AD424\/3M modelis \u2013 tai patikimos, lengvos ir kompakti\u0161kos rog\u0117s, kurios suteiks komforto ir d\u017eiaugsmo kiekvienam \u017eiemos aktyvi\u0173 pramog\u0173 entuziastui.<\/p>\n<p>FUNKCIJOS<\/p>\n<p>Modelis: AD424\/3M<br \/>\nIlgis: 110 cm<br \/>\n3 stieb\u0173<br \/>\nMaksimali apkrova: 90 kg<br \/>\nPagaminta i\u0161 auk\u0161tos kokyb\u0117s buko medienos, tvirta ir patvari, tarnaus ilgus metus<br \/>\nLakuotas<br \/>\nSulankstomas<br \/>\nMedin\u0117 s\u0117dyn\u0117<br \/>\nB\u0117gikai, kalti i\u0161 cinkuoto lak\u0161tinio metalo, atspar\u016bs korozijai<br \/>\nPagaminta Lenkijoje<\/p>\n<p>SAUGOS SERTIFIKATAI<br \/>\nM\u016bs\u0173 rog\u0117s atitinka saugos reikalavimus.<br \/>\nJie yra sertifikuoti T\u00dcV Th\u00fcringen ir GS.<\/p>\n<p>PLASTIKINIS ATLO\u0160AS AD303 \u0160LIED\u0116MS, JUODAS<\/p>\n<p>Universalus AD303 rogu\u010di\u0173 atlo\u0161as, pagamintas i\u0161 auk\u0161tos kokyb\u0117s buko medienos ir lanks\u010di\u0173 plastikini\u0173 lenteli\u0173. Tai puikus sprendimas papildomam komfortui ir saugumui \u017eiemos pramog\u0173 su vaikais metu. Lanks\u010dios lentel\u0117s leid\u017eia lengvai reguliuoti atlo\u0161\u0105 pagal bet kok\u012f s\u0117dyn\u0117s plot\u012f, tod\u0117l jis itin universalus. Atlo\u0161as tinka visoms m\u016bs\u0173 asortimento rogut\u0117ms, o saugus var\u017et\u0173 tvirtinimas u\u017etikrina stabilum\u0105 ir lengv\u0105 surinkim\u0105. Tvirtinimo var\u017etai yra komplekte.<\/p>\n<p>FUNKCIJOS<\/p>\n<p>Modelis: AD303<br \/>\nPagaminta i\u0161 auk\u0161tos kokyb\u0117s buko medienos, tvirta ir patvari, tarnaus ilgus metus.<br \/>\nLanks\u010dios plastikin\u0117s juostel\u0117s leid\u017eia lengvai reguliuoti atlo\u0161\u0105 pagal bet kok\u012f s\u0117dyn\u0117s plot\u012f nuo 30 iki 50 cm.<br \/>\nBendras ilgis: 100 cm.<br \/>\nAtlo\u0161as tinka visoms m\u016bs\u0173 s\u0105ra\u0161e esan\u010dioms rogut\u0117ms.<br \/>\nAtlo\u0161as tiekiamas su tvirtinimo var\u017etais.<br \/>\nPlastikini\u0173 lenteli\u0173 spalva: JUODA<br \/>\nLakuotas<br \/>\nPagaminta Lenkijoje<\/p>","protected":false},"excerpt":{"rendered":"<p>AD424\/D110\/AD303 Sulankstomos rog\u0117s, JUODOS, komplektas su juodu atlo\u0161u. \u0160\u012f komplekt\u0105 sudaro 110 cm ilgio medin\u0117s rog\u0117s AD424\/3M ir juodas atlo\u0161as AD303. SULANKSTOMOS MEDIN\u0116S ROG\u0116S AD424\/3M \u2013 ILGIS 110 CM. AD424\/3M \u2013 tai kompakti\u0161kos sulankstomos rog\u0117s, pagamintos i\u0161 nat\u016bralios spalvos buko medienos masyvo. D\u0117l sulankstomos konstrukcijos jas lengva laikyti [\u2026]<\/p>","protected":false},"featured_media":84189,"comment_status":"open","ping_status":"open","template":"","meta":[],"product_brand":[],"product_cat":[9251,9308,2113],"product_tag":[],"class_list":{"0":"post-84188","1":"product","2":"type-product","3":"status-publish","4":"has-post-thumbnail","6":"product_cat-musor","7":"product_cat-sanki-drewmax","8":"product_cat-drewmax","10":"first","11":"instock","12":"purchasable","13":"product-type-simple"},"_links":{"self":[{"href":"https:\/\/baldumarket.lt\/lt\/wp-json\/wp\/v2\/product\/84188","targetHints":{"allow":["GET"]}}],"collection":[{"href":"https:\/\/baldumarket.lt\/lt\/wp-json\/wp\/v2\/product"}],"about":[{"href":"https:\/\/baldumarket.lt\/lt\/wp-json\/wp\/v2\/types\/product"}],"replies":[{"embeddable":true,"href":"https:\/\/baldumarket.lt\/lt\/wp-json\/wp\/v2\/comments?post=84188"}],"wp:featuredmedia":[{"embeddable":true,"href":"https:\/\/baldumarket.lt\/lt\/wp-json\/wp\/v2\/media\/84189"}],"wp:attachment":[{"href":"https:\/\/baldumarket.lt\/lt\/wp-json\/wp\/v2\/media?parent=84188"}],"wp:term":[{"taxonomy":"product_brand","embeddable":true,"href":"https:\/\/baldumarket.lt\/lt\/wp-json\/wp\/v2\/product_brand?post=84188"},{"taxonomy":"product_cat","embeddable":true,"href":"https:\/\/baldumarket.lt\/lt\/wp-json\/wp\/v2\/product_cat?post=84188"},{"taxonomy":"product_tag","embeddable":true,"href":"https:\/\/baldumarket.lt\/lt\/wp-json\/wp\/v2\/product_tag?post=84188"}],"curies":[{"name":"wp","href":"https:\/\/api.w.org\/{rel}","templated":true}]}}