{"id":84180,"date":"2025-12-04T23:23:58","date_gmt":"2025-12-04T20:23:58","guid":{"rendered":"https:\/\/baldumarket.lt\/product\/sanki-skladane-ad423-d95-ad310-zestaw-z-popychaczem-buk-naturalny\/"},"modified":"2026-02-04T00:25:31","modified_gmt":"2026-02-03T21:25:31","slug":"sanki-skladane-ad423-d95-ad310-zestaw-z-popychaczem-buk-naturalny","status":"publish","type":"product","link":"https:\/\/baldumarket.lt\/lt\/product\/sanki-skladane-ad423-d95-ad310-zestaw-z-popychaczem-buk-naturalny\/","title":{"rendered":"Sulankstomos rog\u0117s AD423\/D95\/AD310 komplektas su st\u016bmikliu, nat\u016bralus bukas"},"content":{"rendered":"<p>Sulankstom\u0173 rogu\u010di\u0173 AD423\/D95\/AD310 komplektas su st\u016bmikliu<br \/>\n\u0160\u012f rinkin\u012f sudaro 90 cm ilgio medin\u0117s rog\u0117s AD423\/2M ir rogi\u0173 st\u016bmiklis su atlo\u0161u AD310.<\/p>\n<p>SULANKSTOMOS MEDIN\u0116S ROGU\u010c\u0116S AD423\/2M<\/p>\n<p>Sulankstomos rog\u0117s AD423\/2M yra tvirtas ir funkcionalus \u201cavin\u0173 rag\u0173\u201d modelis, pagamintas i\u0161 auk\u0161tos kokyb\u0117s nat\u016bralaus atspalvio buko medienos. Jos suteiks j\u016bs\u0173 vaikui visi\u0161k\u0105 komfort\u0105 \u017eiemos pasivaik\u0161\u010diojim\u0173 metu. I\u0161skirtinis \u0161i\u0173 rogi\u0173 bruo\u017eas yra sulankstymo funkcija, tod\u0117l jas lengva laikyti ir transportuoti. Cinkuoto plieno b\u0117giai yra atspar\u016bs r\u016bdijimui, u\u017etikrinant puik\u0173 patvarum\u0105 ir skland\u0173 va\u017eiavim\u0105, nepriklausomai nuo oro s\u0105lyg\u0173.<\/p>\n<p>Komplekte yra traukimo dir\u017eelis, kurio spalva dera su m\u0117lynais var\u017etais, suteikiantis rogut\u0117ms eleganti\u0161k\u0105 ir darni\u0105 i\u0161vaizd\u0105.<\/p>\n<p>FUNKCIJOS<br \/>\nModelis: AD423\/2M<br \/>\n2 stieb\u0173<br \/>\nIlgis: 95 cm<br \/>\nMaksimali apkrova: 90 kg<br \/>\nPagaminta i\u0161 auk\u0161tos kokyb\u0117s buko medienos, tvirta ir patvari, tarnaus ilgus metus<br \/>\nLakuotas<br \/>\nMedin\u0117 s\u0117dyn\u0117<br \/>\nB\u0117gikai, kalti i\u0161 cinkuoto lak\u0161tinio metalo, atspar\u016bs korozijai<br \/>\nPagaminta Lenkijoje<\/p>\n<p>SAUGOS SERTIFIKATAI<br \/>\nM\u016bs\u0173 rog\u0117s atitinka saugos reikalavimus.<br \/>\nJie yra sertifikuoti T\u00dcV Th\u00fcringen ir GS.<\/p>\n<p>AD310 M\u0116LYNAS ROGU\u010cI\u0172 ST\u016aMIKLIS SU ATLO\u0160U<\/p>\n<p>Rogu\u010di\u0173 st\u016bmiklis AD310 yra tvirtas ir prakti\u0161kas aksesuaras, pagamintas i\u0161 auk\u0161tos kokyb\u0117s buko medienos. Jis leid\u017eia t\u0117vams patogiai stumti rogutes, u\u017etikrinant patog\u0173 ir saug\u0173 va\u017eiavim\u0105 j\u0173 vaikui. Atlo\u0161as dar labiau padidina stabilum\u0105 ir komfort\u0105. St\u016bmimo rankena tinka visiems m\u016bs\u0173 asortimento rogu\u010di\u0173 modeliams, o saugus var\u017et\u0173 tvirtinimas u\u017etikrina stabilum\u0105 va\u017eiavimo metu. AD310 st\u016bmimo rankena su atlo\u0161u leid\u017eia patogiau va\u017ein\u0117tis rogut\u0117mis tiek vaikui, tiek t\u0117vams, kurie gali lengvai kontroliuoti mar\u0161rut\u0105 ir greit\u012f.<\/p>\n<p>FUNKCIJOS<\/p>\n<p>Modelis: AD310<br \/>\nPagaminta i\u0161 auk\u0161tos kokyb\u0117s buko medienos, tvirta ir patvari, tarnaus ilgus metus<br \/>\nLakuotas<br \/>\nTinka visoms m\u016bs\u0173 asortimento rogut\u0117ms<br \/>\nReguliuojamas atlo\u0161o auk\u0161tis nuo 60 cm iki 88 cm<br \/>\nPridedami tvirtinimo var\u017etai<br \/>\nVar\u017eto spalva: m\u0117lyna<br \/>\nPagaminta Lenkijoje<\/p>","protected":false},"excerpt":{"rendered":"<p>Folding Sled AD423\/D95\/AD310 Set with Pusher This set includes the 90 cm long wooden sled AD423\/2M and the sled pusher with backrest AD310. FOLDING WOODEN SLEDGE AD423\/2M The folding sled AD423\/2M is a sturdy and functional &#8220;ram&#8217;s horn&#8221; model made of high-quality beech wood in a natural shade. It will provide your child with complete [&hellip;]<\/p>","protected":false},"featured_media":84181,"comment_status":"open","ping_status":"open","template":"","meta":[],"product_brand":[],"product_cat":[9251,9308,2113],"product_tag":[],"class_list":{"0":"post-84180","1":"product","2":"type-product","3":"status-publish","4":"has-post-thumbnail","6":"product_cat-musor","7":"product_cat-sanki-drewmax","8":"product_cat-drewmax","10":"first","11":"instock","12":"purchasable","13":"product-type-simple"},"_links":{"self":[{"href":"https:\/\/baldumarket.lt\/lt\/wp-json\/wp\/v2\/product\/84180","targetHints":{"allow":["GET"]}}],"collection":[{"href":"https:\/\/baldumarket.lt\/lt\/wp-json\/wp\/v2\/product"}],"about":[{"href":"https:\/\/baldumarket.lt\/lt\/wp-json\/wp\/v2\/types\/product"}],"replies":[{"embeddable":true,"href":"https:\/\/baldumarket.lt\/lt\/wp-json\/wp\/v2\/comments?post=84180"}],"wp:featuredmedia":[{"embeddable":true,"href":"https:\/\/baldumarket.lt\/lt\/wp-json\/wp\/v2\/media\/84181"}],"wp:attachment":[{"href":"https:\/\/baldumarket.lt\/lt\/wp-json\/wp\/v2\/media?parent=84180"}],"wp:term":[{"taxonomy":"product_brand","embeddable":true,"href":"https:\/\/baldumarket.lt\/lt\/wp-json\/wp\/v2\/product_brand?post=84180"},{"taxonomy":"product_cat","embeddable":true,"href":"https:\/\/baldumarket.lt\/lt\/wp-json\/wp\/v2\/product_cat?post=84180"},{"taxonomy":"product_tag","embeddable":true,"href":"https:\/\/baldumarket.lt\/lt\/wp-json\/wp\/v2\/product_tag?post=84180"}],"curies":[{"name":"wp","href":"https:\/\/api.w.org\/{rel}","templated":true}]}}