{"id":84169,"date":"2025-12-04T23:23:49","date_gmt":"2025-12-04T20:23:49","guid":{"rendered":"https:\/\/baldumarket.lt\/product\/sanki-skladane-ad424-d90-ad310-zestaw-z-popychaczem-buk-naturalny\/"},"modified":"2026-02-04T00:25:31","modified_gmt":"2026-02-03T21:25:31","slug":"sanki-skladane-ad424-d90-ad310-zestaw-z-popychaczem-buk-naturalny","status":"publish","type":"product","link":"https:\/\/baldumarket.lt\/lt\/product\/sanki-skladane-ad424-d90-ad310-zestaw-z-popychaczem-buk-naturalny\/","title":{"rendered":"Sulankstomos rog\u0117s AD424\/D90\/AD310 komplektas su st\u016bmikliu, nat\u016bralus bukas"},"content":{"rendered":"<p>AD424\/D90\/AD310 sulankstom\u0173 rogu\u010di\u0173 rinkinys su st\u016bmikliu<br \/>\n\u0160\u012f rinkin\u012f sudaro 90 cm ilgio medin\u0117s rog\u0117s AD424\/2M ir rogu\u010di\u0173 st\u016bmiklis AD310 su atlo\u0161u.<\/p>\n<p>AD424\/2M MEDIN\u0116S SULANKSTOMOS ROG\u0116S<\/p>\n<p>AD424\/2M rog\u0117s \u2013 tai kompakti\u0161kas modelis, pagamintas i\u0161 nat\u016bralios spalvos buko medienos masyvo. Sulankstoma konstrukcija leid\u017eia jas lengvai laikyti ir transportuoti, tod\u0117l tai idealus pasirinkimas \u017eiemos kelion\u0117ms. Cinkuoto plieno b\u0117giai yra atspar\u016bs r\u016bdijimui, u\u017etikrinantys patvarum\u0105 ir patikimum\u0105 kiekvienos kelion\u0117s metu, nepriklausomai nuo oro s\u0105lyg\u0173.<\/p>\n<p>Komplekte yra traukimo dir\u017eelis, kurio spalva derinama prie m\u0117lyn\u0173 var\u017et\u0173, sukuriant vientis\u0105 ir eleganti\u0161k\u0105 i\u0161vaizd\u0105. AD424 yra patikimos, lengvos ir kompakti\u0161kos rog\u0117s, kurios suteiks komforto ir d\u017eiaugsmo kiekvienam \u017eiemos aktyvi\u0173 u\u017esi\u0117mim\u0173 entuziastui.<\/p>\n<p>FUNKCIJOS<br \/>\nModelis: AD424\/2M<br \/>\nIlgis: 90 cm<br \/>\nDviej\u0173 stieb\u0173<br \/>\nMaksimali apkrova: 90 kg<br \/>\nPagaminta i\u0161 auk\u0161tos kokyb\u0117s buko medienos, tvirta ir patvari, tarnaus ilgus metus<br \/>\nLakuotas<br \/>\nSulankstomas<br \/>\nMedin\u0117 s\u0117dyn\u0117<br \/>\nB\u0117gikai, kalti i\u0161 cinkuoto lak\u0161tinio metalo, atspar\u016bs korozijai<br \/>\nPagaminta Lenkijoje<\/p>\n<p>SAUGOS SERTIFIKATAI<br \/>\nM\u016bs\u0173 rog\u0117s atitinka saugos reikalavimus.<br \/>\nJie yra sertifikuoti T\u00dcV Th\u00fcringen ir GS.<\/p>\n<p>AD310 M\u0116LYNAS ROGU\u010cI\u0172 ST\u016aMIKLIS SU ATLO\u0160U<\/p>\n<p>Rogu\u010di\u0173 st\u016bmiklis AD310 yra tvirtas ir prakti\u0161kas aksesuaras, pagamintas i\u0161 auk\u0161tos kokyb\u0117s buko medienos. Jis leid\u017eia t\u0117vams patogiai stumti rogutes, u\u017etikrinant patog\u0173 ir saug\u0173 va\u017eiavim\u0105 j\u0173 vaikui. Atlo\u0161as dar labiau padidina stabilum\u0105 ir komfort\u0105. St\u016bmimo rankena tinka visiems m\u016bs\u0173 asortimento rogu\u010di\u0173 modeliams, o saugus var\u017et\u0173 tvirtinimas u\u017etikrina stabilum\u0105 va\u017eiavimo metu. AD310 st\u016bmimo rankena su atlo\u0161u leid\u017eia patogiau va\u017ein\u0117tis rogut\u0117mis tiek vaikui, tiek t\u0117vams, kurie gali lengvai kontroliuoti mar\u0161rut\u0105 ir greit\u012f.<\/p>\n<p>FUNKCIJOS<\/p>\n<p>Modelis: AD310<br \/>\nPagaminta i\u0161 auk\u0161tos kokyb\u0117s buko medienos, tvirta ir patvari, tarnaus ilgus metus<br \/>\nLakuotas<br \/>\nTinka visoms m\u016bs\u0173 asortimento rogut\u0117ms<br \/>\nReguliuojamas atlo\u0161o auk\u0161tis nuo 60 cm iki 88 cm<br \/>\nPridedami tvirtinimo var\u017etai<br \/>\nVar\u017eto spalva: m\u0117lyna<br \/>\nPagaminta Lenkijoje<\/p>","protected":false},"excerpt":{"rendered":"<p>AD424\/D90\/AD310 Folding Sled Set with Pusher This set includes the AD424\/2M wooden sled, 90 cm long, and the AD310 sled pusher with backrest. AD424\/2M WOODEN FOLDING SLEDGE The AD424\/2M sled is a compact model made of solid beech wood in a natural color. Its foldable design makes it easy to store and transport, making it [&hellip;]<\/p>","protected":false},"featured_media":84170,"comment_status":"open","ping_status":"open","template":"","meta":[],"product_brand":[],"product_cat":[9251,9308,2113],"product_tag":[],"class_list":{"0":"post-84169","1":"product","2":"type-product","3":"status-publish","4":"has-post-thumbnail","6":"product_cat-musor","7":"product_cat-sanki-drewmax","8":"product_cat-drewmax","10":"first","11":"instock","12":"purchasable","13":"product-type-simple"},"_links":{"self":[{"href":"https:\/\/baldumarket.lt\/lt\/wp-json\/wp\/v2\/product\/84169","targetHints":{"allow":["GET"]}}],"collection":[{"href":"https:\/\/baldumarket.lt\/lt\/wp-json\/wp\/v2\/product"}],"about":[{"href":"https:\/\/baldumarket.lt\/lt\/wp-json\/wp\/v2\/types\/product"}],"replies":[{"embeddable":true,"href":"https:\/\/baldumarket.lt\/lt\/wp-json\/wp\/v2\/comments?post=84169"}],"wp:featuredmedia":[{"embeddable":true,"href":"https:\/\/baldumarket.lt\/lt\/wp-json\/wp\/v2\/media\/84170"}],"wp:attachment":[{"href":"https:\/\/baldumarket.lt\/lt\/wp-json\/wp\/v2\/media?parent=84169"}],"wp:term":[{"taxonomy":"product_brand","embeddable":true,"href":"https:\/\/baldumarket.lt\/lt\/wp-json\/wp\/v2\/product_brand?post=84169"},{"taxonomy":"product_cat","embeddable":true,"href":"https:\/\/baldumarket.lt\/lt\/wp-json\/wp\/v2\/product_cat?post=84169"},{"taxonomy":"product_tag","embeddable":true,"href":"https:\/\/baldumarket.lt\/lt\/wp-json\/wp\/v2\/product_tag?post=84169"}],"curies":[{"name":"wp","href":"https:\/\/api.w.org\/{rel}","templated":true}]}}