{"id":84167,"date":"2025-12-04T23:23:46","date_gmt":"2025-12-04T20:23:46","guid":{"rendered":"https:\/\/baldumarket.lt\/product\/oparcie-do-sanek-ad301-ad300-zestaw-ze-sznurkiem-buk-naturalny\/"},"modified":"2026-02-04T00:25:31","modified_gmt":"2026-02-03T21:25:31","slug":"oparcie-do-sanek-ad301-ad300-zestaw-ze-sznurkiem-buk-naturalny","status":"publish","type":"product","link":"https:\/\/baldumarket.lt\/lt\/product\/oparcie-do-sanek-ad301-ad300-zestaw-ze-sznurkiem-buk-naturalny\/","title":{"rendered":"Rogu\u010di\u0173 atlo\u0161as AD301\/AD300 komplektui su virve, nat\u016bralus bukas"},"content":{"rendered":"<p>AD301\/AD300 Rogu\u010di\u0173 atlo\u0161o komplektas su virve<br \/>\n\u012e \u0161\u012f komplekt\u0105 \u012feina AD301 rogu\u010di\u0173 atlo\u0161as ir AD300 rogu\u010di\u0173 rankena su virve.<\/p>\n<p>AD301 MEDINI\u0172 ROGU\u010cI\u0172 ATLO\u0160AS<\/p>\n<p>Tvirtas medinis AD301 rogu\u010di\u0173 atlo\u0161as u\u017etikrins, kad j\u016bs\u0173 ma\u017eylis patogiai ir saugiai leis laik\u0105 sniege. Atlo\u0161as pagamintas i\u0161 patvarios buko medienos, u\u017etikrinan\u010dios ilgalaik\u012f naudojim\u0105 ir stabilum\u0105 va\u017ein\u0117jant rogut\u0117mis. \u0160is atlo\u0161as suteikia j\u016bs\u0173 vaikui papildom\u0105 atram\u0105, suma\u017eina kritimo rizik\u0105 ir u\u017etikrina didesn\u012f saugum\u0105 va\u017ein\u0117jant rogut\u0117mis.<br \/>\nAD301 atlo\u0161as tinka daugumai rogi\u0173 modeli\u0173. Paprastas prisukamas montavimas u\u017etikrina greit\u0105 ir saug\u0173 pritvirtinim\u0105. Atlo\u0161o komplekte n\u0117ra tvirtinimo var\u017et\u0173.<\/p>\n<p>ATLO\u0160O SAVYB\u0116S:<br \/>\nModelis: AD301<br \/>\nMed\u017eiaga: buko mediena<br \/>\nSaugus tvirtinimas var\u017etais (var\u017etai nepridedami)<br \/>\nTinka daugumai rogu\u010di\u0173<br \/>\nLakuotas<br \/>\nPagaminta Lenkijoje<\/p>\n<p>AD300 1,5 m ROGI\u0172 RANKENA<\/p>\n<p>Medin\u0117 rogu\u010di\u0173 rankena AD300 su 1,5 metro ilgio virve yra funkcionalus priedas, palengvinantis rogu\u010di\u0173 valdym\u0105 \u017eiemos pramog\u0173 metu. Tvirta medin\u0117 rankena ir patvarus virv\u0117 u\u017etikrina patog\u0173 ir saug\u0173 traukim\u0105. AD300 rankena idealiai tinka visiems m\u016bs\u0173 asortimente esantiems rogu\u010di\u0173 modeliams. Ji puikiai tinka bet kokiems \u017eiemos nuotykiams, u\u017etikrinant komfort\u0105 ir kontrol\u0119 naudojantis rogut\u0117mis.<\/p>\n<p>FUNKCIJOS<br \/>\nBendras laido ilgis \u2013 150 cm<br \/>\nRankenos matmenys: 13 x 2,5 cm<br \/>\nAtsitiktin\u0117s spalvos<\/p>","protected":false},"excerpt":{"rendered":"<p>AD301\/AD300 Rogu\u010di\u0173 atlo\u0161o komplektas su virve \u0160\u012f komplekt\u0105 sudaro AD301 rogu\u010di\u0173 atlo\u0161as ir AD300 rogu\u010di\u0173 rankena su virve. AD301 MEDINI\u0172 ROGU\u010cI\u0172 ATLO\u0160AS Tvirtas medinis AD301 rogu\u010di\u0173 atlo\u0161as u\u017etikrins, kad j\u016bs\u0173 ma\u017eylis patogiai ir saugiai linksmint\u0173si sniege. Atlo\u0161as pagamintas i\u0161 patvarios buko medienos, u\u017etikrinan\u010dios ilgaam\u017ei\u0161kum\u0105 [\u2026]<\/p>","protected":false},"featured_media":84168,"comment_status":"open","ping_status":"open","template":"","meta":[],"product_brand":[],"product_cat":[2113,1043],"product_tag":[],"class_list":{"0":"post-84167","1":"product","2":"type-product","3":"status-publish","4":"has-post-thumbnail","6":"product_cat-drewmax","7":"product_cat-extras","9":"first","10":"instock","11":"purchasable","12":"product-type-simple"},"_links":{"self":[{"href":"https:\/\/baldumarket.lt\/lt\/wp-json\/wp\/v2\/product\/84167","targetHints":{"allow":["GET"]}}],"collection":[{"href":"https:\/\/baldumarket.lt\/lt\/wp-json\/wp\/v2\/product"}],"about":[{"href":"https:\/\/baldumarket.lt\/lt\/wp-json\/wp\/v2\/types\/product"}],"replies":[{"embeddable":true,"href":"https:\/\/baldumarket.lt\/lt\/wp-json\/wp\/v2\/comments?post=84167"}],"wp:featuredmedia":[{"embeddable":true,"href":"https:\/\/baldumarket.lt\/lt\/wp-json\/wp\/v2\/media\/84168"}],"wp:attachment":[{"href":"https:\/\/baldumarket.lt\/lt\/wp-json\/wp\/v2\/media?parent=84167"}],"wp:term":[{"taxonomy":"product_brand","embeddable":true,"href":"https:\/\/baldumarket.lt\/lt\/wp-json\/wp\/v2\/product_brand?post=84167"},{"taxonomy":"product_cat","embeddable":true,"href":"https:\/\/baldumarket.lt\/lt\/wp-json\/wp\/v2\/product_cat?post=84167"},{"taxonomy":"product_tag","embeddable":true,"href":"https:\/\/baldumarket.lt\/lt\/wp-json\/wp\/v2\/product_tag?post=84167"}],"curies":[{"name":"wp","href":"https:\/\/api.w.org\/{rel}","templated":true}]}}