{"id":84148,"date":"2025-12-04T23:23:27","date_gmt":"2025-12-04T20:23:27","guid":{"rendered":"https:\/\/baldumarket.lt\/product\/sanki-drewniane-ad322-d95-ad299-zestaw-ze-sznurkiem-duo-holl-buk-naturalny\/"},"modified":"2026-02-04T00:25:32","modified_gmt":"2026-02-03T21:25:32","slug":"sanki-drewniane-ad322-d95-ad299-zestaw-ze-sznurkiem-duo-holl-buk-naturalny","status":"publish","type":"product","link":"https:\/\/baldumarket.lt\/lt\/product\/sanki-drewniane-ad322-d95-ad299-zestaw-ze-sznurkiem-duo-holl-buk-naturalny\/","title":{"rendered":"Medin\u0117s rog\u0117s AD322\/D95\/AD299 Komplektas su virvele DUO HOLL nat\u016bralus bukas"},"content":{"rendered":"<p>AD322\/D95\/AD299 medini\u0173 rogu\u010di\u0173 komplektas su DUO HOLL virve<br \/>\n\u0160\u012f rinkin\u012f sudaro 95 cm ilgio medin\u0117s rog\u0117s AD322\/2M ir rogu\u010di\u0173 laikiklis AD299 DUO HOLL su dvigubu virvele.<\/p>\n<p>AD322\/2M MEDIN\u0116S ROGU\u010c\u0116S, 95 CM ILGIO<\/p>\n<p>Medin\u0117s rog\u0117s AD322\/2M yra klasikin\u0117s \u201cavin\u0173 rag\u0173\u201d formos, pagamintos i\u0161 nat\u016bralios, tvirtos buko medienos. Tvirta konstrukcija u\u017etikrina ilgaam\u017ei\u0161kum\u0105 ir stabilum\u0105 va\u017eiuojant sniegu. S\u0117dyn\u0117 pagaminta i\u0161 patvaraus austinio audinio su patraukliu raudonu ir juodu ra\u0161tu, suteikian\u010diu rog\u0117ms unikal\u0173 stili\u0173.<br \/>\nAD322\/2M rog\u0117s turi cinkuoto plieno b\u0117gius, u\u017etikrinan\u010dius skland\u0173 va\u017eiavim\u0105 ir i\u0161skirtin\u012f atsparum\u0105 oro s\u0105lygoms \u2013 b\u0117giai ner\u016bdija ir yra labai patvar\u016bs. \u0160ios rog\u0117s puikiai tinka \u017eiemos pasivaik\u0161\u010diojimams ir \u017eaidimams, garantuojantys malonum\u0105 tiek vaikams, tiek suaugusiems.<\/p>\n<p>FUNKCIJOS<br \/>\nModelis: AD322\/2M<br \/>\nIlgis: 95 cm<br \/>\nDviej\u0173 stieb\u0173<br \/>\nMaksimali apkrova: 50 kg<br \/>\nPagaminta i\u0161 auk\u0161tos kokyb\u0117s buko medienos, tvirta ir patvari, tarnaus ilgus metus<br \/>\nLakuotas<br \/>\nS\u0117dyn\u0117 pagaminta i\u0161 itin patvaraus apmu\u0161alo<br \/>\nB\u0117geliai, kalti i\u0161 cinkuoto lak\u0161tinio metalo, atspar\u016bs korozijai<br \/>\nPagaminta Lenkijoje<\/p>\n<p>SAUGOS SERTIFIKATAI<br \/>\nM\u016bs\u0173 rog\u0117s atitinka saugos reikalavimus. Jos yra sertifikuotos pagal T\u00dcV Th\u00fcringen ir GS standartus.<\/p>\n<p>DUO HOLL 3.0M AD299 ROGI\u0172 RANKENA<\/p>\n<p>Medin\u0117 rogu\u010di\u0173 rankena AD299 su dvigubu virvute, kurios bendras ilgis yra 3 metrai, yra prakti\u0161kas ir patogus priedas, tinkantis visoms m\u016bs\u0173 asortimento rogut\u0117ms. D\u0117l tvirtos medin\u0117s rankenos ir patvaraus virv\u0117s \u0161is gaminys u\u017etikrina patog\u0173 naudojim\u0105 ir lengv\u0105 vairavim\u0105.<\/p>\n<p>\u201eDUO HOLL\u201c modelis turi dvigub\u0105 virv\u0119, tod\u0117l j\u012f lengviau valdyti ir traukimas stabilesnis. \u201eAD299 DUO HOLL\u201c rogu\u010di\u0173 rankena bus puikus j\u016bs\u0173 \u017eiemos \u012frangos papildymas, tod\u0117l kiekviena rogu\u010di\u0173 kelion\u0117 bus malonesn\u0117 ir saugesn\u0117.<\/p>\n<p>FUNKCIJOS<br \/>\nBendras laido ilgis \u2013 300 cm, kiekvienas laidas, sulankstytas per pus\u0119, yra 150 cm ilgio.<br \/>\nRankenos matmenys: 13 x 2,5 cm<br \/>\nAtsitiktin\u0117s spalvos<\/p>","protected":false},"excerpt":{"rendered":"<p>AD322\/D95\/AD299 Medini\u0173 rogi\u0173 rinkinys su DUO HOLL virve \u0160\u012f rinkin\u012f sudaro 95 cm ilgio medin\u0117s rog\u0117s AD322\/2M ir AD299 DUO HOLL rogi\u0173 laikiklis su dviguba virve. AD322\/2M MEDIN\u0116S ROG\u0116S, 95 CM ILGIO AD322\/2M medin\u0117s rog\u0117s yra klasikin\u0117s \u201cavin\u0173 rag\u0173\u201d tipo rog\u0117s, pagamintos i\u0161 nat\u016bralios, tvirtos buko medienos. Tvirta konstrukcija u\u017etikrina ilgaam\u017ei\u0161kum\u0105 [\u2026]<\/p>","protected":false},"featured_media":84149,"comment_status":"open","ping_status":"open","template":"","meta":[],"product_brand":[],"product_cat":[9251,9308,2113],"product_tag":[],"class_list":{"0":"post-84148","1":"product","2":"type-product","3":"status-publish","4":"has-post-thumbnail","6":"product_cat-musor","7":"product_cat-sanki-drewmax","8":"product_cat-drewmax","10":"first","11":"instock","12":"purchasable","13":"product-type-simple"},"_links":{"self":[{"href":"https:\/\/baldumarket.lt\/lt\/wp-json\/wp\/v2\/product\/84148","targetHints":{"allow":["GET"]}}],"collection":[{"href":"https:\/\/baldumarket.lt\/lt\/wp-json\/wp\/v2\/product"}],"about":[{"href":"https:\/\/baldumarket.lt\/lt\/wp-json\/wp\/v2\/types\/product"}],"replies":[{"embeddable":true,"href":"https:\/\/baldumarket.lt\/lt\/wp-json\/wp\/v2\/comments?post=84148"}],"wp:featuredmedia":[{"embeddable":true,"href":"https:\/\/baldumarket.lt\/lt\/wp-json\/wp\/v2\/media\/84149"}],"wp:attachment":[{"href":"https:\/\/baldumarket.lt\/lt\/wp-json\/wp\/v2\/media?parent=84148"}],"wp:term":[{"taxonomy":"product_brand","embeddable":true,"href":"https:\/\/baldumarket.lt\/lt\/wp-json\/wp\/v2\/product_brand?post=84148"},{"taxonomy":"product_cat","embeddable":true,"href":"https:\/\/baldumarket.lt\/lt\/wp-json\/wp\/v2\/product_cat?post=84148"},{"taxonomy":"product_tag","embeddable":true,"href":"https:\/\/baldumarket.lt\/lt\/wp-json\/wp\/v2\/product_tag?post=84148"}],"curies":[{"name":"wp","href":"https:\/\/api.w.org\/{rel}","templated":true}]}}