{"id":84130,"date":"2025-12-04T23:23:11","date_gmt":"2025-12-04T20:23:11","guid":{"rendered":"https:\/\/baldumarket.lt\/product\/sanki-drewniane-ad323-d110-ad300-zestaw-ze-sznurkiem-buk-naturalny\/"},"modified":"2026-02-04T00:25:32","modified_gmt":"2026-02-03T21:25:32","slug":"sanki-drewniane-ad323-d110-ad300-zestaw-ze-sznurkiem-buk-naturalny","status":"publish","type":"product","link":"https:\/\/baldumarket.lt\/lt\/product\/sanki-drewniane-ad323-d110-ad300-zestaw-ze-sznurkiem-buk-naturalny\/","title":{"rendered":"Medin\u0117s rog\u0117s AD323\/D110\/AD300 komplektas su virvele, nat\u016bralus bukas"},"content":{"rendered":"<p>AD323\/D110\/AD300 medini\u0173 rogi\u0173 komplektas su virve<br \/>\n\u0160\u012f rinkin\u012f sudaro 110 cm ilgio medin\u0117s rog\u0117s AD323\/3M ir rogu\u010di\u0173 laikiklis AD300 su virve.<\/p>\n<p>AD323\/3M MEDIN\u0116S ROGU\u010c\u0116S, ILGIS 110 CM<\/p>\n<p>AD323 rog\u0117s \u2013 tai klasikin\u0117s trij\u0173 tilt\u0173 \u201cavin\u0173 rag\u0173\u201d rog\u0117s, pagamintos i\u0161 tvirtos buko medienos. Tvirta konstrukcija, didelis patvarumas ir didel\u0117 keliamoji galia idealiai tinka \u017eiemos pasivaik\u0161\u010diojimams ir nusileidimams nuokaln\u0117mis. Nat\u016bralios medienos apdaila suteikia joms eleganti\u0161k\u0105, nesenstant\u012f vaizd\u0105. Cinkuoto plieno b\u0117giai garantuoja skland\u0173 va\u017eiavim\u0105 ir yra atspar\u016bs r\u016bdijimui, u\u017etikrindami ilg\u0105 tarnavimo laik\u0105 net ir intensyviai naudojant \u012fvairiomis oro s\u0105lygomis.<\/p>\n<p>FUNKCIJOS<br \/>\nModelis: AD323\/3M<br \/>\nIlgis: 110 cm<br \/>\n3 tilt\u0173<br \/>\nMaksimali apkrova: 95 kg<br \/>\nPagaminta i\u0161 auk\u0161tos kokyb\u0117s buko medienos, tvirta ir patvari, tarnaus ilgus metus<br \/>\nLakuotas<br \/>\nMedin\u0117 s\u0117dyn\u0117<br \/>\nB\u0117gikai, kalti i\u0161 cinkuoto lak\u0161tinio metalo, atspar\u016bs korozijai<br \/>\nPagaminta Lenkijoje<\/p>\n<p>SAUGOS SERTIFIKATAI<\/p>\n<p>M\u016bs\u0173 rog\u0117s atitinka saugos reikalavimus.<br \/>\nJie yra sertifikuoti T\u00dcV Th\u00fcringen ir GS.<\/p>\n<p>AD300 1,5 m ROGI\u0172 RANKENA<\/p>\n<p>Medin\u0117 rogu\u010di\u0173 rankena AD300 su 1,5 metro ilgio virve yra funkcionalus priedas, palengvinantis rogu\u010di\u0173 valdym\u0105 \u017eiemos pramog\u0173 metu. Tvirta medin\u0117 rankena ir patvarus virv\u0117 u\u017etikrina patog\u0173 ir saug\u0173 traukim\u0105. AD300 rankena idealiai tinka visiems m\u016bs\u0173 si\u016blomiems rogu\u010di\u0173 modeliams. Puikiai tinka bet kokiems \u017eiemos nuotykiams, ji u\u017etikrina komfort\u0105 ir kontrol\u0119 va\u017ein\u0117jantis rogut\u0117mis.<\/p>\n<p>FUNKCIJOS<br \/>\nBendras styg\u0173 ilgis: 150 cm<br \/>\nRankenos matmenys: 13 x 2,5 cm<br \/>\nAtsitiktin\u0117s spalvos<\/p>","protected":false},"excerpt":{"rendered":"<p>AD323\/D110\/AD300 medini\u0173 rogi\u0173 komplektas su virve. \u0160\u012f komplekt\u0105 sudaro 110 cm ilgio medin\u0117s rog\u0117s AD323\/3M ir AD300 rogi\u0173 laikiklis su virve. AD323\/3M MEDIN\u0116S ROGU\u010c\u0116S, ILGIS 110 CM. AD323 rog\u0117s yra klasikin\u0117s trij\u0173 tilt\u0173 \u201cavin\u0173 rag\u0173\u201d rog\u0117s, pagamintos i\u0161 tvirtos buko medienos. Tvirta konstrukcija, didelis patvarumas ir didel\u0117 keliamoji galia leid\u017eia [\u2026]<\/p>","protected":false},"featured_media":84131,"comment_status":"open","ping_status":"open","template":"","meta":[],"product_brand":[],"product_cat":[9251,9308,2113],"product_tag":[],"class_list":{"0":"post-84130","1":"product","2":"type-product","3":"status-publish","4":"has-post-thumbnail","6":"product_cat-musor","7":"product_cat-sanki-drewmax","8":"product_cat-drewmax","10":"first","11":"instock","12":"purchasable","13":"product-type-simple"},"_links":{"self":[{"href":"https:\/\/baldumarket.lt\/lt\/wp-json\/wp\/v2\/product\/84130","targetHints":{"allow":["GET"]}}],"collection":[{"href":"https:\/\/baldumarket.lt\/lt\/wp-json\/wp\/v2\/product"}],"about":[{"href":"https:\/\/baldumarket.lt\/lt\/wp-json\/wp\/v2\/types\/product"}],"replies":[{"embeddable":true,"href":"https:\/\/baldumarket.lt\/lt\/wp-json\/wp\/v2\/comments?post=84130"}],"wp:featuredmedia":[{"embeddable":true,"href":"https:\/\/baldumarket.lt\/lt\/wp-json\/wp\/v2\/media\/84131"}],"wp:attachment":[{"href":"https:\/\/baldumarket.lt\/lt\/wp-json\/wp\/v2\/media?parent=84130"}],"wp:term":[{"taxonomy":"product_brand","embeddable":true,"href":"https:\/\/baldumarket.lt\/lt\/wp-json\/wp\/v2\/product_brand?post=84130"},{"taxonomy":"product_cat","embeddable":true,"href":"https:\/\/baldumarket.lt\/lt\/wp-json\/wp\/v2\/product_cat?post=84130"},{"taxonomy":"product_tag","embeddable":true,"href":"https:\/\/baldumarket.lt\/lt\/wp-json\/wp\/v2\/product_tag?post=84130"}],"curies":[{"name":"wp","href":"https:\/\/api.w.org\/{rel}","templated":true}]}}