{"id":84108,"date":"2025-12-04T23:22:50","date_gmt":"2025-12-04T20:22:50","guid":{"rendered":"https:\/\/baldumarket.lt\/product\/sanki-drewniane-ad324-d110-ad299-zestaw-ze-sznurkiem-duo-holl-buk-naturalny\/"},"modified":"2026-02-04T00:25:33","modified_gmt":"2026-02-03T21:25:33","slug":"sanki-drewniane-ad324-d110-ad299-zestaw-ze-sznurkiem-duo-holl-buk-naturalny","status":"publish","type":"product","link":"https:\/\/baldumarket.lt\/lt\/product\/sanki-drewniane-ad324-d110-ad299-zestaw-ze-sznurkiem-duo-holl-buk-naturalny\/","title":{"rendered":"Medin\u0117s rog\u0117s AD324\/D110\/AD299 Komplektas su virvele DUO HOLL nat\u016bralus bukas"},"content":{"rendered":"<p>Medini\u0173 rogu\u010di\u0173 AD324\/D110\/AD299 komplektas su DUO HOLL virve<br \/>\n\u0160\u012f rinkin\u012f sudaro 110 cm ilgio medin\u0117s rog\u0117s AD324\/3M ir rogu\u010di\u0173 laikiklis DUO HOLL su dviguba virve AD299.<\/p>\n<p>MEDIN\u0116S ROGU\u010c\u0116S AD324\/3M \u2013 ILGIS 110 CM<\/p>\n<p>AD324\/3M \u2013 tai tvirtos, trij\u0173 stieb\u0173 rog\u0117s, pagamintos i\u0161 tvirtos buko medienos. D\u0117l stabilios konstrukcijos jos yra labai patvarios ir idealiai tinka ilgalaikiam ir intensyviam naudojimui. Jos turi eleganti\u0161kus b\u0117gelius, pagamintus i\u0161 cinkuoto metalo lak\u0161to, tod\u0117l yra atsparios r\u016bdijimui ir garantuoja skland\u0173 va\u017eiavim\u0105 net sud\u0117tingomis s\u0105lygomis.<\/p>\n<p>Raudonos detal\u0117s b\u0117gik\u0173 galuose suteikia rog\u0117ms modernumo, o bendras dizainas u\u017etikrina komfort\u0105 ir saugum\u0105 \u017eiemos pramog\u0173 metu. Tai idealus pasirinkimas tiek pasivaik\u0161\u010diojimams, tiek dinami\u0161kiems nusileidimams nuo kalno.<\/p>\n<p>FUNKCIJOS<\/p>\n<p>Modelis: AD324\/3M<br \/>\nIlgis: 110 cm<br \/>\n3 tilt\u0173<br \/>\nMaksimali apkrova: 110 kg<br \/>\nPagaminta i\u0161 auk\u0161tos kokyb\u0117s buko medienos, tvirta ir patvari, tarnaus ilgus metus<br \/>\nLakuotas<br \/>\nMedin\u0117 s\u0117dyn\u0117<br \/>\nB\u0117gikai, kalti i\u0161 cinkuoto lak\u0161tinio metalo, atspar\u016bs korozijai<br \/>\nPagaminta Lenkijoje<\/p>\n<p>SAUGOS SERTIFIKATAI<br \/>\nM\u016bs\u0173 rog\u0117s atitinka saugos reikalavimus.<br \/>\nJie yra sertifikuoti T\u00dcV Th\u00fcringen ir GS.<\/p>\n<p>DUO HOLL 3.0M AD299 ROGI\u0172 RANKENA<\/p>\n<p>Medin\u0117 rogu\u010di\u0173 rankena AD299 su dvigubu virvute, kurios bendras ilgis yra 3 metrai, yra prakti\u0161kas ir patogus priedas, tinkantis visoms m\u016bs\u0173 asortimento rogut\u0117ms. D\u0117l tvirtos medin\u0117s rankenos ir patvaraus virv\u0117s gaminys u\u017etikrina patog\u0173 naudojim\u0105 ir lengv\u0105 manevravim\u0105.<\/p>\n<p>DUO HOLL modelis turi dvigub\u0105 virv\u0119, kuri palengvina valdym\u0105 ir leid\u017eia stabiliau traukti rogutes. AD299 DUO HOLL rogu\u010di\u0173 rankena yra puikus j\u016bs\u0173 \u017eiemos \u012frangos papildymas, tod\u0117l kiekviena rogu\u010di\u0173 kelion\u0117 bus malonesn\u0117 ir saugesn\u0117.<\/p>\n<p>FUNKCIJOS<br \/>\nBendras virvel\u0117s ilgis \u2013 300 cm, kiekviena perlenkta per pus\u0119 yra 150 cm ilgio.<br \/>\nRankenos matmenys: 13 x 2,5 cm<br \/>\nAtsitiktin\u0117s spalvos<\/p>","protected":false},"excerpt":{"rendered":"<p>Medini\u0173 rogi\u0173 AD324\/D110\/AD299 komplektas su DUO HOLL virve. \u0160\u012f komplekt\u0105 sudaro 110 cm ilgio medin\u0117s rog\u0117s AD324\/3M ir DUO HOLL rogi\u0173 laikiklis su dviguba virve AD299. MEDIN\u0116S ROGU\u010c\u0116S AD324\/3M \u2013 ILGIS 110 CM. AD324\/3M yra tvirtos, trij\u0173 stieb\u0173 rog\u0117s, pagamintos i\u0161 tvirtos buko medienos. D\u0117l stabilios konstrukcijos jos yra labai patvarios, tod\u0117l [\u2026]<\/p>","protected":false},"featured_media":84109,"comment_status":"open","ping_status":"open","template":"","meta":[],"product_brand":[],"product_cat":[9251,9308,2113],"product_tag":[],"class_list":{"0":"post-84108","1":"product","2":"type-product","3":"status-publish","4":"has-post-thumbnail","6":"product_cat-musor","7":"product_cat-sanki-drewmax","8":"product_cat-drewmax","10":"first","11":"instock","12":"purchasable","13":"product-type-simple"},"_links":{"self":[{"href":"https:\/\/baldumarket.lt\/lt\/wp-json\/wp\/v2\/product\/84108","targetHints":{"allow":["GET"]}}],"collection":[{"href":"https:\/\/baldumarket.lt\/lt\/wp-json\/wp\/v2\/product"}],"about":[{"href":"https:\/\/baldumarket.lt\/lt\/wp-json\/wp\/v2\/types\/product"}],"replies":[{"embeddable":true,"href":"https:\/\/baldumarket.lt\/lt\/wp-json\/wp\/v2\/comments?post=84108"}],"wp:featuredmedia":[{"embeddable":true,"href":"https:\/\/baldumarket.lt\/lt\/wp-json\/wp\/v2\/media\/84109"}],"wp:attachment":[{"href":"https:\/\/baldumarket.lt\/lt\/wp-json\/wp\/v2\/media?parent=84108"}],"wp:term":[{"taxonomy":"product_brand","embeddable":true,"href":"https:\/\/baldumarket.lt\/lt\/wp-json\/wp\/v2\/product_brand?post=84108"},{"taxonomy":"product_cat","embeddable":true,"href":"https:\/\/baldumarket.lt\/lt\/wp-json\/wp\/v2\/product_cat?post=84108"},{"taxonomy":"product_tag","embeddable":true,"href":"https:\/\/baldumarket.lt\/lt\/wp-json\/wp\/v2\/product_tag?post=84108"}],"curies":[{"name":"wp","href":"https:\/\/api.w.org\/{rel}","templated":true}]}}