{"id":84088,"date":"2025-12-04T23:22:33","date_gmt":"2025-12-04T20:22:33","guid":{"rendered":"https:\/\/baldumarket.lt\/product\/popychacz-do-sanek-z-oparciem-ad310-niebieski-buk-naturalny\/"},"modified":"2026-02-04T00:25:34","modified_gmt":"2026-02-03T21:25:34","slug":"popychacz-do-sanek-z-oparciem-ad310-niebieski-buk-naturalny","status":"publish","type":"product","link":"https:\/\/baldumarket.lt\/lt\/product\/popychacz-do-sanek-z-oparciem-ad310-niebieski-buk-naturalny\/","title":{"rendered":"Rogu\u010di\u0173 st\u016bmiklis su atlo\u0161u AD310 M\u0117lynas nat\u016bralus bukas"},"content":{"rendered":"<p>AD310 m\u0117lynas rogi\u0173 st\u016bmiklis su atlo\u0161u<\/p>\n<p>Rogu\u010di\u0173 st\u016bmiklis AD310 yra tvirtas ir prakti\u0161kas aksesuaras, pagamintas i\u0161 auk\u0161tos kokyb\u0117s buko medienos. Jis leid\u017eia t\u0117vams patogiai stumti rogutes, u\u017etikrinant patog\u0173 ir saug\u0173 va\u017eiavim\u0105 j\u0173 vaikui. Atlo\u0161as dar labiau padidina stabilum\u0105 ir komfort\u0105.<br \/>\nSt\u016bmiklis tinka visiems m\u016bs\u0173 asortimento rogu\u010di\u0173 modeliams, o saugus var\u017et\u0173 tvirtinimas u\u017etikrina stabilum\u0105 va\u017eiavimo metu. AD310 st\u016bmiklis su atlo\u0161u leid\u017eia patogiau va\u017ein\u0117tis rogut\u0117mis tiek vaikui, tiek t\u0117vams, kurie gali lengvai kontroliuoti mar\u0161rut\u0105 ir greit\u012f.<\/p>\n<p>FUNKCIJOS<\/p>\n<p>Modelis: AD310<br \/>\nPagaminta i\u0161 auk\u0161tos kokyb\u0117s buko medienos, tvirta ir patvari, tarnaus ilgus metus.<br \/>\nAtlo\u0161as tinka visoms m\u016bs\u0173 asortimento rogut\u0117ms.<br \/>\nReguliuojamas atlo\u0161o auk\u0161tis nuo 60 cm iki 88 cm.<br \/>\nAtlo\u0161o komplekte yra tvirtinimo var\u017etai.<br \/>\nVar\u017et\u0173 spalva: M\u0116LYNA.<\/p>\n<p>Lakuotas.<br \/>\nTvirtas ir stabilus.<br \/>\nPagaminta Lenkijoje.<\/p>","protected":false},"excerpt":{"rendered":"<p>AD310 m\u0117lynas rogu\u010di\u0173 st\u016bmiklis su atlo\u0161u AD310 rogu\u010di\u0173 st\u016bmiklis yra tvirtas ir prakti\u0161kas aksesuaras, pagamintas i\u0161 auk\u0161tos kokyb\u0117s buko medienos. Jis leid\u017eia t\u0117vams patogiai stumti rogutes, u\u017etikrinant patog\u0173 ir saug\u0173 va\u017eiavim\u0105 j\u0173 vaikui. Atlo\u0161as dar labiau padidina stabilum\u0105 ir komfort\u0105. St\u016bmiklis tinka visiems m\u016bs\u0173 asortimento rogu\u010di\u0173 modeliams, o jo [\u2026]<\/p>","protected":false},"featured_media":84089,"comment_status":"open","ping_status":"open","template":"","meta":[],"product_brand":[],"product_cat":[2113,1043],"product_tag":[],"class_list":{"0":"post-84088","1":"product","2":"type-product","3":"status-publish","4":"has-post-thumbnail","6":"product_cat-drewmax","7":"product_cat-extras","9":"first","10":"instock","11":"purchasable","12":"product-type-simple"},"_links":{"self":[{"href":"https:\/\/baldumarket.lt\/lt\/wp-json\/wp\/v2\/product\/84088","targetHints":{"allow":["GET"]}}],"collection":[{"href":"https:\/\/baldumarket.lt\/lt\/wp-json\/wp\/v2\/product"}],"about":[{"href":"https:\/\/baldumarket.lt\/lt\/wp-json\/wp\/v2\/types\/product"}],"replies":[{"embeddable":true,"href":"https:\/\/baldumarket.lt\/lt\/wp-json\/wp\/v2\/comments?post=84088"}],"wp:featuredmedia":[{"embeddable":true,"href":"https:\/\/baldumarket.lt\/lt\/wp-json\/wp\/v2\/media\/84089"}],"wp:attachment":[{"href":"https:\/\/baldumarket.lt\/lt\/wp-json\/wp\/v2\/media?parent=84088"}],"wp:term":[{"taxonomy":"product_brand","embeddable":true,"href":"https:\/\/baldumarket.lt\/lt\/wp-json\/wp\/v2\/product_brand?post=84088"},{"taxonomy":"product_cat","embeddable":true,"href":"https:\/\/baldumarket.lt\/lt\/wp-json\/wp\/v2\/product_cat?post=84088"},{"taxonomy":"product_tag","embeddable":true,"href":"https:\/\/baldumarket.lt\/lt\/wp-json\/wp\/v2\/product_tag?post=84088"}],"curies":[{"name":"wp","href":"https:\/\/api.w.org\/{rel}","templated":true}]}}