{"id":84079,"date":"2025-12-04T23:22:23","date_gmt":"2025-12-04T20:22:23","guid":{"rendered":"https:\/\/baldumarket.lt\/product\/stol-sosnowy-st714-sosna-biala-patyna-4\/"},"modified":"2026-02-04T00:25:37","modified_gmt":"2026-02-03T21:25:37","slug":"stol-sosnowy-st714-sosna-biala-patyna-4","status":"publish","type":"product","link":"https:\/\/baldumarket.lt\/lt\/produktas\/stol-sosnowy-st714-sosna-biala-patyna-4\/","title":{"rendered":"Pu\u0161inis stalas ST714, balta pu\u0161is, patina"},"content":{"rendered":"<p>ST714 va\u0161kuotos pu\u0161ies stalas yra eleganti\u0161kas baldas, pagamintas i\u0161 tvirtos pu\u0161ies medienos, pasi\u017eymintis tekintomis kojel\u0117mis, suteikian\u010diomis jam unikali\u0105, kaimi\u0161k\u0105 i\u0161vaizd\u0105. D\u0117l tvirtos konstrukcijos ir nat\u016bralaus bi\u010di\u0173 va\u0161ko apdailos \u0161is stalas suteikia \u0161ilumos ir jaukumo bet kokiam interjerui, kartu u\u017etikrindamas patvarum\u0105 ir atsparum\u0105 kasdieniam naudojimui. Jis puikiai dera su kitais va\u0161kuotos kolekcijos baldais, sukurdamas darn\u0173 ir harmoning\u0105 i\u0161d\u0117stym\u0105 valgomajame ar svetain\u0117je.<\/p>\n<p>Baldas padengtas nat\u016braliu bi\u010di\u0173 va\u0161ku, kuris sukuria apsaugin\u012f sluoksn\u012f nuo dr\u0117gm\u0117s ir kartu maitina medien\u0105. Va\u0161kavimo procesas pary\u0161kina nat\u016brali\u0105 medienos tekst\u016br\u0105 ir pagilina nat\u016brali\u0105 spalv\u0105. Bi\u010di\u0173 va\u0161kas yra nat\u016bralus produktas, tod\u0117l va\u0161kuoti baldai \u012fgauna antistatini\u0173 savybi\u0173 \u2013 suma\u017eina dulki\u0173 kaupim\u0105si. Papildomas va\u0161kuot\u0173 bald\u0173 privalumas \u2013 \u0161ilkinis lygus pavir\u0161ius ir malonus nat\u016bralios medienos aromatas.<\/p>\n<p>Sveikos medienos tekst\u016bros i\u0161laikymas yra va\u0161kuot\u0173 bald\u0173 ilgaam\u017ei\u0161kumo pagrindas. Skirtuke \u201cVa\u0161kuot\u0173 bald\u0173 prie\u017ei\u016bra ir naudojimas\u201d rasite verting\u0173 patarim\u0173, kaip pri\u017ei\u016br\u0117ti \u201eRustikal\u201c kolekcijos baldus.<\/p>","protected":false},"excerpt":{"rendered":"<p>ST714 va\u0161kuotos pu\u0161ies stalas yra eleganti\u0161kas baldas, pagamintas i\u0161 tvirtos pu\u0161ies medienos, pasi\u017eymintis tekintomis kojel\u0117mis, suteikian\u010diomis jam unikali\u0105, kaimi\u0161k\u0105 i\u0161vaizd\u0105. D\u0117l tvirtos konstrukcijos ir nat\u016bralaus bi\u010di\u0173 va\u0161ko apdailos \u0161is stalas suteikia \u0161ilumos ir jaukumo bet kokiam interjerui, kartu u\u017etikrindamas patvarum\u0105 ir atsparum\u0105 kasdieniam naudojimui. Jis puikiai papildo [\u2026]<\/p>","protected":false},"featured_media":84038,"comment_status":"open","ping_status":"open","template":"","meta":[],"product_brand":[],"product_cat":[9305,2113,1934],"product_tag":[],"class_list":{"0":"post-84079","1":"product","2":"type-product","3":"status-publish","4":"has-post-thumbnail","6":"product_cat-pine-furniture-drewmax","7":"product_cat-drewmax","8":"product_cat-tables","9":"pa_tabletop-material-solid-lamellas","11":"first","12":"instock","13":"purchasable","14":"product-type-simple"},"_links":{"self":[{"href":"https:\/\/baldumarket.lt\/lt\/wp-json\/wp\/v2\/product\/84079","targetHints":{"allow":["GET"]}}],"collection":[{"href":"https:\/\/baldumarket.lt\/lt\/wp-json\/wp\/v2\/product"}],"about":[{"href":"https:\/\/baldumarket.lt\/lt\/wp-json\/wp\/v2\/types\/product"}],"replies":[{"embeddable":true,"href":"https:\/\/baldumarket.lt\/lt\/wp-json\/wp\/v2\/comments?post=84079"}],"wp:featuredmedia":[{"embeddable":true,"href":"https:\/\/baldumarket.lt\/lt\/wp-json\/wp\/v2\/media\/84038"}],"wp:attachment":[{"href":"https:\/\/baldumarket.lt\/lt\/wp-json\/wp\/v2\/media?parent=84079"}],"wp:term":[{"taxonomy":"product_brand","embeddable":true,"href":"https:\/\/baldumarket.lt\/lt\/wp-json\/wp\/v2\/product_brand?post=84079"},{"taxonomy":"product_cat","embeddable":true,"href":"https:\/\/baldumarket.lt\/lt\/wp-json\/wp\/v2\/product_cat?post=84079"},{"taxonomy":"product_tag","embeddable":true,"href":"https:\/\/baldumarket.lt\/lt\/wp-json\/wp\/v2\/product_tag?post=84079"}],"curies":[{"name":"wp","href":"https:\/\/api.w.org\/{rel}","templated":true}]}}