{"id":84001,"date":"2025-12-04T23:21:04","date_gmt":"2025-12-04T20:21:04","guid":{"rendered":"https:\/\/baldumarket.lt\/product\/slizg-tosia-party-max-tworzywo-niebieski\/"},"modified":"2026-02-04T00:25:48","modified_gmt":"2026-02-03T21:25:48","slug":"slizg-tosia-party-max-tworzywo-niebieski","status":"publish","type":"product","link":"https:\/\/baldumarket.lt\/lt\/product\/slizg-tosia-party-max-tworzywo-niebieski\/","title":{"rendered":"TOSIA PARTY MAX \u010diuo\u017eykla, m\u0117lyna plastikin\u0117"},"content":{"rendered":"<p>TOSIA PARTY MAX \u010diuo\u017eykla \u2013 sulankstoma \u010diuo\u017eykla vaikams<\/p>\n<p>\u201eTOSIA PARTY MAX\u201c \u010diuo\u017eykla yra puikus pasirinkimas \u0161eimoms, ie\u0161kan\u010dioms patvarios, saugios ir lengvai surenkamos sodo \u010diuo\u017eyklos. D\u0117l sulankstomos konstrukcijos j\u0105 nepaprastai lengva transportuoti ir laikyti. Tai puiki atrakcija ma\u017eiesiems, suteikianti valand\u0173 valandas pramog\u0173 lauke!<\/p>\n<p>Produkto savyb\u0117s:<br \/>\n\u2705 Ilgis: 3 metrai \u2013 garantuoja skland\u0173 ir jaudinant\u012f va\u017eiavim\u0105. \u2705 Montavimo auk\u0161tis: tinka iki 1,50 m auk\u0161\u010dio platformoms. \u2705 Sulankstoma konstrukcija \u2013 lengvas transportavimas ir patogus sand\u0117liavimas. \u2705 Patvari med\u017eiaga: pagaminta i\u0161 oro s\u0105lygoms atsparaus HDPE, u\u017etikrinan\u010dio ilg\u0105 tarnavimo laik\u0105. \u2705 Platus spalv\u0173 pasirinkimas \u2013 derinkite prie j\u016bs\u0173 sodo ar \u017eaidim\u0173 aik\u0161tel\u0117s stiliaus. \u2705 Saugumas patvirtintas T\u00dcV Rheinland sertifikatu \u2013 garantuoja kokyb\u0119 ir atitikt\u012f Europos standartams.<\/p>\n<p>Technin\u0117s specifikacijos:<\/p>\n<p>\u2705 Modelis: TOSIA PARTY MAX<\/p>\n<p>\u2705 I\u0161oriniai matmenys, i\u0161matuoti tiesia linija: 2870 \u00d7 485 \u00d7 240 mm<\/p>\n<p>\u2705 \u010ciuo\u017eyklos vidinis plotis: apie 35 cm<\/p>\n<p>\u2705 Rekomenduojamas tvirtinimo platformos auk\u0161tis: 1,5 m<\/p>\n<p>\u2705 Did\u017eiausia ta\u0161kin\u0117 apkrova: 50 kg<\/p>\n<p>\u2705 Montavimo kampas: apie 35 laipsniai<\/p>\n<p>\u2705 Rekomenduojamas vaiko am\u017eius: nuo 3 met\u0173<\/p>\n<p>\u2705 Montavimas: \u012fleid\u017eiamieji var\u017etai, 5 arba 6 mm skersmens<\/p>\n<p>Lengvas surinkimas ir transportavimas<br \/>\nD\u0117l kompakti\u0161kos pakuot\u0117s TOSIA PARTY MAX \u010diuo\u017eykla gali b\u016bti patogiai transportuojama ir montuojama bet kur. Sulankstoma konstrukcija leid\u017eia j\u0105 nepaprastai lengvai laikyti, o surinkti greitai ir intuityviai. Saugumas ir kokyb\u0117<br \/>\n\u010ciuo\u017eykla yra sertifikuota \u201eT\u00dcV Rheinland\u201c, o tai rei\u0161kia, kad ji atitinka grie\u017etus saugos standartus ir yra visi\u0161kai saugi vaikams.<\/p>","protected":false},"excerpt":{"rendered":"<p>TOSIA PARTY MAX \u010diuo\u017eykla \u2013 sulankstoma \u010diuo\u017eykla vaikams. TOSIA PARTY MAX \u010diuo\u017eykla yra puikus pasirinkimas \u0161eimoms, ie\u0161kan\u010dioms patvarios, saugios ir lengvai surenkamos sodo \u010diuo\u017eyklos. D\u0117l sulankstomos konstrukcijos j\u0105 nepaprastai lengva transportuoti ir laikyti. Tai puiki atrakcija ma\u017eiesiems, suteikianti valand\u0173 valandas pramog\u0173 lauke! Produkto savyb\u0117s: [\u2026]<\/p>","protected":false},"featured_media":84002,"comment_status":"open","ping_status":"open","template":"","meta":[],"product_brand":[],"product_cat":[9307,9251,2113],"product_tag":[],"class_list":{"0":"post-84001","1":"product","2":"type-product","3":"status-publish","4":"has-post-thumbnail","6":"product_cat-garden-furniture-drewmax","7":"product_cat-musor","8":"product_cat-drewmax","10":"first","11":"instock","12":"purchasable","13":"product-type-simple"},"_links":{"self":[{"href":"https:\/\/baldumarket.lt\/lt\/wp-json\/wp\/v2\/product\/84001","targetHints":{"allow":["GET"]}}],"collection":[{"href":"https:\/\/baldumarket.lt\/lt\/wp-json\/wp\/v2\/product"}],"about":[{"href":"https:\/\/baldumarket.lt\/lt\/wp-json\/wp\/v2\/types\/product"}],"replies":[{"embeddable":true,"href":"https:\/\/baldumarket.lt\/lt\/wp-json\/wp\/v2\/comments?post=84001"}],"wp:featuredmedia":[{"embeddable":true,"href":"https:\/\/baldumarket.lt\/lt\/wp-json\/wp\/v2\/media\/84002"}],"wp:attachment":[{"href":"https:\/\/baldumarket.lt\/lt\/wp-json\/wp\/v2\/media?parent=84001"}],"wp:term":[{"taxonomy":"product_brand","embeddable":true,"href":"https:\/\/baldumarket.lt\/lt\/wp-json\/wp\/v2\/product_brand?post=84001"},{"taxonomy":"product_cat","embeddable":true,"href":"https:\/\/baldumarket.lt\/lt\/wp-json\/wp\/v2\/product_cat?post=84001"},{"taxonomy":"product_tag","embeddable":true,"href":"https:\/\/baldumarket.lt\/lt\/wp-json\/wp\/v2\/product_tag?post=84001"}],"curies":[{"name":"wp","href":"https:\/\/api.w.org\/{rel}","templated":true}]}}