{"id":83974,"date":"2025-12-04T23:20:40","date_gmt":"2025-12-04T20:20:40","guid":{"rendered":"https:\/\/baldumarket.lt\/product\/stelaz-babyflex-standard\/"},"modified":"2026-02-04T00:25:49","modified_gmt":"2026-02-03T21:25:49","slug":"stelaz-babyflex-standard","status":"publish","type":"product","link":"https:\/\/baldumarket.lt\/lt\/product\/stelaz-babyflex-standard\/","title":{"rendered":"Babyflex standartin\u0117s r\u0117mai"},"content":{"rendered":"<p>\u201eBabyFlex Standard\u201c lovos r\u0117mas yra funkcionalus ir patvarus lovel\u0117s r\u0117mas, sukurtas atsi\u017evelgiant \u012f vaik\u0173 saugum\u0105 ir patogum\u0105.<\/p>\n<p>Produkto savyb\u0117s:<br \/>\n\u27a1\ufe0f Med\u017eiaga \u2013 pagaminta i\u0161 sluoksniais klijuotos ber\u017eo medienos, u\u017etikrinan\u010dios didel\u012f patvarum\u0105 ir lankstum\u0105.<br \/>\n\u27a1\ufe0f Konstrukcija \u2013 horizontaliame r\u0117me skliausteliuose \u012fmontuotos grotel\u0117s u\u017etikrina \u010diu\u017einio stabilum\u0105 ir tolyg\u0173 palaikym\u0105.<br \/>\n\u27a1\ufe0f Surinkimas \u2013 R\u0117mas skirtas montuoti ant \u0161onini\u0173 lentjuos\u010di\u0173, sumontuot\u0173 i\u0161ilgai lovos r\u0117mo, ir parduodamas d\u0117\u017eut\u0117je, kad b\u016bt\u0173 galima surinkti savaranki\u0161kai.<\/p>\n<p>Galimi dyd\u017eiai:<br \/>\n\u27a1\ufe0f 60 \u00d7 120 cm<br \/>\n\u27a1\ufe0f 70 \u00d7 140 cm<\/p>\n<p>\u201eBabyFlex Standard\u201c lovos r\u0117mas \u2013 puikus sprendimas t\u0117vams, kurie vertina patvarum\u0105, lengv\u0105 surinkim\u0105 ir nat\u016bralias med\u017eiagas, u\u017etikrinan\u010dias sveik\u0105 vaiko mieg\u0105.<\/p>","protected":false},"excerpt":{"rendered":"<p>\u201eBabyFlex Standard\u201c lovos r\u0117mas yra funkcionalus ir patvarus lovel\u0117s r\u0117mas, sukurtas atsi\u017evelgiant \u012f vaik\u0173 saugum\u0105 ir patogum\u0105. Gaminio savyb\u0117s: \u27a1\ufe0f Med\u017eiaga \u2013 Pagaminta i\u0161 sluoksniais klijuotos ber\u017eo medienos, u\u017etikrinan\u010dios didel\u012f patvarum\u0105 ir lankstum\u0105. \u27a1\ufe0f Konstrukcija \u2013 Horizontalaus r\u0117mo laikikliuose \u012fmontuotos grotel\u0117s u\u017etikrina stabilum\u0105 ir tolyg\u0173 palaikym\u0105 [\u2026]<\/p>","protected":false},"featured_media":83975,"comment_status":"open","ping_status":"open","template":"","meta":[],"product_brand":[],"product_cat":[9310,2113,1043],"product_tag":[],"class_list":{"0":"post-83974","1":"product","2":"type-product","3":"status-publish","4":"has-post-thumbnail","6":"product_cat-bed-racks-drewmax","7":"product_cat-drewmax","8":"product_cat-extras","9":"pa_length-cm-2162","11":"first","12":"instock","13":"purchasable","14":"product-type-simple"},"_links":{"self":[{"href":"https:\/\/baldumarket.lt\/lt\/wp-json\/wp\/v2\/product\/83974","targetHints":{"allow":["GET"]}}],"collection":[{"href":"https:\/\/baldumarket.lt\/lt\/wp-json\/wp\/v2\/product"}],"about":[{"href":"https:\/\/baldumarket.lt\/lt\/wp-json\/wp\/v2\/types\/product"}],"replies":[{"embeddable":true,"href":"https:\/\/baldumarket.lt\/lt\/wp-json\/wp\/v2\/comments?post=83974"}],"wp:featuredmedia":[{"embeddable":true,"href":"https:\/\/baldumarket.lt\/lt\/wp-json\/wp\/v2\/media\/83975"}],"wp:attachment":[{"href":"https:\/\/baldumarket.lt\/lt\/wp-json\/wp\/v2\/media?parent=83974"}],"wp:term":[{"taxonomy":"product_brand","embeddable":true,"href":"https:\/\/baldumarket.lt\/lt\/wp-json\/wp\/v2\/product_brand?post=83974"},{"taxonomy":"product_cat","embeddable":true,"href":"https:\/\/baldumarket.lt\/lt\/wp-json\/wp\/v2\/product_cat?post=83974"},{"taxonomy":"product_tag","embeddable":true,"href":"https:\/\/baldumarket.lt\/lt\/wp-json\/wp\/v2\/product_tag?post=83974"}],"curies":[{"name":"wp","href":"https:\/\/api.w.org\/{rel}","templated":true}]}}