{"id":83738,"date":"2025-12-04T23:11:52","date_gmt":"2025-12-04T20:11:52","guid":{"rendered":"https:\/\/baldumarket.lt\/product\/stol-bukowy-st170-buk-naturalny\/"},"modified":"2026-02-04T00:26:56","modified_gmt":"2026-02-03T21:26:56","slug":"stol-bukowy-st170-buk-naturalny","status":"publish","type":"product","link":"https:\/\/baldumarket.lt\/lt\/produktas\/stol-bukowy-st170-buk-naturalny\/","title":{"rendered":"Buko stalas ST170 nat\u016bralus bukas"},"content":{"rendered":"<p>ST170 buko stalas yra klasikinis pasirinkimas virtuv\u0117ms, valgomiesiems ar ma\u017eoms kavin\u0117ms. Pagamintas vien i\u0161 tvirtos buko medienos, jis derina nesenstan\u010di\u0105 estetik\u0105 ir funkcionalum\u0105. Kvadratinis stalvir\u0161is su minimalistine apdaila ir tvirtomis kojel\u0117mis u\u017etikrina stabilum\u0105 ir patogum\u0105 kasdieniam naudojimui.<\/p>\n<p>D\u0117l savo universali\u0173 matmen\u0173 ST170 modelis puikiai tinka tiek nam\u0173 interjerui, tiek komercin\u0117ms erdv\u0117ms \u2013 idealiai tinka restoranams, kavin\u0117ms ir sve\u010di\u0173 namams. Nat\u016brali buko mediena suteikia \u0161ilt\u0105 ir jauki\u0105 atmosfer\u0105 bet kokiam interjerui, o paprastas dizainas leid\u017eia stalui lengvai papildyti \u012fvairius interjero stilius \u2013 nuo tradicinio iki skandinavi\u0161ko ir modernaus.<\/p>\n<p>Tai patikimas sprendimas, kai svarbiausia kokyb\u0117, ilgaam\u017ei\u0161kumas ir estetika.<\/p>","protected":false},"excerpt":{"rendered":"<p>ST170 buko stalas yra klasikinis pasirinkimas virtuv\u0117ms, valgomiesiems ar ma\u017eoms kavin\u0117ms. Pagamintas vien i\u0161 tvirtos buko medienos, jis derina nesenstan\u010di\u0105 estetik\u0105 ir funkcionalum\u0105. Kvadratinis stalvir\u0161is su minimalistine apdaila ir tvirtomis kojel\u0117mis u\u017etikrina stabilum\u0105 ir patogum\u0105 kasdieniam naudojimui. D\u0117l savo universali\u0173 matmen\u0173 ST170 modelis puikiai tinka tiek [\u2026]<\/p>","protected":false},"featured_media":81698,"comment_status":"open","ping_status":"open","template":"","meta":[],"product_brand":[],"product_cat":[9304,2113,1934],"product_tag":[],"class_list":{"0":"post-83738","1":"product","2":"type-product","3":"status-publish","4":"has-post-thumbnail","6":"product_cat-beech-furniture-drewmax","7":"product_cat-drewmax","8":"product_cat-tables","9":"pa_tabletop-tabletop-4-cm","10":"pa_tabletop-material-solid-lamellas","12":"first","13":"instock","14":"purchasable","15":"product-type-simple"},"_links":{"self":[{"href":"https:\/\/baldumarket.lt\/lt\/wp-json\/wp\/v2\/product\/83738","targetHints":{"allow":["GET"]}}],"collection":[{"href":"https:\/\/baldumarket.lt\/lt\/wp-json\/wp\/v2\/product"}],"about":[{"href":"https:\/\/baldumarket.lt\/lt\/wp-json\/wp\/v2\/types\/product"}],"replies":[{"embeddable":true,"href":"https:\/\/baldumarket.lt\/lt\/wp-json\/wp\/v2\/comments?post=83738"}],"wp:featuredmedia":[{"embeddable":true,"href":"https:\/\/baldumarket.lt\/lt\/wp-json\/wp\/v2\/media\/81698"}],"wp:attachment":[{"href":"https:\/\/baldumarket.lt\/lt\/wp-json\/wp\/v2\/media?parent=83738"}],"wp:term":[{"taxonomy":"product_brand","embeddable":true,"href":"https:\/\/baldumarket.lt\/lt\/wp-json\/wp\/v2\/product_brand?post=83738"},{"taxonomy":"product_cat","embeddable":true,"href":"https:\/\/baldumarket.lt\/lt\/wp-json\/wp\/v2\/product_cat?post=83738"},{"taxonomy":"product_tag","embeddable":true,"href":"https:\/\/baldumarket.lt\/lt\/wp-json\/wp\/v2\/product_tag?post=83738"}],"curies":[{"name":"wp","href":"https:\/\/api.w.org\/{rel}","templated":true}]}}