{"id":83731,"date":"2025-12-04T23:11:41","date_gmt":"2025-12-04T20:11:41","guid":{"rendered":"https:\/\/baldumarket.lt\/product\/stol-debowy-st300-dab-miodowy-53\/"},"modified":"2026-02-04T00:26:57","modified_gmt":"2026-02-03T21:26:57","slug":"stol-debowy-st300-dab-miodowy-53","status":"publish","type":"product","link":"https:\/\/baldumarket.lt\/lt\/produktas\/stol-debowy-st300-dab-miodowy-53\/","title":{"rendered":"\u0104\u017euolinis stalas ST300 medaus \u0105\u017euolo spalvos"},"content":{"rendered":"<p>\u0104\u017euolinis stalas ST300 pasi\u017eymi tvirtos \u0105\u017euolo medienos patvarumu ir paprastu dizainu, puikiai deran\u010diu tiek klasikiniame, tiek moderniame interjere. Stalvir\u0161is pagamintas i\u0161 tvirt\u0173 \u0105\u017euolo lenteli\u0173, tod\u0117l stalas daugel\u012f met\u0173 i\u0161laiko nat\u016bral\u0173 gro\u017e\u012f ir patvarum\u0105. D\u0117l tvirtos konstrukcijos ir universalaus dizaino \u0105\u017euolinis stalas ST300 puikiai atrodys valgomajame, virtuv\u0117je ar svetain\u0117je ir taps bet kokio interjero traukos centru.<\/p>\n<p>Stalvir\u0161is gali b\u016bti dviej\u0173 tip\u0173:<\/p>\n<p>S3 \u2013 tiesi briauna, besit\u0119sianti u\u017e stalo kojos, suteikianti jai klasikin\u012f, eleganti\u0161k\u0105 poj\u016bt\u012f.<\/p>\n<p>S5 \u2013 tiesus kra\u0161tas, sulygiuotas su koja, sukuriantis minimalistin\u012f ir modernesn\u012f vaizd\u0105.<\/p>\n<p>Per\u017ei\u016br\u0117kite stalvir\u0161i\u0173 tekst\u016bras ir apdail\u0105.<\/p>","protected":false},"excerpt":{"rendered":"<p>\u0104\u017euolinis stalas ST300 pasi\u017eymi tvirtos \u0105\u017euolo medienos patvarumu ir paprastu dizainu, puikiai deran\u010diu tiek su klasikiniu, tiek su moderniu interjeru. Stalvir\u0161is pagamintas i\u0161 tvirt\u0173 \u0105\u017euolo lenteli\u0173, kurios u\u017etikrina, kad stalas i\u0161laikyt\u0173 nat\u016bral\u0173 gro\u017e\u012f ir patvarum\u0105 ilgus metus. D\u0117l tvirtos konstrukcijos ir universalaus dizaino, \u0105\u017euolinis stalas ST300 [\u2026]<\/p>","protected":false},"featured_media":82840,"comment_status":"open","ping_status":"open","template":"","meta":[],"product_brand":[],"product_cat":[9303,2113,1934],"product_tag":[],"class_list":{"0":"post-83731","1":"product","2":"type-product","3":"status-publish","4":"has-post-thumbnail","6":"product_cat-oak-furniture-drewmax","7":"product_cat-drewmax","8":"product_cat-tables","9":"pa_tabletop-tabletop-4-cm","10":"pa_tabletop-material-solid-lamellas","12":"first","13":"instock","14":"purchasable","15":"product-type-simple"},"_links":{"self":[{"href":"https:\/\/baldumarket.lt\/lt\/wp-json\/wp\/v2\/product\/83731","targetHints":{"allow":["GET"]}}],"collection":[{"href":"https:\/\/baldumarket.lt\/lt\/wp-json\/wp\/v2\/product"}],"about":[{"href":"https:\/\/baldumarket.lt\/lt\/wp-json\/wp\/v2\/types\/product"}],"replies":[{"embeddable":true,"href":"https:\/\/baldumarket.lt\/lt\/wp-json\/wp\/v2\/comments?post=83731"}],"wp:featuredmedia":[{"embeddable":true,"href":"https:\/\/baldumarket.lt\/lt\/wp-json\/wp\/v2\/media\/82840"}],"wp:attachment":[{"href":"https:\/\/baldumarket.lt\/lt\/wp-json\/wp\/v2\/media?parent=83731"}],"wp:term":[{"taxonomy":"product_brand","embeddable":true,"href":"https:\/\/baldumarket.lt\/lt\/wp-json\/wp\/v2\/product_brand?post=83731"},{"taxonomy":"product_cat","embeddable":true,"href":"https:\/\/baldumarket.lt\/lt\/wp-json\/wp\/v2\/product_cat?post=83731"},{"taxonomy":"product_tag","embeddable":true,"href":"https:\/\/baldumarket.lt\/lt\/wp-json\/wp\/v2\/product_tag?post=83731"}],"curies":[{"name":"wp","href":"https:\/\/api.w.org\/{rel}","templated":true}]}}