{"id":83726,"date":"2025-12-04T23:11:36","date_gmt":"2025-12-04T20:11:36","guid":{"rendered":"https:\/\/baldumarket.lt\/product\/hoker-krzeslo-debowe-kt395-dab-miodowy-2\/"},"modified":"2026-02-04T00:26:59","modified_gmt":"2026-02-03T21:26:59","slug":"hoker-krzeslo-debowe-kt395-dab-miodowy-2","status":"publish","type":"product","link":"https:\/\/baldumarket.lt\/lt\/produktas\/hoker-krzeslo-debowe-kt395-dab-miodowy-2\/","title":{"rendered":"\u0104\u017euolin\u0117 k\u0117d\u0117 KT395 medaus \u0105\u017euolo spalvos"},"content":{"rendered":"<p>KT395 \u0105\u017euolo masyvo taburet\u0117 \u2013 puikus pasirinkimas tiems, kurie vertina paprastum\u0105, funkcionalum\u0105 ir nat\u016brali\u0105 apdail\u0105. \u012ekv\u0117pta skandinavi\u0161kos estetikos ir japoni\u0161ko stiliaus, medin\u0117 konstrukcija su kont\u016bruotu atlo\u0161u sujungia lengv\u0105 form\u0105 ir i\u0161skirtin\u012f patvarum\u0105. Nat\u016bralus medienos atspalvis gra\u017eiai i\u0161ry\u0161kina medienos ra\u0161t\u0105, tod\u0117l ji tinka tiek nam\u0173 interjerui, tiek komercin\u0117ms erdv\u0117ms.<\/p>\n<p>KT395 modelis puikiai tinka kaip baro k\u0117d\u0117 virtuv\u0117s saloje, restoranuose ar moderniose kavin\u0117se. Auk\u0161ta s\u0117dyn\u0117, stabilus pagrindas ir patogus atlo\u0161as paver\u010dia \u0161ios k\u0117d\u0117s naudojim\u0105 tikru malonumu \u2013 kasdien ir ilgus metus.<\/p>","protected":false},"excerpt":{"rendered":"<p>KT395 \u0105\u017euolo masyvo taburet\u0117 \u2013 puikus pasirinkimas tiems, kurie vertina paprastum\u0105, funkcionalum\u0105 ir nat\u016brali\u0105 apdail\u0105. \u012ekv\u0117pta skandinavi\u0161kos estetikos ir japoni\u0161ko stiliaus, medin\u0117 konstrukcija su kont\u016bruotu atlo\u0161u sujungia lengv\u0105 form\u0105 ir i\u0161skirtin\u012f patvarum\u0105. Nat\u016bralus medienos atspalvis gra\u017eiai i\u0161ry\u0161kina medienos ra\u0161t\u0105, tod\u0117l tinka tiek namams [\u2026]<\/p>","protected":false},"featured_media":83717,"comment_status":"open","ping_status":"open","template":"","meta":[],"product_brand":[],"product_cat":[9303,1930,2113],"product_tag":[],"class_list":{"0":"post-83726","1":"product","2":"type-product","3":"status-publish","4":"has-post-thumbnail","6":"product_cat-oak-furniture-drewmax","7":"product_cat-chairs","8":"product_cat-drewmax","9":"pa_upholstery-material-leather","11":"first","12":"instock","13":"purchasable","14":"product-type-simple"},"_links":{"self":[{"href":"https:\/\/baldumarket.lt\/lt\/wp-json\/wp\/v2\/product\/83726","targetHints":{"allow":["GET"]}}],"collection":[{"href":"https:\/\/baldumarket.lt\/lt\/wp-json\/wp\/v2\/product"}],"about":[{"href":"https:\/\/baldumarket.lt\/lt\/wp-json\/wp\/v2\/types\/product"}],"replies":[{"embeddable":true,"href":"https:\/\/baldumarket.lt\/lt\/wp-json\/wp\/v2\/comments?post=83726"}],"wp:featuredmedia":[{"embeddable":true,"href":"https:\/\/baldumarket.lt\/lt\/wp-json\/wp\/v2\/media\/83717"}],"wp:attachment":[{"href":"https:\/\/baldumarket.lt\/lt\/wp-json\/wp\/v2\/media?parent=83726"}],"wp:term":[{"taxonomy":"product_brand","embeddable":true,"href":"https:\/\/baldumarket.lt\/lt\/wp-json\/wp\/v2\/product_brand?post=83726"},{"taxonomy":"product_cat","embeddable":true,"href":"https:\/\/baldumarket.lt\/lt\/wp-json\/wp\/v2\/product_cat?post=83726"},{"taxonomy":"product_tag","embeddable":true,"href":"https:\/\/baldumarket.lt\/lt\/wp-json\/wp\/v2\/product_tag?post=83726"}],"curies":[{"name":"wp","href":"https:\/\/api.w.org\/{rel}","templated":true}]}}