{"id":83706,"date":"2025-12-04T23:11:11","date_gmt":"2025-12-04T20:11:11","guid":{"rendered":"https:\/\/baldumarket.lt\/product\/krzeslo-bukowe-kt185-buk-bielony-2\/"},"modified":"2026-02-04T00:27:03","modified_gmt":"2026-02-03T21:27:03","slug":"krzeslo-bukowe-kt185-buk-bielony-2","status":"publish","type":"product","link":"https:\/\/baldumarket.lt\/lt\/produktas\/krzeslo-bukowe-kt185-buk-bielony-2\/","title":{"rendered":"Buko k\u0117d\u0117 KT185, balintas bukas"},"content":{"rendered":"<p>Modernus buko k\u0117d\u0117 KT185 \u2013 tai elegancijos ir funkcionalumo \u012fsik\u016bnijimas. I\u0161lenktas, kruop\u0161\u010diai suformuotas atlo\u0161as ir apmu\u0161ta s\u0117dyn\u0117 u\u017etikrina maksimal\u0173 komfort\u0105, suteikdami puiki\u0105 nugaros atram\u0105 ir u\u017etikrindami komfort\u0105 net ir po ilgo naudojimo. Apmu\u0161ti elementai si\u016blomi i\u0161 \u012fvairi\u0173 audini\u0173 \u2013 nuo eleganti\u0161k\u0173, prislopint\u0173 spalv\u0173 iki dr\u0105sesni\u0173, i\u0161rai\u0161kingesni\u0173 ra\u0161t\u0173. Tai leid\u017eia k\u0117d\u0119 puikiai priderinti prie individuali\u0173 poreiki\u0173 ir interjero stiliaus.<\/p>\n<p>KT185 mink\u0161tas fotelis puikiai tiks \u012fvairiose aplinkose \u2013 nuo minimalistini\u0173, skandinavi\u0161k\u0173 erdvi\u0173, kur jis pabr\u0117\u0161 nat\u016bral\u0173 dekoro charakter\u012f, iki moderni\u0173 interjer\u0173, kur suteiks elegancijos. Puikiai tinka valgomiesiems, svetain\u0117ms ir biurams, suteikdamas bet kokiam kambariui unikal\u0173 charakter\u012f.<\/p>\n<p>Pasirinkdami KT185 buko k\u0117d\u0119, investuojate ne tik \u012f dizain\u0105, bet ir \u012f komfort\u0105 bei ilgaam\u017ei\u0161kum\u0105 ateinantiems metams. Tai pasirinkimas tiems, kurie vertina auk\u0161\u010diausi\u0105 kokyb\u0119 ir galimyb\u0119 suasmeninti baldus pagal savo skon\u012f.<\/p>\n<p>Iliustracin\u0117s nuotraukos i\u0161 \u0105\u017euolo medienos.<\/p>","protected":false},"excerpt":{"rendered":"<p>Modernus buko medienos kr\u0117slas KT185 \u2013 tai elegancijos ir funkcionalumo \u012fsik\u016bnijimas. I\u0161lenktas, kruop\u0161\u010diai suformuotas atlo\u0161as ir apmu\u0161ta s\u0117dyn\u0117 u\u017etikrina maksimal\u0173 komfort\u0105, puikiai atremdami nugar\u0105 ir u\u017etikrindami komfort\u0105 net ir po ilgo naudojimo. Apmu\u0161ti elementai si\u016blomi i\u0161 \u012fvairi\u0173 audini\u0173 \u2013 nuo eleganti\u0161k\u0173, prislopint\u0173 spalv\u0173 iki dr\u0105sesni\u0173, i\u0161rai\u0161kingesni\u0173 ra\u0161t\u0173. [\u2026]<\/p>","protected":false},"featured_media":82276,"comment_status":"open","ping_status":"open","template":"","meta":[],"product_brand":[],"product_cat":[9304,1930,2113],"product_tag":[],"class_list":{"0":"post-83706","1":"product","2":"type-product","3":"status-publish","4":"has-post-thumbnail","6":"product_cat-beech-furniture-drewmax","7":"product_cat-chairs","8":"product_cat-drewmax","10":"first","11":"instock","12":"purchasable","13":"product-type-simple"},"_links":{"self":[{"href":"https:\/\/baldumarket.lt\/lt\/wp-json\/wp\/v2\/product\/83706","targetHints":{"allow":["GET"]}}],"collection":[{"href":"https:\/\/baldumarket.lt\/lt\/wp-json\/wp\/v2\/product"}],"about":[{"href":"https:\/\/baldumarket.lt\/lt\/wp-json\/wp\/v2\/types\/product"}],"replies":[{"embeddable":true,"href":"https:\/\/baldumarket.lt\/lt\/wp-json\/wp\/v2\/comments?post=83706"}],"wp:featuredmedia":[{"embeddable":true,"href":"https:\/\/baldumarket.lt\/lt\/wp-json\/wp\/v2\/media\/82276"}],"wp:attachment":[{"href":"https:\/\/baldumarket.lt\/lt\/wp-json\/wp\/v2\/media?parent=83706"}],"wp:term":[{"taxonomy":"product_brand","embeddable":true,"href":"https:\/\/baldumarket.lt\/lt\/wp-json\/wp\/v2\/product_brand?post=83706"},{"taxonomy":"product_cat","embeddable":true,"href":"https:\/\/baldumarket.lt\/lt\/wp-json\/wp\/v2\/product_cat?post=83706"},{"taxonomy":"product_tag","embeddable":true,"href":"https:\/\/baldumarket.lt\/lt\/wp-json\/wp\/v2\/product_tag?post=83706"}],"curies":[{"name":"wp","href":"https:\/\/api.w.org\/{rel}","templated":true}]}}