{"id":83694,"date":"2025-12-04T23:10:52","date_gmt":"2025-12-04T20:10:52","guid":{"rendered":"https:\/\/baldumarket.lt\/product\/lozko-box-bukowe-lk189-box-buk-naturalny-4\/"},"modified":"2026-02-04T00:27:06","modified_gmt":"2026-02-03T21:27:06","slug":"lozko-box-bukowe-lk189-box-buk-naturalny-4","status":"publish","type":"product","link":"https:\/\/baldumarket.lt\/lt\/product\/lozko-box-bukowe-lk189-box-buk-naturalny-4\/","title":{"rendered":"BOX buko lova LK189 BOX nat\u016bralus bukas"},"content":{"rendered":"<p>LK189 buko lova su vieta daiktams laikyti \u2013 funkcionalumas ir estetika viename. \u0160i moderni lova, pagaminta i\u0161 tvirtos buko medienos, puikiai tinka bet kuriam miegamajam, kuriame svarbiausia yra komfortas, kokyb\u0117 ir prakti\u0161ki sprendimai. Erdvus patalyn\u0117s skyrius ir pakeliamas metalinis r\u0117mas leid\u017eia efektyviai i\u0161naudoti erdv\u0119, i\u0161laikant eleganti\u0161k\u0105 i\u0161vaizd\u0105.<\/p>\n<p>Minimalistinis dizainas su horizontaliomis grotel\u0117mis galv\u016bgalyje sukuria lengvumo poj\u016bt\u012f, o tvirta konstrukcija u\u017etikrina stabilum\u0105 ir patog\u0173 mieg\u0105. \u0160i lova tinka tiek moderniam, tiek klasikiniam interjerui.<\/p>\n<p>LK189 lova su vieta daiktams laikyti yra \u012fvairi\u0173 dyd\u017ei\u0173 ir spalv\u0173 \u2013 j\u0105 lengvai priderinsite prie savo interjero.<\/p>","protected":false},"excerpt":{"rendered":"<p>LK189 buko lova su vieta daiktams laikyti \u2013 funkcionalumas ir estetika viename. \u0160i moderni lova, pagaminta i\u0161 tvirtos buko medienos, puikiai tinka bet kuriam miegamajam, kuriame svarbiausia yra komfortas, kokyb\u0117 ir prakti\u0161ki sprendimai. Erdvus patalyn\u0117s skyrius ir pakeliamas metalinis r\u0117mas leid\u017eia efektyviai i\u0161naudoti erdv\u0119, i\u0161laikant eleganti\u0161k\u0105 [\u2026]<\/p>","protected":false},"featured_media":82084,"comment_status":"open","ping_status":"open","template":"","meta":[],"product_brand":[],"product_cat":[9304,505,2113],"product_tag":[],"class_list":{"0":"post-83694","1":"product","2":"type-product","3":"status-publish","4":"has-post-thumbnail","6":"product_cat-beech-furniture-drewmax","7":"product_cat-bedroom-beds","8":"product_cat-drewmax","9":"pa_length-cm-2123","11":"first","12":"instock","13":"purchasable","14":"product-type-simple"},"_links":{"self":[{"href":"https:\/\/baldumarket.lt\/lt\/wp-json\/wp\/v2\/product\/83694","targetHints":{"allow":["GET"]}}],"collection":[{"href":"https:\/\/baldumarket.lt\/lt\/wp-json\/wp\/v2\/product"}],"about":[{"href":"https:\/\/baldumarket.lt\/lt\/wp-json\/wp\/v2\/types\/product"}],"replies":[{"embeddable":true,"href":"https:\/\/baldumarket.lt\/lt\/wp-json\/wp\/v2\/comments?post=83694"}],"wp:featuredmedia":[{"embeddable":true,"href":"https:\/\/baldumarket.lt\/lt\/wp-json\/wp\/v2\/media\/82084"}],"wp:attachment":[{"href":"https:\/\/baldumarket.lt\/lt\/wp-json\/wp\/v2\/media?parent=83694"}],"wp:term":[{"taxonomy":"product_brand","embeddable":true,"href":"https:\/\/baldumarket.lt\/lt\/wp-json\/wp\/v2\/product_brand?post=83694"},{"taxonomy":"product_cat","embeddable":true,"href":"https:\/\/baldumarket.lt\/lt\/wp-json\/wp\/v2\/product_cat?post=83694"},{"taxonomy":"product_tag","embeddable":true,"href":"https:\/\/baldumarket.lt\/lt\/wp-json\/wp\/v2\/product_tag?post=83694"}],"curies":[{"name":"wp","href":"https:\/\/api.w.org\/{rel}","templated":true}]}}