{"id":83674,"date":"2025-12-04T23:10:20","date_gmt":"2025-12-04T20:10:20","guid":{"rendered":"https:\/\/baldumarket.lt\/product\/lozko-bukowe-lk109-buk-naturalny-2\/"},"modified":"2026-02-04T00:27:12","modified_gmt":"2026-02-03T21:27:12","slug":"lozko-bukowe-lk109-buk-naturalny-2","status":"publish","type":"product","link":"https:\/\/baldumarket.lt\/lt\/product\/lozko-bukowe-lk109-buk-naturalny-2\/","title":{"rendered":"Buko lova LK109 nat\u016bralus bukas"},"content":{"rendered":"<p>LK109 buko lova \u2013 puikus pasirinkimas ie\u0161kantiems prakti\u0161k\u0173 sprendim\u0173 savo interjerui. Klasikinis stilius suteikia jai stiling\u0105 akcent\u0105 bet kuriame miegamajame. I\u0161skirtin\u0117 nat\u016bralaus buko medienos tekst\u016bra ir matomi ra\u0161tai suteikia jai charakterio ir pagerina estetin\u012f patrauklum\u0105. Bald\u0173 gamintojas \u201eDrewmax\u201c kruop\u0161\u010diai apgalvojo gaminio estetik\u0105 ir funkcionalum\u0105. U\u017edara priekin\u0117 lovos dalis ne tik pagerina jos i\u0161vaizd\u0105, bet ir sukuria funkcionali\u0105 erdv\u0119 po lova, idealiai tinkan\u010di\u0105 patalyn\u0117s d\u0117\u017e\u0117ms laikyti.<\/p>\n<p>Lovos r\u0117mas ir \u010diu\u017einys parduodami atskirai.<\/p>","protected":false},"excerpt":{"rendered":"<p>LK109 buko medienos lova \u2013 puikus pasirinkimas ie\u0161kantiems prakti\u0161k\u0173 sprendim\u0173 savo interjerui. Klasikinis stilius suteikia jai stiling\u0105 akcent\u0105 bet kuriame miegamajame. I\u0161skirtin\u0117 nat\u016bralios buko medienos tekst\u016bra ir matomi ra\u0161tai suteikia jai charakterio ir sustiprina estetin\u012f patrauklum\u0105. Bald\u0173 gamintojas \u201eDrewmax\u201c kruop\u0161\u010diai apgalvojo gaminio estetik\u0105 [\u2026]<\/p>","protected":false},"featured_media":82196,"comment_status":"open","ping_status":"open","template":"","meta":[],"product_brand":[],"product_cat":[9304,505,2113],"product_tag":[],"class_list":{"0":"post-83674","1":"product","2":"type-product","3":"status-publish","4":"has-post-thumbnail","6":"product_cat-beech-furniture-drewmax","7":"product_cat-bedroom-beds","8":"product_cat-drewmax","10":"first","11":"instock","12":"purchasable","13":"product-type-simple"},"_links":{"self":[{"href":"https:\/\/baldumarket.lt\/lt\/wp-json\/wp\/v2\/product\/83674","targetHints":{"allow":["GET"]}}],"collection":[{"href":"https:\/\/baldumarket.lt\/lt\/wp-json\/wp\/v2\/product"}],"about":[{"href":"https:\/\/baldumarket.lt\/lt\/wp-json\/wp\/v2\/types\/product"}],"replies":[{"embeddable":true,"href":"https:\/\/baldumarket.lt\/lt\/wp-json\/wp\/v2\/comments?post=83674"}],"wp:featuredmedia":[{"embeddable":true,"href":"https:\/\/baldumarket.lt\/lt\/wp-json\/wp\/v2\/media\/82196"}],"wp:attachment":[{"href":"https:\/\/baldumarket.lt\/lt\/wp-json\/wp\/v2\/media?parent=83674"}],"wp:term":[{"taxonomy":"product_brand","embeddable":true,"href":"https:\/\/baldumarket.lt\/lt\/wp-json\/wp\/v2\/product_brand?post=83674"},{"taxonomy":"product_cat","embeddable":true,"href":"https:\/\/baldumarket.lt\/lt\/wp-json\/wp\/v2\/product_cat?post=83674"},{"taxonomy":"product_tag","embeddable":true,"href":"https:\/\/baldumarket.lt\/lt\/wp-json\/wp\/v2\/product_tag?post=83674"}],"curies":[{"name":"wp","href":"https:\/\/api.w.org\/{rel}","templated":true}]}}