{"id":83667,"date":"2025-12-04T23:10:04","date_gmt":"2025-12-04T20:10:04","guid":{"rendered":"https:\/\/baldumarket.lt\/product\/lozko-bukowe-lk111-buk-orzech\/"},"modified":"2026-02-04T00:27:14","modified_gmt":"2026-02-03T21:27:14","slug":"lozko-bukowe-lk111-buk-orzech","status":"publish","type":"product","link":"https:\/\/baldumarket.lt\/lt\/product\/lozko-bukowe-lk111-buk-orzech\/","title":{"rendered":"Buko lova LK111 buko rie\u0161uto spalvos"},"content":{"rendered":"<p>LK111 buko medienos lova spinduliuoja elegancija, kuri papildo modern\u0173 interjer\u0105. Tvirta buko mediena, i\u0161 kurios ji pagaminta, suteikia jai nat\u016brali\u0105 ir esteti\u0161kai patraukli\u0105 i\u0161vaizd\u0105. Dekoratyvus galv\u016bgalis suteikia \u017eavesio, papuo\u0161damas bet kurio miegamojo interjer\u0105. Bald\u0173 gamintojas suprojektavo lov\u0105 taip pat prakti\u0161k\u0105. Dekoratyvus galv\u016bgalis taip pat gerai apsaugo sienas nuo d\u0117mi\u0173 ir neleid\u017eia pagalv\u0117ms nukristi.<\/p>\n<p>Lovos r\u0117mas ir \u010diu\u017einys parduodami atskirai.<\/p>","protected":false},"excerpt":{"rendered":"<p>LK111 buko medienos lova spinduliuoja elegancija, kuri papildo modern\u0173 interjer\u0105. Tvirta buko mediena, i\u0161 kurios ji pagaminta, suteikia jai nat\u016brali\u0105 ir esteti\u0161kai patraukli\u0105 i\u0161vaizd\u0105. Dekoratyvus galv\u016bgalis suteikia \u017eavesio, papuo\u0161damas bet kurio miegamojo interjer\u0105. Bald\u0173 gamintojas lov\u0105 suprojektavo taip, kad ji b\u016bt\u0173 prakti\u0161ka. Dekoratyvus galv\u016bgalis taip pat [\u2026]<\/p>","protected":false},"featured_media":82780,"comment_status":"open","ping_status":"open","template":"","meta":[],"product_brand":[],"product_cat":[9304,505,2113],"product_tag":[],"class_list":{"0":"post-83667","1":"product","2":"type-product","3":"status-publish","4":"has-post-thumbnail","6":"product_cat-beech-furniture-drewmax","7":"product_cat-bedroom-beds","8":"product_cat-drewmax","10":"first","11":"instock","12":"purchasable","13":"product-type-simple"},"_links":{"self":[{"href":"https:\/\/baldumarket.lt\/lt\/wp-json\/wp\/v2\/product\/83667","targetHints":{"allow":["GET"]}}],"collection":[{"href":"https:\/\/baldumarket.lt\/lt\/wp-json\/wp\/v2\/product"}],"about":[{"href":"https:\/\/baldumarket.lt\/lt\/wp-json\/wp\/v2\/types\/product"}],"replies":[{"embeddable":true,"href":"https:\/\/baldumarket.lt\/lt\/wp-json\/wp\/v2\/comments?post=83667"}],"wp:featuredmedia":[{"embeddable":true,"href":"https:\/\/baldumarket.lt\/lt\/wp-json\/wp\/v2\/media\/82780"}],"wp:attachment":[{"href":"https:\/\/baldumarket.lt\/lt\/wp-json\/wp\/v2\/media?parent=83667"}],"wp:term":[{"taxonomy":"product_brand","embeddable":true,"href":"https:\/\/baldumarket.lt\/lt\/wp-json\/wp\/v2\/product_brand?post=83667"},{"taxonomy":"product_cat","embeddable":true,"href":"https:\/\/baldumarket.lt\/lt\/wp-json\/wp\/v2\/product_cat?post=83667"},{"taxonomy":"product_tag","embeddable":true,"href":"https:\/\/baldumarket.lt\/lt\/wp-json\/wp\/v2\/product_tag?post=83667"}],"curies":[{"name":"wp","href":"https:\/\/api.w.org\/{rel}","templated":true}]}}