{"id":83655,"date":"2025-12-04T23:09:49","date_gmt":"2025-12-04T20:09:49","guid":{"rendered":"https:\/\/baldumarket.lt\/product\/lozko-bukowe-lk192-buk-rustikal-3\/"},"modified":"2026-02-04T00:27:18","modified_gmt":"2026-02-03T21:27:18","slug":"lozko-bukowe-lk192-buk-rustikal-3","status":"publish","type":"product","link":"https:\/\/baldumarket.lt\/lt\/product\/lozko-bukowe-lk192-buk-rustikal-3\/","title":{"rendered":"Buko lova LK192 kaimi\u0161ko buko"},"content":{"rendered":"<p>LK192 buko lova sujungia paprast\u0105 form\u0105 ir nat\u016bral\u0173 medienos gro\u017e\u012f. I\u0161skirtinis, i\u0161lenktas galv\u016bgalis su horizontaliomis lentjuost\u0117mis suteikia bendram dizainui lengvumo poj\u016bt\u012f ir pabr\u0117\u017eia modern\u0173 lovos charakter\u012f.<\/p>\n<p>D\u0117l tvirtos konstrukcijos, pagamintos i\u0161 masyvios buko medienos, \u0161i lova puikiai tinka kasdieniam naudojimui \u2013 tiek miegamajame namuose, tiek sve\u010di\u0173 erdv\u0117se ar apartamentuose. Tai nesenstantis pasirinkimas tiems, kurie ie\u0161ko patvaraus ir stilingo baldo, kuris der\u0117t\u0173 prie \u012fvairaus interjero dizaino \u2013 nuo skandinavi\u0161ko iki klasikinio ir modernaus.<\/p>\n<p>Lovos r\u0117mas ir \u010diu\u017einys parduodami atskirai.<\/p>","protected":false},"excerpt":{"rendered":"<p>LK192 buko lova sujungia paprast\u0105 form\u0105 su nat\u016braliu med\u017eio gro\u017eiu. I\u0161skirtinis, i\u0161lenktas galv\u016bgalis su horizontaliomis lentjuost\u0117mis suteikia lengvumo bendram dizainui ir pabr\u0117\u017eia modern\u0173 lovos charakter\u012f. D\u0117l tvirtos konstrukcijos i\u0161 masyvios buko medienos \u0161i lova puikiai tinka kasdieniam naudojimui \u2013 tiek miegamajame [\u2026]<\/p>","protected":false},"featured_media":81989,"comment_status":"open","ping_status":"open","template":"","meta":[],"product_brand":[],"product_cat":[9304,9317,505,2113],"product_tag":[],"class_list":{"0":"post-83655","1":"product","2":"type-product","3":"status-publish","4":"has-post-thumbnail","6":"product_cat-beech-furniture-drewmax","7":"product_cat-collection-rustikal-drewmax","8":"product_cat-bedroom-beds","9":"product_cat-drewmax","11":"first","12":"instock","13":"purchasable","14":"product-type-simple"},"_links":{"self":[{"href":"https:\/\/baldumarket.lt\/lt\/wp-json\/wp\/v2\/product\/83655","targetHints":{"allow":["GET"]}}],"collection":[{"href":"https:\/\/baldumarket.lt\/lt\/wp-json\/wp\/v2\/product"}],"about":[{"href":"https:\/\/baldumarket.lt\/lt\/wp-json\/wp\/v2\/types\/product"}],"replies":[{"embeddable":true,"href":"https:\/\/baldumarket.lt\/lt\/wp-json\/wp\/v2\/comments?post=83655"}],"wp:featuredmedia":[{"embeddable":true,"href":"https:\/\/baldumarket.lt\/lt\/wp-json\/wp\/v2\/media\/81989"}],"wp:attachment":[{"href":"https:\/\/baldumarket.lt\/lt\/wp-json\/wp\/v2\/media?parent=83655"}],"wp:term":[{"taxonomy":"product_brand","embeddable":true,"href":"https:\/\/baldumarket.lt\/lt\/wp-json\/wp\/v2\/product_brand?post=83655"},{"taxonomy":"product_cat","embeddable":true,"href":"https:\/\/baldumarket.lt\/lt\/wp-json\/wp\/v2\/product_cat?post=83655"},{"taxonomy":"product_tag","embeddable":true,"href":"https:\/\/baldumarket.lt\/lt\/wp-json\/wp\/v2\/product_tag?post=83655"}],"curies":[{"name":"wp","href":"https:\/\/api.w.org\/{rel}","templated":true}]}}