{"id":83650,"date":"2025-12-04T23:09:40","date_gmt":"2025-12-04T20:09:40","guid":{"rendered":"https:\/\/baldumarket.lt\/product\/lozko-bukowe-lk194-buk-rustikal-2\/"},"modified":"2026-02-04T00:27:20","modified_gmt":"2026-02-03T21:27:20","slug":"lozko-bukowe-lk194-buk-rustikal-2","status":"publish","type":"product","link":"https:\/\/baldumarket.lt\/lt\/product\/lozko-bukowe-lk194-buk-rustikal-2\/","title":{"rendered":"Buko lova LK194 kaimi\u0161ko buko"},"content":{"rendered":"<p>LK194 lova pagaminta i\u0161 tvirtos buko medienos. Paprastas ir minimalistinis stilius puikiai tinka madingam, moderniam interjerui. Nepaisant paprastumo, ji \u017eavi nat\u016bralios medienos gro\u017eiu. Nepaisant paprasto dizaino, ji gali tapti bet kurio miegamojo traukos centru, suteikdama jam unikal\u0173 stili\u0173.<\/p>\n<p>Lovos r\u0117mas ir \u010diu\u017einys parduodami atskirai.<\/p>","protected":false},"excerpt":{"rendered":"<p>LK194 lova pagaminta i\u0161 tvirtos buko medienos. Paprastas ir minimalistinis stilius puikiai tinka madingam, moderniam interjerui. Nepaisant paprastumo, ji \u017eavi nat\u016bralios medienos gro\u017eiu. Nepaisant paprasto dizaino, ji gali tapti bet kurio miegamojo traukos centru, suteikdama jam unikal\u0173 stili\u0173. Lovos r\u0117mas ir \u010diu\u017einys [\u2026]<\/p>","protected":false},"featured_media":81981,"comment_status":"open","ping_status":"open","template":"","meta":[],"product_brand":[],"product_cat":[9304,9317,505,2113],"product_tag":[],"class_list":{"0":"post-83650","1":"product","2":"type-product","3":"status-publish","4":"has-post-thumbnail","6":"product_cat-beech-furniture-drewmax","7":"product_cat-collection-rustikal-drewmax","8":"product_cat-bedroom-beds","9":"product_cat-drewmax","11":"first","12":"instock","13":"purchasable","14":"product-type-simple"},"_links":{"self":[{"href":"https:\/\/baldumarket.lt\/lt\/wp-json\/wp\/v2\/product\/83650","targetHints":{"allow":["GET"]}}],"collection":[{"href":"https:\/\/baldumarket.lt\/lt\/wp-json\/wp\/v2\/product"}],"about":[{"href":"https:\/\/baldumarket.lt\/lt\/wp-json\/wp\/v2\/types\/product"}],"replies":[{"embeddable":true,"href":"https:\/\/baldumarket.lt\/lt\/wp-json\/wp\/v2\/comments?post=83650"}],"wp:featuredmedia":[{"embeddable":true,"href":"https:\/\/baldumarket.lt\/lt\/wp-json\/wp\/v2\/media\/81981"}],"wp:attachment":[{"href":"https:\/\/baldumarket.lt\/lt\/wp-json\/wp\/v2\/media?parent=83650"}],"wp:term":[{"taxonomy":"product_brand","embeddable":true,"href":"https:\/\/baldumarket.lt\/lt\/wp-json\/wp\/v2\/product_brand?post=83650"},{"taxonomy":"product_cat","embeddable":true,"href":"https:\/\/baldumarket.lt\/lt\/wp-json\/wp\/v2\/product_cat?post=83650"},{"taxonomy":"product_tag","embeddable":true,"href":"https:\/\/baldumarket.lt\/lt\/wp-json\/wp\/v2\/product_tag?post=83650"}],"curies":[{"name":"wp","href":"https:\/\/api.w.org\/{rel}","templated":true}]}}