{"id":83644,"date":"2025-12-04T23:09:34","date_gmt":"2025-12-04T20:09:34","guid":{"rendered":"https:\/\/baldumarket.lt\/product\/lozko-debowe-lk212-dab-dark\/"},"modified":"2026-02-04T00:27:22","modified_gmt":"2026-02-03T21:27:22","slug":"lozko-debowe-lk212-dab-dark","status":"publish","type":"product","link":"https:\/\/baldumarket.lt\/lt\/product\/lozko-debowe-lk212-dab-dark\/","title":{"rendered":"\u0104\u017euolin\u0117 lova LK212 tamsaus \u0105\u017euolo"},"content":{"rendered":"<p>\u0104\u017euolin\u0117 lova \u201eLK212\u201c \u2013 puikus pasirinkimas ie\u0161kantiems prakti\u0161k\u0173 sprendim\u0173 savo miegamajam. Paprastas, ta\u010diau tvirtas dizainas papuo\u0161 bet kok\u012f interjer\u0105. I\u0161skirtin\u0117 nat\u016bralaus \u0105\u017euolo medienos tekst\u016bra ir matomi ra\u0161tai suteikia charakterio ir sustiprina estetin\u012f patrauklum\u0105. U\u017edara priekin\u0117 lovos dalis ne tik pagerina jos i\u0161vaizd\u0105, bet ir sukuria funkcionali\u0105 erdv\u0119 po lova, puikiai tinkan\u010di\u0105 patalyn\u0117s d\u0117\u017e\u0117ms laikyti. \u201eDrewmax\u201c \u0105\u017euoliniai baldai garantuoja auk\u0161\u010diausi\u0105 kokyb\u0119 daugeliui met\u0173.<\/p>\n<p>Lovos r\u0117mas ir \u010diu\u017einys parduodami atskirai.<\/p>","protected":false},"excerpt":{"rendered":"<p>\u0104\u017euolin\u0117 lova \u201eLK212\u201c \u2013 puikus pasirinkimas ie\u0161kantiems prakti\u0161k\u0173 sprendim\u0173 savo miegamajam. Paprastas, ta\u010diau tvirtas dizainas papuo\u0161 bet kok\u012f interjer\u0105. I\u0161skirtin\u0117 nat\u016bralaus \u0105\u017euolo medienos tekst\u016bra ir matomi ra\u0161tai suteikia jai charakterio ir sustiprina estetin\u012f patrauklum\u0105. U\u017edara priekin\u0117 lovos dalis ne tik pagerina jos [\u2026]<\/p>","protected":false},"featured_media":83638,"comment_status":"open","ping_status":"open","template":"","meta":[],"product_brand":[],"product_cat":[9303,505,2113],"product_tag":[],"class_list":{"0":"post-83644","1":"product","2":"type-product","3":"status-publish","4":"has-post-thumbnail","6":"product_cat-oak-furniture-drewmax","7":"product_cat-bedroom-beds","8":"product_cat-drewmax","10":"first","11":"instock","12":"purchasable","13":"product-type-simple"},"_links":{"self":[{"href":"https:\/\/baldumarket.lt\/lt\/wp-json\/wp\/v2\/product\/83644","targetHints":{"allow":["GET"]}}],"collection":[{"href":"https:\/\/baldumarket.lt\/lt\/wp-json\/wp\/v2\/product"}],"about":[{"href":"https:\/\/baldumarket.lt\/lt\/wp-json\/wp\/v2\/types\/product"}],"replies":[{"embeddable":true,"href":"https:\/\/baldumarket.lt\/lt\/wp-json\/wp\/v2\/comments?post=83644"}],"wp:featuredmedia":[{"embeddable":true,"href":"https:\/\/baldumarket.lt\/lt\/wp-json\/wp\/v2\/media\/83638"}],"wp:attachment":[{"href":"https:\/\/baldumarket.lt\/lt\/wp-json\/wp\/v2\/media?parent=83644"}],"wp:term":[{"taxonomy":"product_brand","embeddable":true,"href":"https:\/\/baldumarket.lt\/lt\/wp-json\/wp\/v2\/product_brand?post=83644"},{"taxonomy":"product_cat","embeddable":true,"href":"https:\/\/baldumarket.lt\/lt\/wp-json\/wp\/v2\/product_cat?post=83644"},{"taxonomy":"product_tag","embeddable":true,"href":"https:\/\/baldumarket.lt\/lt\/wp-json\/wp\/v2\/product_tag?post=83644"}],"curies":[{"name":"wp","href":"https:\/\/api.w.org\/{rel}","templated":true}]}}