{"id":83635,"date":"2025-12-04T23:09:24","date_gmt":"2025-12-04T20:09:24","guid":{"rendered":"https:\/\/baldumarket.lt\/product\/lozko-debowe-lk303-dab-miodowy-4\/"},"modified":"2026-02-04T00:27:23","modified_gmt":"2026-02-03T21:27:23","slug":"lozko-debowe-lk303-dab-miodowy-4","status":"publish","type":"product","link":"https:\/\/baldumarket.lt\/lt\/product\/lozko-debowe-lk303-dab-miodowy-4\/","title":{"rendered":"\u0104\u017euolin\u0117 lova LK303 medaus \u0105\u017euolo spalvos"},"content":{"rendered":"<p>\u0104\u017euolin\u0117 lova \u201eLK303\u201c derina nesenstan\u010di\u0105 estetik\u0105 ir tvirtos medienos patvarum\u0105. I\u0161skirtinis galv\u016bgalis su vertikaliomis lentjuost\u0117mis suteikia bendram dizainui lengvumo, tod\u0117l puikiai tinka tiek tradiciniam, tiek moderniam interjerui.<\/p>\n<p>Nat\u016bralus medienos ra\u0161tas ir kruop\u0161tus meistri\u0161kumas pabr\u0117\u017eia kokyb\u0119, kuri neatsiejama nuo komforto. Tai puikus pasirinkimas ie\u0161kantiems stilingos ir patvarios lovos savo miegamajam, sve\u010di\u0173 namams ar butui.<\/p>","protected":false},"excerpt":{"rendered":"<p>\u0104\u017euolin\u0117 lova \u201eLK303\u201c derina nesenstan\u010di\u0105 estetik\u0105 ir tvirtos medienos patvarum\u0105. I\u0161skirtinis galv\u016bgalis su vertikaliomis lentjuost\u0117mis suteikia bendram dizainui lengvumo, tod\u0117l puikiai dera tiek tradiciniame, tiek moderniame interjere. Nat\u016brali medienos tekst\u016bra ir precizi\u0161kas meistri\u0161kumas pabr\u0117\u017eia kokyb\u0119, kuri neatsiejama [\u2026]<\/p>","protected":false},"featured_media":83618,"comment_status":"open","ping_status":"open","template":"","meta":[],"product_brand":[],"product_cat":[9303,505,2113],"product_tag":[],"class_list":{"0":"post-83635","1":"product","2":"type-product","3":"status-publish","4":"has-post-thumbnail","6":"product_cat-oak-furniture-drewmax","7":"product_cat-bedroom-beds","8":"product_cat-drewmax","10":"first","11":"instock","12":"purchasable","13":"product-type-simple"},"_links":{"self":[{"href":"https:\/\/baldumarket.lt\/lt\/wp-json\/wp\/v2\/product\/83635","targetHints":{"allow":["GET"]}}],"collection":[{"href":"https:\/\/baldumarket.lt\/lt\/wp-json\/wp\/v2\/product"}],"about":[{"href":"https:\/\/baldumarket.lt\/lt\/wp-json\/wp\/v2\/types\/product"}],"replies":[{"embeddable":true,"href":"https:\/\/baldumarket.lt\/lt\/wp-json\/wp\/v2\/comments?post=83635"}],"wp:featuredmedia":[{"embeddable":true,"href":"https:\/\/baldumarket.lt\/lt\/wp-json\/wp\/v2\/media\/83618"}],"wp:attachment":[{"href":"https:\/\/baldumarket.lt\/lt\/wp-json\/wp\/v2\/media?parent=83635"}],"wp:term":[{"taxonomy":"product_brand","embeddable":true,"href":"https:\/\/baldumarket.lt\/lt\/wp-json\/wp\/v2\/product_brand?post=83635"},{"taxonomy":"product_cat","embeddable":true,"href":"https:\/\/baldumarket.lt\/lt\/wp-json\/wp\/v2\/product_cat?post=83635"},{"taxonomy":"product_tag","embeddable":true,"href":"https:\/\/baldumarket.lt\/lt\/wp-json\/wp\/v2\/product_tag?post=83635"}],"curies":[{"name":"wp","href":"https:\/\/api.w.org\/{rel}","templated":true}]}}