{"id":83608,"date":"2025-12-04T23:08:52","date_gmt":"2025-12-04T20:08:52","guid":{"rendered":"https:\/\/baldumarket.lt\/product\/lozko-metalowo-debowe-lk372-dab-kakao-2\/"},"modified":"2026-02-04T00:27:31","modified_gmt":"2026-02-03T21:27:31","slug":"lozko-metalowo-debowe-lk372-dab-kakao-2","status":"publish","type":"product","link":"https:\/\/baldumarket.lt\/lt\/product\/lozko-metalowo-debowe-lk372-dab-kakao-2\/","title":{"rendered":"Metalin\u0117 ir \u0105\u017euolin\u0117 lova LK372 kakavos \u0105\u017euolo spalvos"},"content":{"rendered":"<p>\u0104\u017euolin\u0117 lova \u201eLK372\u201c puikiai tiks modernaus, industrinio interjero m\u0117g\u0117jams. Tvirtos \u0105\u017euolo medienos ir juodo plieno r\u0117mo derinys sukuria i\u0161skirtin\u012f, ta\u010diau eleganti\u0161k\u0105 dizain\u0105. Apmu\u0161tas galv\u016bgalis suteikia patogi\u0105 atram\u0105 ir jaukumo.<\/p>\n<p>Mink\u0161ta lova LK372 puikiai tinka lofto stiliaus miegamiesiems, kur svarbiausia minimalistin\u0117 estetika, funkcionalumas ir i\u0161skirtinis charakteris. D\u0117l tvirtos medienos konstrukcijos lova puikiai tinka kasdieniam naudojimui \u2013 tiek nam\u0173 miegamajame, tiek sve\u010di\u0173 erdv\u0117je, tiek bute.<\/p>","protected":false},"excerpt":{"rendered":"<p>\u0104\u017euolin\u0117 lova \u201eLK372\u201c puikiai tinka modernaus, industrinio interjero m\u0117g\u0117jams. Tvirtos \u0105\u017euolo medienos ir juodo plieno r\u0117mo derinys sukuria i\u0161skirtin\u012f, ta\u010diau eleganti\u0161k\u0105 dizain\u0105. Apmu\u0161tas galv\u016bgalis suteikia patogi\u0105 atram\u0105 ir jaukumo. Apmu\u0161ta lova \u201eLK372\u201c puikiai tinka lofto stiliaus miegamiesiems, kur svarbu minimalistin\u0117 estetika, funkcionalumas ir [\u2026]<\/p>","protected":false},"featured_media":83595,"comment_status":"open","ping_status":"open","template":"","meta":[],"product_brand":[],"product_cat":[9316,9303,505,2113],"product_tag":[],"class_list":{"0":"post-83608","1":"product","2":"type-product","3":"status-publish","4":"has-post-thumbnail","6":"product_cat-metal-collection-drewmax","7":"product_cat-oak-furniture-drewmax","8":"product_cat-bedroom-beds","9":"product_cat-drewmax","11":"first","12":"instock","13":"purchasable","14":"product-type-simple"},"_links":{"self":[{"href":"https:\/\/baldumarket.lt\/lt\/wp-json\/wp\/v2\/product\/83608","targetHints":{"allow":["GET"]}}],"collection":[{"href":"https:\/\/baldumarket.lt\/lt\/wp-json\/wp\/v2\/product"}],"about":[{"href":"https:\/\/baldumarket.lt\/lt\/wp-json\/wp\/v2\/types\/product"}],"replies":[{"embeddable":true,"href":"https:\/\/baldumarket.lt\/lt\/wp-json\/wp\/v2\/comments?post=83608"}],"wp:featuredmedia":[{"embeddable":true,"href":"https:\/\/baldumarket.lt\/lt\/wp-json\/wp\/v2\/media\/83595"}],"wp:attachment":[{"href":"https:\/\/baldumarket.lt\/lt\/wp-json\/wp\/v2\/media?parent=83608"}],"wp:term":[{"taxonomy":"product_brand","embeddable":true,"href":"https:\/\/baldumarket.lt\/lt\/wp-json\/wp\/v2\/product_brand?post=83608"},{"taxonomy":"product_cat","embeddable":true,"href":"https:\/\/baldumarket.lt\/lt\/wp-json\/wp\/v2\/product_cat?post=83608"},{"taxonomy":"product_tag","embeddable":true,"href":"https:\/\/baldumarket.lt\/lt\/wp-json\/wp\/v2\/product_tag?post=83608"}],"curies":[{"name":"wp","href":"https:\/\/api.w.org\/{rel}","templated":true}]}}