{"id":83538,"date":"2025-12-04T23:07:28","date_gmt":"2025-12-04T20:07:28","guid":{"rendered":"https:\/\/baldumarket.lt\/product\/lozko-sosnowe-lk105-sosna-olcha-3\/"},"modified":"2026-02-04T00:27:50","modified_gmt":"2026-02-03T21:27:50","slug":"lozko-sosnowe-lk105-sosna-olcha-3","status":"publish","type":"product","link":"https:\/\/baldumarket.lt\/lt\/product\/lozko-sosnowe-lk105-sosna-olcha-3\/","title":{"rendered":"Pu\u0161in\u0117 lova LK105 pu\u0161is-alksnis"},"content":{"rendered":"<p>LK105 lova pagaminta i\u0161 tvirtos pu\u0161ies medienos. Paprastas dizainas, matoma konstrukcija ir nat\u016brali medienos tekst\u016bra puikiai dera prie modernaus interjero. Plati spalv\u0173 palet\u0117 leid\u017eia pritaikyti erdv\u0119 pagal savo skon\u012f.<\/p>\n<p>Lovos r\u0117mas ir \u010diu\u017einys parduodami atskirai.<\/p>","protected":false},"excerpt":{"rendered":"<p>LK105 lova pagaminta i\u0161 tvirtos pu\u0161ies medienos. Paprastas dizainas, matoma konstrukcija ir nat\u016brali medienos tekst\u016bra puikiai dera prie modernaus interjero. Plati spalv\u0173 palet\u0117 leid\u017eia susikurti norim\u0105 erdv\u0119. Lovos r\u0117mas ir \u010diu\u017einys parduodami atskirai.<\/p>","protected":false},"featured_media":83524,"comment_status":"open","ping_status":"open","template":"","meta":[],"product_brand":[],"product_cat":[9305,505,2113],"product_tag":[],"class_list":{"0":"post-83538","1":"product","2":"type-product","3":"status-publish","4":"has-post-thumbnail","6":"product_cat-pine-furniture-drewmax","7":"product_cat-bedroom-beds","8":"product_cat-drewmax","10":"first","11":"instock","12":"purchasable","13":"product-type-simple"},"_links":{"self":[{"href":"https:\/\/baldumarket.lt\/lt\/wp-json\/wp\/v2\/product\/83538","targetHints":{"allow":["GET"]}}],"collection":[{"href":"https:\/\/baldumarket.lt\/lt\/wp-json\/wp\/v2\/product"}],"about":[{"href":"https:\/\/baldumarket.lt\/lt\/wp-json\/wp\/v2\/types\/product"}],"replies":[{"embeddable":true,"href":"https:\/\/baldumarket.lt\/lt\/wp-json\/wp\/v2\/comments?post=83538"}],"wp:featuredmedia":[{"embeddable":true,"href":"https:\/\/baldumarket.lt\/lt\/wp-json\/wp\/v2\/media\/83524"}],"wp:attachment":[{"href":"https:\/\/baldumarket.lt\/lt\/wp-json\/wp\/v2\/media?parent=83538"}],"wp:term":[{"taxonomy":"product_brand","embeddable":true,"href":"https:\/\/baldumarket.lt\/lt\/wp-json\/wp\/v2\/product_brand?post=83538"},{"taxonomy":"product_cat","embeddable":true,"href":"https:\/\/baldumarket.lt\/lt\/wp-json\/wp\/v2\/product_cat?post=83538"},{"taxonomy":"product_tag","embeddable":true,"href":"https:\/\/baldumarket.lt\/lt\/wp-json\/wp\/v2\/product_tag?post=83538"}],"curies":[{"name":"wp","href":"https:\/\/api.w.org\/{rel}","templated":true}]}}