{"id":83507,"date":"2025-12-04T23:06:55","date_gmt":"2025-12-04T20:06:55","guid":{"rendered":"https:\/\/baldumarket.lt\/product\/lozko-sosnowe-lk115-sosna-dab-3\/"},"modified":"2026-02-04T00:27:59","modified_gmt":"2026-02-03T21:27:59","slug":"lozko-sosnowe-lk115-sosna-dab-3","status":"publish","type":"product","link":"https:\/\/baldumarket.lt\/lt\/product\/lozko-sosnowe-lk115-sosna-dab-3\/","title":{"rendered":"Pu\u0161in\u0117 lova LK115 pu\u0161is \u0105\u017euolas"},"content":{"rendered":"<p>LK115 pu\u0161in\u0117 lova sukurta galvojant apie klasikin\u012f interjer\u0105. Nat\u016bralios spalvos ir matomas medienos ra\u0161tas suteiks bet kuriam kambariui unikali\u0105 atmosfer\u0105, sukurdami \u0161ilt\u0105 ir jauk\u0173 poj\u016bt\u012f. Subtiliai rai\u017eytas galv\u016bgalis ne tik pagerina lovos i\u0161vaizd\u0105, bet ir padidina jos komfort\u0105.<\/p>\n<p>Lovos r\u0117mas ir \u010diu\u017einys parduodami atskirai.<\/p>","protected":false},"excerpt":{"rendered":"<p>LK115 pu\u0161in\u0117 lova sukurta galvojant apie klasikin\u012f interjer\u0105. Nat\u016bralios spalvos su matoma medienos tekst\u016bra suteiks bet kuriam kambariui unikali\u0105 atmosfer\u0105, sukurdamos \u0161ilt\u0105 ir jauk\u0173 poj\u016bt\u012f. Subtiliai rai\u017eytas galv\u016bgalis ne tik pagerina lovos i\u0161vaizd\u0105, bet ir padidina jos komfort\u0105. Lovos r\u0117mas ir \u010diu\u017einys [\u2026]<\/p>","protected":false},"featured_media":83494,"comment_status":"open","ping_status":"open","template":"","meta":[],"product_brand":[],"product_cat":[9305,505,2113],"product_tag":[],"class_list":{"0":"post-83507","1":"product","2":"type-product","3":"status-publish","4":"has-post-thumbnail","6":"product_cat-pine-furniture-drewmax","7":"product_cat-bedroom-beds","8":"product_cat-drewmax","10":"first","11":"instock","12":"purchasable","13":"product-type-simple"},"_links":{"self":[{"href":"https:\/\/baldumarket.lt\/lt\/wp-json\/wp\/v2\/product\/83507","targetHints":{"allow":["GET"]}}],"collection":[{"href":"https:\/\/baldumarket.lt\/lt\/wp-json\/wp\/v2\/product"}],"about":[{"href":"https:\/\/baldumarket.lt\/lt\/wp-json\/wp\/v2\/types\/product"}],"replies":[{"embeddable":true,"href":"https:\/\/baldumarket.lt\/lt\/wp-json\/wp\/v2\/comments?post=83507"}],"wp:featuredmedia":[{"embeddable":true,"href":"https:\/\/baldumarket.lt\/lt\/wp-json\/wp\/v2\/media\/83494"}],"wp:attachment":[{"href":"https:\/\/baldumarket.lt\/lt\/wp-json\/wp\/v2\/media?parent=83507"}],"wp:term":[{"taxonomy":"product_brand","embeddable":true,"href":"https:\/\/baldumarket.lt\/lt\/wp-json\/wp\/v2\/product_brand?post=83507"},{"taxonomy":"product_cat","embeddable":true,"href":"https:\/\/baldumarket.lt\/lt\/wp-json\/wp\/v2\/product_cat?post=83507"},{"taxonomy":"product_tag","embeddable":true,"href":"https:\/\/baldumarket.lt\/lt\/wp-json\/wp\/v2\/product_tag?post=83507"}],"curies":[{"name":"wp","href":"https:\/\/api.w.org\/{rel}","templated":true}]}}