{"id":83477,"date":"2025-12-04T23:06:24","date_gmt":"2025-12-04T20:06:24","guid":{"rendered":"https:\/\/baldumarket.lt\/product\/lozko-sosnowe-lk117-sosna-orzech-3\/"},"modified":"2026-02-04T00:28:09","modified_gmt":"2026-02-03T21:28:09","slug":"lozko-sosnowe-lk117-sosna-orzech-3","status":"publish","type":"product","link":"https:\/\/baldumarket.lt\/lt\/product\/lozko-sosnowe-lk117-sosna-orzech-3\/","title":{"rendered":"Pu\u0161in\u0117 lova LK117 pu\u0161is-rie\u0161utmedis"},"content":{"rendered":"<p>LK117 pu\u0161in\u0117 lova puikiai tinka klasikinio stiliaus interjerui. Tvirta pu\u0161ies mediena suteikia jai nat\u016brali\u0105 ir jauki\u0105 i\u0161vaizd\u0105. Dekoratyvus galv\u016bgalis suteikia \u017eavesio, papuo\u0161damas bet kur\u012f miegam\u0105j\u012f. \u0160is prakti\u0161kas galv\u016bgalis taip pat apsaugo sienas nuo d\u0117mi\u0173 ir neleid\u017eia pagalv\u0117ms nukristi.<\/p>\n<p>Lovos r\u0117mas ir \u010diu\u017einys parduodami atskirai.<\/p>","protected":false},"excerpt":{"rendered":"<p>LK117 pu\u0161in\u0117 lova puikiai tinka klasikinio stiliaus interjerui. Tvirta pu\u0161ies mediena suteikia jai nat\u016brali\u0105 ir jauki\u0105 i\u0161vaizd\u0105. Dekoratyvus galv\u016bgalis suteikia \u017eavesio, papuo\u0161damas bet kur\u012f miegam\u0105j\u012f. \u0160is prakti\u0161kas galv\u016bgalis taip pat apsaugo sienas nuo d\u0117mi\u0173 ir neleid\u017eia pagalv\u0117ms nukristi. Lovos r\u0117mas ir \u010diu\u017einys parduodami atskirai.<\/p>","protected":false},"featured_media":83464,"comment_status":"open","ping_status":"open","template":"","meta":[],"product_brand":[],"product_cat":[9305,505,2113],"product_tag":[],"class_list":{"0":"post-83477","1":"product","2":"type-product","3":"status-publish","4":"has-post-thumbnail","6":"product_cat-pine-furniture-drewmax","7":"product_cat-bedroom-beds","8":"product_cat-drewmax","10":"first","11":"instock","12":"purchasable","13":"product-type-simple"},"_links":{"self":[{"href":"https:\/\/baldumarket.lt\/lt\/wp-json\/wp\/v2\/product\/83477","targetHints":{"allow":["GET"]}}],"collection":[{"href":"https:\/\/baldumarket.lt\/lt\/wp-json\/wp\/v2\/product"}],"about":[{"href":"https:\/\/baldumarket.lt\/lt\/wp-json\/wp\/v2\/types\/product"}],"replies":[{"embeddable":true,"href":"https:\/\/baldumarket.lt\/lt\/wp-json\/wp\/v2\/comments?post=83477"}],"wp:featuredmedia":[{"embeddable":true,"href":"https:\/\/baldumarket.lt\/lt\/wp-json\/wp\/v2\/media\/83464"}],"wp:attachment":[{"href":"https:\/\/baldumarket.lt\/lt\/wp-json\/wp\/v2\/media?parent=83477"}],"wp:term":[{"taxonomy":"product_brand","embeddable":true,"href":"https:\/\/baldumarket.lt\/lt\/wp-json\/wp\/v2\/product_brand?post=83477"},{"taxonomy":"product_cat","embeddable":true,"href":"https:\/\/baldumarket.lt\/lt\/wp-json\/wp\/v2\/product_cat?post=83477"},{"taxonomy":"product_tag","embeddable":true,"href":"https:\/\/baldumarket.lt\/lt\/wp-json\/wp\/v2\/product_tag?post=83477"}],"curies":[{"name":"wp","href":"https:\/\/api.w.org\/{rel}","templated":true}]}}