{"id":83447,"date":"2025-12-04T23:05:56","date_gmt":"2025-12-04T20:05:56","guid":{"rendered":"https:\/\/baldumarket.lt\/product\/stol-debowy-st307-dab-kakao\/"},"modified":"2026-02-04T00:28:17","modified_gmt":"2026-02-03T21:28:17","slug":"stol-debowy-st307-dab-kakao","status":"publish","type":"product","link":"https:\/\/baldumarket.lt\/lt\/product\/stol-debowy-st307-dab-kakao\/","title":{"rendered":"\u0104\u017euolinis stalas ST307 kakavos \u0105\u017euolas"},"content":{"rendered":"<p>I\u0161skleid\u017eiamas \u0105\u017euolinis stalas ST307 \u2013 tai modernus modelis, pagamintas i\u0161 med\u017eio masyvo, pasi\u017eymintis minimalistiniu dizainu, \u012fkv\u0117ptu vidurio am\u017eiaus modernumo. Lieknos kojel\u0117s, \u0161velniai u\u017eapvalintas stalvir\u0161is ir subtilios linijos sukuria lengv\u0105, ta\u010diau eleganti\u0161k\u0105 bald\u0105, puikiai tinkant\u012f svetainei, valgomajam ar moderniai virtuvei.<\/p>\n<p>Stalas turi prakti\u0161k\u0105, i\u0161traukiam\u0105 mechanizm\u0105, kuris veikia greitai ir intuityviai \u2013 j\u012f galite lengvai valdyti patys. Patogus i\u0161traukiamas elementas telpa stalo viduje, taupant viet\u0105, kai nenaudojamas.<\/p>\n<p>D\u0117l kruop\u0161\u010diai i\u0161puosel\u0117tos formos ir rafinuoto med\u017eio ra\u0161to, ST307 stalas lengvai tiks \u012fvairiuose interjeruose \u2013 nuo \u0161viesi\u0173, jauki\u0173 japoni\u0161ko stiliaus interjer\u0173 iki minimalistini\u0173 skandinavi\u0161k\u0173 erdvi\u0173. Tai puikus pasirinkimas tiems, kurie ie\u0161ko estetikos, kokyb\u0117s ir funkcionalumo derinio viename balde.<\/p>","protected":false},"excerpt":{"rendered":"<p>ST307 i\u0161traukiamas \u0105\u017euolinis stalas yra modernus modelis, pagamintas i\u0161 med\u017eio masyvo, pasi\u017eymintis minimalistiniu dizainu, \u012fkv\u0117ptu vidurio am\u017eiaus modernumo. Lieknos kojel\u0117s, \u0161velniai u\u017eapvalintas stalvir\u0161is ir subtilios linijos sukuria lengv\u0105, ta\u010diau eleganti\u0161k\u0105 bald\u0105, puikiai tinkant\u012f svetainei, valgomajam ar moderniai virtuvei. Stalas turi prakti\u0161k\u0105, i\u0161traukiam\u0105 mechanizm\u0105 [\u2026]<\/p>","protected":false},"featured_media":83448,"comment_status":"open","ping_status":"open","template":"","meta":[],"product_brand":[],"product_cat":[9303,2113,1934],"product_tag":[],"class_list":{"0":"post-83447","1":"product","2":"type-product","3":"status-publish","4":"has-post-thumbnail","6":"product_cat-oak-furniture-drewmax","7":"product_cat-drewmax","8":"product_cat-tables","10":"first","11":"instock","12":"purchasable","13":"product-type-simple"},"_links":{"self":[{"href":"https:\/\/baldumarket.lt\/lt\/wp-json\/wp\/v2\/product\/83447","targetHints":{"allow":["GET"]}}],"collection":[{"href":"https:\/\/baldumarket.lt\/lt\/wp-json\/wp\/v2\/product"}],"about":[{"href":"https:\/\/baldumarket.lt\/lt\/wp-json\/wp\/v2\/types\/product"}],"replies":[{"embeddable":true,"href":"https:\/\/baldumarket.lt\/lt\/wp-json\/wp\/v2\/comments?post=83447"}],"wp:featuredmedia":[{"embeddable":true,"href":"https:\/\/baldumarket.lt\/lt\/wp-json\/wp\/v2\/media\/83448"}],"wp:attachment":[{"href":"https:\/\/baldumarket.lt\/lt\/wp-json\/wp\/v2\/media?parent=83447"}],"wp:term":[{"taxonomy":"product_brand","embeddable":true,"href":"https:\/\/baldumarket.lt\/lt\/wp-json\/wp\/v2\/product_brand?post=83447"},{"taxonomy":"product_cat","embeddable":true,"href":"https:\/\/baldumarket.lt\/lt\/wp-json\/wp\/v2\/product_cat?post=83447"},{"taxonomy":"product_tag","embeddable":true,"href":"https:\/\/baldumarket.lt\/lt\/wp-json\/wp\/v2\/product_tag?post=83447"}],"curies":[{"name":"wp","href":"https:\/\/api.w.org\/{rel}","templated":true}]}}