{"id":83405,"date":"2025-12-04T23:04:45","date_gmt":"2025-12-04T20:04:45","guid":{"rendered":"https:\/\/baldumarket.lt\/product\/stol-debowy-st399-dab-kakao\/"},"modified":"2026-02-04T00:28:26","modified_gmt":"2026-02-03T21:28:26","slug":"stol-debowy-st399-dab-kakao","status":"publish","type":"product","link":"https:\/\/baldumarket.lt\/lt\/product\/stol-debowy-st399-dab-kakao\/","title":{"rendered":"\u0104\u017euolinis stalas ST399 kakavos \u0105\u017euolas"},"content":{"rendered":"<p>\u0104\u017euolinis stalas ST399 \u2013 puikus pasirinkimas tiems, kurie vertina paprastum\u0105 ir nesenstant\u012f dizain\u0105. Pagamintas i\u0161 tvirto \u0105\u017euolo, jis pasi\u017eymi paprasta, geometrine forma ir moderniu charakteriu. \u0160is baldas ras savo viet\u0105 tiek valgomajame, tiek komercin\u0117je erdv\u0117je \u2013 restorane ar konferencij\u0173 sal\u0117je.<\/p>\n<p>\u0104\u017euolinis stalas ST399 turi i\u0161traukiamo t\u016brio funkcij\u0105, tod\u0117l jo dyd\u012f lengva reguliuoti pagal sve\u010di\u0173 skai\u010di\u0173. Kruop\u0161\u010diai parinktos med\u017eiagos, tvirta apdaila ir universali estetika leid\u017eia stalui tinkant daugumai modernaus, skandinavi\u0161ko, japoni\u0161ko ar minimalistinio stiliaus interjer\u0173.<\/p>\n<p>Jei ie\u0161kote patvaraus ir eleganti\u0161ko nat\u016bralaus med\u017eio stalo, kuris \u017eav\u0117t\u0173 savo paprasta forma ir funkcionalumu, ST399 yra puikus pasirinkimas.<\/p>","protected":false},"excerpt":{"rendered":"<p>\u0104\u017euolinis stalas ST399 \u2013 puikus pasirinkimas tiems, kurie vertina paprastum\u0105 ir nesenstant\u012f dizain\u0105. Pagamintas i\u0161 tvirto \u0105\u017euolo, jis pasi\u017eymi paprasta, geometrine forma ir moderniu charakteriu. \u0160is baldas ras savo viet\u0105 tiek valgomajame, tiek komercin\u0117je erdv\u0117je \u2013 restorane ar konferencij\u0173 sal\u0117je. \u0104\u017euolinis stalas ST399 [\u2026]<\/p>","protected":false},"featured_media":83393,"comment_status":"open","ping_status":"open","template":"","meta":[],"product_brand":[],"product_cat":[9303,2113,1934],"product_tag":[],"class_list":{"0":"post-83405","1":"product","2":"type-product","3":"status-publish","4":"has-post-thumbnail","6":"product_cat-oak-furniture-drewmax","7":"product_cat-drewmax","8":"product_cat-tables","10":"first","11":"instock","12":"purchasable","13":"product-type-simple"},"_links":{"self":[{"href":"https:\/\/baldumarket.lt\/lt\/wp-json\/wp\/v2\/product\/83405","targetHints":{"allow":["GET"]}}],"collection":[{"href":"https:\/\/baldumarket.lt\/lt\/wp-json\/wp\/v2\/product"}],"about":[{"href":"https:\/\/baldumarket.lt\/lt\/wp-json\/wp\/v2\/types\/product"}],"replies":[{"embeddable":true,"href":"https:\/\/baldumarket.lt\/lt\/wp-json\/wp\/v2\/comments?post=83405"}],"wp:featuredmedia":[{"embeddable":true,"href":"https:\/\/baldumarket.lt\/lt\/wp-json\/wp\/v2\/media\/83393"}],"wp:attachment":[{"href":"https:\/\/baldumarket.lt\/lt\/wp-json\/wp\/v2\/media?parent=83405"}],"wp:term":[{"taxonomy":"product_brand","embeddable":true,"href":"https:\/\/baldumarket.lt\/lt\/wp-json\/wp\/v2\/product_brand?post=83405"},{"taxonomy":"product_cat","embeddable":true,"href":"https:\/\/baldumarket.lt\/lt\/wp-json\/wp\/v2\/product_cat?post=83405"},{"taxonomy":"product_tag","embeddable":true,"href":"https:\/\/baldumarket.lt\/lt\/wp-json\/wp\/v2\/product_tag?post=83405"}],"curies":[{"name":"wp","href":"https:\/\/api.w.org\/{rel}","templated":true}]}}