{"id":83325,"date":"2025-12-04T23:02:24","date_gmt":"2025-12-04T20:02:24","guid":{"rendered":"https:\/\/baldumarket.lt\/product\/stol-metalowo-debowy-st316-dab-dark\/"},"modified":"2026-02-04T00:28:45","modified_gmt":"2026-02-03T21:28:45","slug":"stol-metalowo-debowy-st316-dab-dark","status":"publish","type":"product","link":"https:\/\/baldumarket.lt\/lt\/product\/stol-metalowo-debowy-st316-dab-dark\/","title":{"rendered":"Metalinis ir \u0105\u017euolinis stalas ST316 tamsus \u0105\u017euolas"},"content":{"rendered":"<p>ST316 \u0105\u017euolinis stalas \u2013 tai ry\u0161kus masyvios medienos ir modernaus, juodo plieno pagrindo derinys. I\u0161 auk\u0161\u010diausios kokyb\u0117s masyvo \u0105\u017euolo pagamintas stalvir\u0161is \u017eavi nat\u016braliais ra\u0161tais ir \u0161iltomis spalvomis, o i\u0161skirtin\u0117 dizainerio sukurta koja suteikia stalui industrinio \u017eavesio. Apvali stalvir\u0161io forma garantuoja komfort\u0105, o i\u0161traukiama funkcija leid\u017eia ST316 modeliui puikiai tinkant didesniems susib\u016brimams ar \u0161eimos \u0161vent\u0117ms.<\/p>\n<p>Tai puikus pasirinkimas moderniems valgomiesiems, svetain\u0117ms, restoranams ir komercin\u0117ms erdv\u0117ms, kur svarbiausia funkcionalumas ir stilius. \u0104\u017euolinis stalas ST316 pasi\u017eymi elegancija, patvarumu ir patogumu kasdieniam naudojimui.<\/p>","protected":false},"excerpt":{"rendered":"<p>\u0104\u017euolinis stalas ST316 \u2013 tai ry\u0161kus med\u017eio masyvo ir modernaus, juodo plieno pagrindo derinys. I\u0161 auk\u0161\u010diausios kokyb\u0117s \u0105\u017euolo masyvo pagamintas stalvir\u0161is \u017eavi nat\u016braliais ra\u0161tais ir \u0161iltomis spalvomis, o i\u0161skirtin\u0117 dizainerio sukurta koja suteikia industrin\u012f akcent\u0105. Apvali stalvir\u0161io forma garantuoja komfort\u0105, o i\u0161traukiamas funkcionalumas [\u2026]<\/p>","protected":false},"featured_media":83314,"comment_status":"open","ping_status":"open","template":"","meta":[],"product_brand":[],"product_cat":[9316,9303,2113,1934],"product_tag":[],"class_list":{"0":"post-83325","1":"product","2":"type-product","3":"status-publish","4":"has-post-thumbnail","6":"product_cat-metal-collection-drewmax","7":"product_cat-oak-furniture-drewmax","8":"product_cat-drewmax","9":"product_cat-tables","11":"first","12":"instock","13":"purchasable","14":"product-type-simple"},"_links":{"self":[{"href":"https:\/\/baldumarket.lt\/lt\/wp-json\/wp\/v2\/product\/83325","targetHints":{"allow":["GET"]}}],"collection":[{"href":"https:\/\/baldumarket.lt\/lt\/wp-json\/wp\/v2\/product"}],"about":[{"href":"https:\/\/baldumarket.lt\/lt\/wp-json\/wp\/v2\/types\/product"}],"replies":[{"embeddable":true,"href":"https:\/\/baldumarket.lt\/lt\/wp-json\/wp\/v2\/comments?post=83325"}],"wp:featuredmedia":[{"embeddable":true,"href":"https:\/\/baldumarket.lt\/lt\/wp-json\/wp\/v2\/media\/83314"}],"wp:attachment":[{"href":"https:\/\/baldumarket.lt\/lt\/wp-json\/wp\/v2\/media?parent=83325"}],"wp:term":[{"taxonomy":"product_brand","embeddable":true,"href":"https:\/\/baldumarket.lt\/lt\/wp-json\/wp\/v2\/product_brand?post=83325"},{"taxonomy":"product_cat","embeddable":true,"href":"https:\/\/baldumarket.lt\/lt\/wp-json\/wp\/v2\/product_cat?post=83325"},{"taxonomy":"product_tag","embeddable":true,"href":"https:\/\/baldumarket.lt\/lt\/wp-json\/wp\/v2\/product_tag?post=83325"}],"curies":[{"name":"wp","href":"https:\/\/api.w.org\/{rel}","templated":true}]}}