{"id":83312,"date":"2025-12-04T23:02:12","date_gmt":"2025-12-04T20:02:12","guid":{"rendered":"https:\/\/baldumarket.lt\/product\/szafka-nocna-metalowo-debowa-metal-sn372-dab-naturalny\/"},"modified":"2026-02-04T00:28:45","modified_gmt":"2026-02-03T21:28:45","slug":"szafka-nocna-metalowo-debowa-metal-sn372-dab-naturalny","status":"publish","type":"product","link":"https:\/\/baldumarket.lt\/lt\/product\/szafka-nocna-metalowo-debowa-metal-sn372-dab-naturalny\/","title":{"rendered":"Metalinis ir \u0105\u017euolinis naktinis staliukas METAL SN372 nat\u016bralus \u0105\u017euolas"},"content":{"rendered":"<p>SN372 naktinis staliukas \u2013 tai tobulas nat\u016bralaus \u0105\u017euolo ir minimalistinio juodo plieno derinys. Modernus, lofto \u012fkv\u0117ptas dizainas bet kokiam interjerui suteikia neapdorotos elegancijos ir funkcionalumo. Prakti\u0161kas stal\u010dius smulkiems daiktams ir atvira lentyna u\u017etikrina patogi\u0105 prieig\u0105 prie b\u016btiniausi\u0173 daikt\u0173, o tvirta konstrukcija garantuoja ilgaam\u017ei\u0161kum\u0105.<\/p>\n<p>\u0160is modelis puikiai tiks tiek moderniame, tiek pramoniniame interjere.<\/p>","protected":false},"excerpt":{"rendered":"<p>SN372 naktinis staliukas \u2013 tai tobulas nat\u016bralaus \u0105\u017euolo ir minimalistinio juodo plieno derinys. Modernus, lofto \u012fkv\u0117ptas dizainas bet kokiam interjerui suteikia neapdorotos elegancijos ir funkcionalumo. Prakti\u0161kas stal\u010dius smulkiems daiktams ir atvira lentyna suteikia patogi\u0105 prieig\u0105 prie b\u016btiniausi\u0173 daikt\u0173, o tvirta konstrukcija garantuoja ilgaam\u017ei\u0161kum\u0105. \u0160is modelis [\u2026]<\/p>","protected":false},"featured_media":83307,"comment_status":"open","ping_status":"open","template":"","meta":[],"product_brand":[],"product_cat":[9316,1176,2113],"product_tag":[],"class_list":{"0":"post-83312","1":"product","2":"type-product","3":"status-publish","4":"has-post-thumbnail","6":"product_cat-metal-collection-drewmax","7":"product_cat-bedside-tables","8":"product_cat-drewmax","10":"first","11":"instock","12":"purchasable","13":"product-type-simple"},"_links":{"self":[{"href":"https:\/\/baldumarket.lt\/lt\/wp-json\/wp\/v2\/product\/83312","targetHints":{"allow":["GET"]}}],"collection":[{"href":"https:\/\/baldumarket.lt\/lt\/wp-json\/wp\/v2\/product"}],"about":[{"href":"https:\/\/baldumarket.lt\/lt\/wp-json\/wp\/v2\/types\/product"}],"replies":[{"embeddable":true,"href":"https:\/\/baldumarket.lt\/lt\/wp-json\/wp\/v2\/comments?post=83312"}],"wp:featuredmedia":[{"embeddable":true,"href":"https:\/\/baldumarket.lt\/lt\/wp-json\/wp\/v2\/media\/83307"}],"wp:attachment":[{"href":"https:\/\/baldumarket.lt\/lt\/wp-json\/wp\/v2\/media?parent=83312"}],"wp:term":[{"taxonomy":"product_brand","embeddable":true,"href":"https:\/\/baldumarket.lt\/lt\/wp-json\/wp\/v2\/product_brand?post=83312"},{"taxonomy":"product_cat","embeddable":true,"href":"https:\/\/baldumarket.lt\/lt\/wp-json\/wp\/v2\/product_cat?post=83312"},{"taxonomy":"product_tag","embeddable":true,"href":"https:\/\/baldumarket.lt\/lt\/wp-json\/wp\/v2\/product_tag?post=83312"}],"curies":[{"name":"wp","href":"https:\/\/api.w.org\/{rel}","templated":true}]}}