{"id":83267,"date":"2025-12-04T23:01:31","date_gmt":"2025-12-04T20:01:31","guid":{"rendered":"https:\/\/baldumarket.lt\/product\/krzeslo-tom-mo108-swierk-dab\/"},"modified":"2026-02-04T00:28:49","modified_gmt":"2026-02-03T21:28:49","slug":"krzeslo-tom-mo108-swierk-dab","status":"publish","type":"product","link":"https:\/\/baldumarket.lt\/lt\/product\/krzeslo-tom-mo108-swierk-dab\/","title":{"rendered":"TOM k\u0117d\u0117 (MO108) egl\u0117 \u0105\u017euolas"},"content":{"rendered":"<p>Sulankstoma sodo k\u0117d\u0117 TOM, pagaminta i\u0161 egl\u0117s medienos, d\u0117l auk\u0161to atlo\u0161o ir poranki\u0173 suteikia patogi\u0105 s\u0117d\u0117jimo patirt\u012f. \u0160i k\u0117d\u0117 puikiai tinka ilgoms atsipalaidavimo valandoms lauke. Kartu su \u0161ios kolekcijos TOM stalu j\u0105 galima sukurti komplektus, kuriuose gal\u0117s apsistoti dar daugiau sve\u010di\u0173.<\/p>","protected":false},"excerpt":{"rendered":"<p>Sulankstoma sodo k\u0117d\u0117 TOM, pagaminta i\u0161 egl\u0117s medienos, d\u0117l auk\u0161to atlo\u0161o ir poranki\u0173 suteikia patogi\u0105 s\u0117d\u0117jimo patirt\u012f. \u0160i k\u0117d\u0117 puikiai tinka ilgoms atsipalaidavimo valandoms lauke. Kartu su \u0161ios kolekcijos TOM stalu j\u0105 galima sukurti komplektus, kuriuose gal\u0117s apsistoti dar daugiau sve\u010di\u0173.<\/p>","protected":false},"featured_media":83268,"comment_status":"open","ping_status":"open","template":"","meta":[],"product_brand":[],"product_cat":[9305,1930,2113],"product_tag":[],"class_list":{"0":"post-83267","1":"product","2":"type-product","3":"status-publish","4":"has-post-thumbnail","6":"product_cat-pine-furniture-drewmax","7":"product_cat-chairs","8":"product_cat-drewmax","10":"first","11":"instock","12":"purchasable","13":"product-type-simple"},"_links":{"self":[{"href":"https:\/\/baldumarket.lt\/lt\/wp-json\/wp\/v2\/product\/83267","targetHints":{"allow":["GET"]}}],"collection":[{"href":"https:\/\/baldumarket.lt\/lt\/wp-json\/wp\/v2\/product"}],"about":[{"href":"https:\/\/baldumarket.lt\/lt\/wp-json\/wp\/v2\/types\/product"}],"replies":[{"embeddable":true,"href":"https:\/\/baldumarket.lt\/lt\/wp-json\/wp\/v2\/comments?post=83267"}],"wp:featuredmedia":[{"embeddable":true,"href":"https:\/\/baldumarket.lt\/lt\/wp-json\/wp\/v2\/media\/83268"}],"wp:attachment":[{"href":"https:\/\/baldumarket.lt\/lt\/wp-json\/wp\/v2\/media?parent=83267"}],"wp:term":[{"taxonomy":"product_brand","embeddable":true,"href":"https:\/\/baldumarket.lt\/lt\/wp-json\/wp\/v2\/product_brand?post=83267"},{"taxonomy":"product_cat","embeddable":true,"href":"https:\/\/baldumarket.lt\/lt\/wp-json\/wp\/v2\/product_cat?post=83267"},{"taxonomy":"product_tag","embeddable":true,"href":"https:\/\/baldumarket.lt\/lt\/wp-json\/wp\/v2\/product_tag?post=83267"}],"curies":[{"name":"wp","href":"https:\/\/api.w.org\/{rel}","templated":true}]}}