{"id":83256,"date":"2025-12-04T23:01:22","date_gmt":"2025-12-04T20:01:22","guid":{"rendered":"https:\/\/baldumarket.lt\/product\/poduszka-roxi-mo128-tekstylia-mietowy\/"},"modified":"2026-02-04T00:28:50","modified_gmt":"2026-02-03T21:28:50","slug":"poduszka-roxi-mo128-tekstylia-mietowy","status":"publish","type":"product","link":"https:\/\/baldumarket.lt\/lt\/product\/poduszka-roxi-mo128-tekstylia-mietowy\/","title":{"rendered":"ROXI pagalv\u0117 (MO128) tekstilin\u0117 m\u0117t\u0173"},"content":{"rendered":"<p>ROXI PAGALV\u0116<\/p>\n<p>\u201eROXI\u201c sodo k\u0117d\u0117s pagalv\u0117l\u0117 \u2013 puikus sprendimas m\u0117gstantiems atsipalaiduoti lauke. J\u0105 galima \u012fsigyti \u012fvairi\u0173 spalv\u0173, tod\u0117l j\u0105 galima priderinti prie pasirinkto sodo dizaino. Patvarios ir lengvai valomos pagalv\u0117l\u0117s med\u017eiagos u\u017etikrina atsparum\u0105 nepalankioms oro s\u0105lygoms. \u201eROXI\u201c pagalv\u0117l\u0117 puikiai papildo \u201eTOM\u201c sodo k\u0117d\u0119, suteikia papildomo komforto ir pagerina viso sodo i\u0161d\u0117stymo estetin\u012f patrauklum\u0105.<\/p>\n<p>\u201eROXI\u201c sodo pagalv\u0117l\u0117 yra ne tik stilingas, bet ir labai funkcionalus j\u016bs\u0173 sodo bald\u0173 papildymas, paversiantis j\u016bs\u0173 laik\u0105 lauke dar malonesniu ir atpalaiduojan\u010diu. \u201eROXI\u201c sodo pagalv\u0117l\u0117s \u012fsigijimas yra investicija, kuri greitai atsiperka. D\u0117l auk\u0161tos kokyb\u0117s med\u017eiag\u0173 ir tvirtos konstrukcijos galite b\u016bti tikri, kad \u0161i pagalv\u0117l\u0117 lyd\u0117s jus daugel\u012f sezon\u0173, teikdama neprilygstam\u0105 komfort\u0105.<\/p>\n<p>Technin\u0117s specifikacijos:<\/p>\n<p>\u2705 Modelis: ROXI<\/p>\n<p>\u2705 Galimos spalvos: sm\u0117lio, grafito, pilka<\/p>\n<p>\u2705 Plotis: 48 cm<\/p>\n<p>\u2705 Auk\u0161tis: 110 cm<\/p>\n<p>\u2705 Storis: 4 cm<\/p>\n<p>\u2705 Svoris: 0,6 kg<\/p>","protected":false},"excerpt":{"rendered":"<p>ROXI PAGALV\u0116L\u0116 ROXI sodo k\u0117d\u0117s pagalv\u0117l\u0117 \u2013 puikus sprendimas m\u0117gstantiems atsipalaiduoti lauke. Galima rinktis i\u0161 \u012fvairi\u0173 spalv\u0173, tod\u0117l j\u0105 galima priderinti prie pasirinkto sodo dizaino. Patvarios ir lengvai valomos pagalv\u0117l\u0117s med\u017eiagos u\u017etikrina atsparum\u0105 nepalankioms oro s\u0105lygoms. ROXI pagalv\u0117l\u0117 puikiai papildo sodo k\u0117d\u0119 TOM, [\u2026]<\/p>","protected":false},"featured_media":83257,"comment_status":"open","ping_status":"open","template":"","meta":[],"product_brand":[],"product_cat":[9307,9251,2113],"product_tag":[],"class_list":{"0":"post-83256","1":"product","2":"type-product","3":"status-publish","4":"has-post-thumbnail","6":"product_cat-garden-furniture-drewmax","7":"product_cat-musor","8":"product_cat-drewmax","10":"first","11":"instock","12":"purchasable","13":"product-type-simple"},"_links":{"self":[{"href":"https:\/\/baldumarket.lt\/lt\/wp-json\/wp\/v2\/product\/83256","targetHints":{"allow":["GET"]}}],"collection":[{"href":"https:\/\/baldumarket.lt\/lt\/wp-json\/wp\/v2\/product"}],"about":[{"href":"https:\/\/baldumarket.lt\/lt\/wp-json\/wp\/v2\/types\/product"}],"replies":[{"embeddable":true,"href":"https:\/\/baldumarket.lt\/lt\/wp-json\/wp\/v2\/comments?post=83256"}],"wp:featuredmedia":[{"embeddable":true,"href":"https:\/\/baldumarket.lt\/lt\/wp-json\/wp\/v2\/media\/83257"}],"wp:attachment":[{"href":"https:\/\/baldumarket.lt\/lt\/wp-json\/wp\/v2\/media?parent=83256"}],"wp:term":[{"taxonomy":"product_brand","embeddable":true,"href":"https:\/\/baldumarket.lt\/lt\/wp-json\/wp\/v2\/product_brand?post=83256"},{"taxonomy":"product_cat","embeddable":true,"href":"https:\/\/baldumarket.lt\/lt\/wp-json\/wp\/v2\/product_cat?post=83256"},{"taxonomy":"product_tag","embeddable":true,"href":"https:\/\/baldumarket.lt\/lt\/wp-json\/wp\/v2\/product_tag?post=83256"}],"curies":[{"name":"wp","href":"https:\/\/api.w.org\/{rel}","templated":true}]}}