{"id":83255,"date":"2025-12-04T23:01:20","date_gmt":"2025-12-04T20:01:20","guid":{"rendered":"https:\/\/baldumarket.lt\/product\/stol-tom-mo109-swierk-tik-2\/"},"modified":"2026-02-04T00:28:50","modified_gmt":"2026-02-03T21:28:50","slug":"stol-tom-mo109-swierk-tik-2","status":"publish","type":"product","link":"https:\/\/baldumarket.lt\/lt\/product\/stol-tom-mo109-swierk-tik-2\/","title":{"rendered":"TOM stalas (MO109) tikmed\u017eio egl\u0117"},"content":{"rendered":"<p>Tvirtas ir stabilus TOM sodo stalas, pagamintas i\u0161 egl\u0117s medienos, pasi\u017eymi erdviu stalvir\u0161iu su \u0161velniai u\u017eapvalintais kra\u0161tais, kad b\u016bt\u0173 patogu naudoti ir ilgas valandas leisti poilsiui lauke. Kartu su tos pa\u010dios kolekcijos TOM sulankstomomis k\u0117d\u0117mis galite sukurti komplekt\u0105, kuriame tilps dar daugiau sve\u010di\u0173.<\/p>","protected":false},"excerpt":{"rendered":"<p>Tvirtas ir stabilus TOM sodo stalas, pagamintas i\u0161 egl\u0117s medienos, pasi\u017eymi erdviu stalvir\u0161iu su \u0161velniai u\u017eapvalintais kra\u0161tais, kad b\u016bt\u0173 patogu naudoti ir ilgas valandas leisti poilsiui lauke. Kartu su tos pa\u010dios kolekcijos TOM sulankstomomis k\u0117d\u0117mis galite sukurti komplekt\u0105, kuriame tilps dar daugiau sve\u010di\u0173.<\/p>","protected":false},"featured_media":83242,"comment_status":"open","ping_status":"open","template":"","meta":[],"product_brand":[],"product_cat":[9305,2113,1934],"product_tag":[],"class_list":{"0":"post-83255","1":"product","2":"type-product","3":"status-publish","4":"has-post-thumbnail","6":"product_cat-pine-furniture-drewmax","7":"product_cat-drewmax","8":"product_cat-tables","10":"first","11":"instock","12":"purchasable","13":"product-type-simple"},"_links":{"self":[{"href":"https:\/\/baldumarket.lt\/lt\/wp-json\/wp\/v2\/product\/83255","targetHints":{"allow":["GET"]}}],"collection":[{"href":"https:\/\/baldumarket.lt\/lt\/wp-json\/wp\/v2\/product"}],"about":[{"href":"https:\/\/baldumarket.lt\/lt\/wp-json\/wp\/v2\/types\/product"}],"replies":[{"embeddable":true,"href":"https:\/\/baldumarket.lt\/lt\/wp-json\/wp\/v2\/comments?post=83255"}],"wp:featuredmedia":[{"embeddable":true,"href":"https:\/\/baldumarket.lt\/lt\/wp-json\/wp\/v2\/media\/83242"}],"wp:attachment":[{"href":"https:\/\/baldumarket.lt\/lt\/wp-json\/wp\/v2\/media?parent=83255"}],"wp:term":[{"taxonomy":"product_brand","embeddable":true,"href":"https:\/\/baldumarket.lt\/lt\/wp-json\/wp\/v2\/product_brand?post=83255"},{"taxonomy":"product_cat","embeddable":true,"href":"https:\/\/baldumarket.lt\/lt\/wp-json\/wp\/v2\/product_cat?post=83255"},{"taxonomy":"product_tag","embeddable":true,"href":"https:\/\/baldumarket.lt\/lt\/wp-json\/wp\/v2\/product_tag?post=83255"}],"curies":[{"name":"wp","href":"https:\/\/api.w.org\/{rel}","templated":true}]}}