{"id":83229,"date":"2025-12-04T23:00:55","date_gmt":"2025-12-04T20:00:55","guid":{"rendered":"https:\/\/baldumarket.lt\/product\/slizg-tosia-mo209-pastelowy-rozowy\/"},"modified":"2026-02-04T00:28:51","modified_gmt":"2026-02-03T21:28:51","slug":"slizg-tosia-mo209-pastelowy-rozowy","status":"publish","type":"product","link":"https:\/\/baldumarket.lt\/lt\/product\/slizg-tosia-mo209-pastelowy-rozowy\/","title":{"rendered":"TOSIA \u0161lepet\u0117s (MO209) pastelin\u0117s ro\u017ein\u0117s spalvos"},"content":{"rendered":"<p>TOSIA skaidr\u0117<\/p>\n<p>TOSIA \u010diuo\u017eykla puikiai papildys j\u016bs\u0173 nam\u0173 \u017eaidim\u0173 aik\u0161tel\u0119, sodo namel\u012f ar kitus sodo statinius. Pagaminta i\u0161 auk\u0161tos kokyb\u0117s plastiko, \u010diuo\u017eykla yra patvari ir atspari oro s\u0105lygoms, u\u017etikrinanti ilgaam\u017ei\u0161kum\u0105. Ji pagaminta i\u0161 HDPE (didelio tankio polietileno) \u2013 saugaus plastiko, naudojamo tokiuose gaminiuose kaip pieno buteliukai. \u0160i med\u017eiaga yra itin patvari ir atspari saul\u0117s spinduliams. Auk\u0161ta kokyb\u0117 ir kruop\u0161tus darbas garantuoja j\u016bs\u0173 vaiko saugum\u0105. Auk\u0161tos \u0161onin\u0117s sienel\u0117s suteikia papildom\u0105 apsaug\u0105 ma\u017eesniems vaikams. TOSIA sodo \u010diuo\u017eykla suteiks j\u016bs\u0173 vaikui nepamir\u0161tam\u0173 pramog\u0173 ir malonum\u0173 lauke, kartu skatindama jo fizin\u012f ir socialin\u012f vystym\u0105si.<\/p>\n<p>Jei ie\u0161kote patvaraus ir saugaus sprendimo savo sodui ar kiemui, TOSIA \u010diuo\u017eykla yra puikus pasirinkimas. Atitinka Europos standartus ir saugos standartus, taikomus \u017eaidim\u0173 aik\u0161teli\u0173 priedams, taikomus Europos S\u0105jungoje:<\/p>\n<p>\u2705 TUV NORD<\/p>\n<p>\u2705 EN71-1<\/p>\n<p>\u2705 EN71-2<\/p>\n<p>\u2705 EN71-3<\/p>\n<p>\u2705 EN 71-8<\/p>\n<p>Padovanokite savo vaikui nepamir\u0161tam\u0173 u\u017esi\u0117mim\u0173 lauke su TOSIA sodo \u010diuo\u017eykla.<\/p>\n<p>Technin\u0117s specifikacijos:<\/p>\n<p>\u2705 Modelis: TOSIA<\/p>\n<p>\u2705 I\u0161oriniai matmenys, i\u0161matuoti tiesia linija: 2196 x 484 mm<\/p>\n<p>\u2705 Vidinis rampos plotis: apie 35 cm<\/p>\n<p>\u2705 Rekomenduojamas tvirtinimo platformos auk\u0161tis: 1,2 m<\/p>\n<p>\u2705 Did\u017eiausia ta\u0161kin\u0117 apkrova: 50 kg<\/p>\n<p>\u2705 Montavimo kampas: apie 35 laipsniai<\/p>\n<p>\u2705 Rekomenduojamas vaiko am\u017eius: nuo 3 met\u0173<\/p>\n<p>\u2705 Montavimas: \u012fleid\u017eiamieji var\u017etai, 5 arba 6 mm skersmens<\/p>\n<p>Netaisyklinga spalva yra gaminio savyb\u0117, atsirandanti d\u0117l daugelio veiksni\u0173, toki\u0173 kaip liejimo formos konstrukcija, med\u017eiagos tipas ir proceso parametrai. Tai n\u0117ra gaminio defektas ir jai netaikomos garantijos pretenzijos.<\/p>","protected":false},"excerpt":{"rendered":"<p>TOSIA \u010diuo\u017eykla TOSIA \u010diuo\u017eykla puikiai papildys j\u016bs\u0173 nam\u0173 \u017eaidim\u0173 aik\u0161tel\u0119, sodo namel\u012f ar kitus sodo statinius. Pagaminta i\u0161 auk\u0161tos kokyb\u0117s plastiko, \u010diuo\u017eykla yra patvari ir atspari oro s\u0105lygoms, u\u017etikrinanti ilgamet\u012f naudojim\u0105. Ji pagaminta i\u0161 HDPE (didelio tankio polietileno) \u2013 saugaus plastiko, naudojamo tokiuose gaminiuose kaip pieno buteliai. \u0160i med\u017eiaga yra itin patvari ir [\u2026]<\/p>","protected":false},"featured_media":83230,"comment_status":"open","ping_status":"open","template":"","meta":[],"product_brand":[],"product_cat":[9307,9251,2113],"product_tag":[],"class_list":{"0":"post-83229","1":"product","2":"type-product","3":"status-publish","4":"has-post-thumbnail","6":"product_cat-garden-furniture-drewmax","7":"product_cat-musor","8":"product_cat-drewmax","9":"pa_length-cm-2153","11":"first","12":"instock","13":"purchasable","14":"product-type-simple"},"_links":{"self":[{"href":"https:\/\/baldumarket.lt\/lt\/wp-json\/wp\/v2\/product\/83229","targetHints":{"allow":["GET"]}}],"collection":[{"href":"https:\/\/baldumarket.lt\/lt\/wp-json\/wp\/v2\/product"}],"about":[{"href":"https:\/\/baldumarket.lt\/lt\/wp-json\/wp\/v2\/types\/product"}],"replies":[{"embeddable":true,"href":"https:\/\/baldumarket.lt\/lt\/wp-json\/wp\/v2\/comments?post=83229"}],"wp:featuredmedia":[{"embeddable":true,"href":"https:\/\/baldumarket.lt\/lt\/wp-json\/wp\/v2\/media\/83230"}],"wp:attachment":[{"href":"https:\/\/baldumarket.lt\/lt\/wp-json\/wp\/v2\/media?parent=83229"}],"wp:term":[{"taxonomy":"product_brand","embeddable":true,"href":"https:\/\/baldumarket.lt\/lt\/wp-json\/wp\/v2\/product_brand?post=83229"},{"taxonomy":"product_cat","embeddable":true,"href":"https:\/\/baldumarket.lt\/lt\/wp-json\/wp\/v2\/product_cat?post=83229"},{"taxonomy":"product_tag","embeddable":true,"href":"https:\/\/baldumarket.lt\/lt\/wp-json\/wp\/v2\/product_tag?post=83229"}],"curies":[{"name":"wp","href":"https:\/\/api.w.org\/{rel}","templated":true}]}}