{"id":83218,"date":"2025-12-04T23:00:45","date_gmt":"2025-12-04T20:00:45","guid":{"rendered":"https:\/\/baldumarket.lt\/product\/wiatrak-wendy-mo133-swierk-tik\/"},"modified":"2026-02-04T00:28:52","modified_gmt":"2026-02-03T21:28:52","slug":"wiatrak-wendy-mo133-swierk-tik","status":"publish","type":"product","link":"https:\/\/baldumarket.lt\/lt\/product\/wiatrak-wendy-mo133-swierk-tik\/","title":{"rendered":"WENDY v\u0117jo mal\u016bnas (MO133) Erkin\u0117 egl\u0117"},"content":{"rendered":"<p>WENDY sodo v\u0117jo mal\u016bnas pagamintas i\u0161 auk\u0161tos kokyb\u0117s egl\u0117s medienos. Ant guoli\u0173 pritvirtinti sraigtai sukasi kartu su v\u0117ju. Tai idealus ma\u017eas dekoratyvinis elementas j\u016bs\u0173 sodui, terasai, kiemui ar dar\u017eui.<\/p>","protected":false},"excerpt":{"rendered":"<p>WENDY sodo v\u0117jo mal\u016bnas pagamintas i\u0161 auk\u0161tos kokyb\u0117s egl\u0117s medienos. Ant guoli\u0173 pritvirtinti sraigtai sukasi kartu su v\u0117ju. Tai idealus ma\u017eas dekoratyvinis elementas j\u016bs\u0173 sodui, terasai, kiemui ar dar\u017eui.<\/p>","protected":false},"featured_media":83219,"comment_status":"open","ping_status":"open","template":"","meta":[],"product_brand":[],"product_cat":[2113,1043],"product_tag":[],"class_list":{"0":"post-83218","1":"product","2":"type-product","3":"status-publish","4":"has-post-thumbnail","6":"product_cat-drewmax","7":"product_cat-extras","9":"first","10":"instock","11":"purchasable","12":"product-type-simple"},"_links":{"self":[{"href":"https:\/\/baldumarket.lt\/lt\/wp-json\/wp\/v2\/product\/83218","targetHints":{"allow":["GET"]}}],"collection":[{"href":"https:\/\/baldumarket.lt\/lt\/wp-json\/wp\/v2\/product"}],"about":[{"href":"https:\/\/baldumarket.lt\/lt\/wp-json\/wp\/v2\/types\/product"}],"replies":[{"embeddable":true,"href":"https:\/\/baldumarket.lt\/lt\/wp-json\/wp\/v2\/comments?post=83218"}],"wp:featuredmedia":[{"embeddable":true,"href":"https:\/\/baldumarket.lt\/lt\/wp-json\/wp\/v2\/media\/83219"}],"wp:attachment":[{"href":"https:\/\/baldumarket.lt\/lt\/wp-json\/wp\/v2\/media?parent=83218"}],"wp:term":[{"taxonomy":"product_brand","embeddable":true,"href":"https:\/\/baldumarket.lt\/lt\/wp-json\/wp\/v2\/product_brand?post=83218"},{"taxonomy":"product_cat","embeddable":true,"href":"https:\/\/baldumarket.lt\/lt\/wp-json\/wp\/v2\/product_cat?post=83218"},{"taxonomy":"product_tag","embeddable":true,"href":"https:\/\/baldumarket.lt\/lt\/wp-json\/wp\/v2\/product_tag?post=83218"}],"curies":[{"name":"wp","href":"https:\/\/api.w.org\/{rel}","templated":true}]}}